{"id":23695,"date":"2026-02-10T20:45:30","date_gmt":"2026-02-10T19:45:30","guid":{"rendered":"https:\/\/boskienasiona.pl\/produkt\/nasiona-kwiatow-aksamitka-wielkokwiatowa-moonlight-pomaranczowa\/"},"modified":"2026-04-20T22:22:33","modified_gmt":"2026-04-20T20:22:33","slug":"nasiona-kwiatow-aksamitka-wielkokwiatowa-moonlight-pomaranczowa","status":"publish","type":"product","link":"https:\/\/boskienasiona.pl\/en\/produkt\/nasiona-kwiatow-aksamitka-wielkokwiatowa-moonlight-pomaranczowa\/","title":{"rendered":"NASIONA KWIAT\u00d3W Aksamitka wielkokwiatowa MOONLIGHT pomara\u0144czowa"},"content":{"rendered":"<section class=\"section\">\n<div class=\"item item-12\">\n<section class=\"text-item\">\n<h1>NASIONA KWIAT\u00d3W Aksamitka wielkokwiatowa MOONLIGHT pomara\u0144czowa<\/h1>\n<\/section><\/div>\n<\/section>\n<section class=\"section\">\n<div class=\"item item-6\">\n<section class=\"image-item\"><img decoding=\"async\" src=\"https:\/\/upload.cdn.baselinker.com\/products\/3018170\/60a9b9cb7c02a30c2c37a136b0f61ade.jpg\" \/><\/section>\n<\/p><\/div>\n<div class=\"item item-6\">\n<section class=\"text-item\">\n<p><b>Aksamitka wielkokwiatowa MOONLIGHT pomara\u0144czowa<\/b><\/p>\n<p>Tagetes erecta<\/p>\n<p>Ro\u015blina jednoroczna wysoko\u015bci 35-50cm, o du\u017cych, pe\u0142nych, pomara\u0144czowych kwiatach. Kwitnie obficie i r\u00f3wnomiernie od VI do mroz\u00f3w. Doskona\u0142a na rabaty, obw\u00f3dki, kwietniki oraz do skrzynek. Udaje si\u0119 na ka\u017cdej glebie ogrodowej. Wysiew w III-IV do inspektu lub<\/p>\n<p>w maju wprost do gruntu.<\/p>\n<p><b>\u2705Siew inspekt:<\/b> III \u2013 IV<\/p>\n<p><b>\u2705Siew grunt:<\/b> V<\/p>\n<p><b>\u2705Kwitnienie:<\/b> VI-X<\/p>\n<p><b>\u2705Rozstawa:<\/b> 40\u00d740 cm<\/p>\n<p><b>\u2705Wysoko\u015b\u0107:<\/b> 35-50 cm<\/p>\n<\/section><\/div>\n<\/section>\n<section class=\"section\">\n<div class=\"item item-6\">\n<section class=\"image-item\"><img decoding=\"async\" src=\"https:\/\/upload.cdn.baselinker.com\/products\/3018170\/2896bc83ed24c7ce0a18e11de90cd160.jpg\" \/><\/section>\n<\/p><\/div>\n<div class=\"item item-6\">\n<section class=\"text-item\">\n<p><b>SPRAWDZONA JAKO\u015a\u0106 NASION<\/b><\/p>\n<p>Oferowane przez nas nasiona s\u0105 testowane w&nbsp;<b>Laboratorium Oceny Nasion pod wzgl\u0119dem:<\/b><\/p>\n<p>\u2705<b>kie\u0142kowania<\/b><\/p>\n<p>\u2705<b>wilgotno\u015bci<\/b><\/p>\n<p>\u2705<b>czysto\u015bci ziarna<\/b><\/p>\n<p><b>Dzi\u0119ki czemu udost\u0119pniane nasiona s\u0105 \u015bci\u015ble wyselekcjonowane, tylko wysokiej klasy.<\/b><\/p>\n<p>Torebki zakupione na naszej aukcji s\u0105 w pe\u0142ni bezpieczne, posiadaj\u0105&nbsp;<b>dat\u0119 wa\u017cno\u015bci i nr partii na opakowaniu.<\/b>&nbsp;Gwarantujemy r\u00f3wnie\u017c jako\u015b\u0107 i oryginalno\u015b\u0107 produkt\u00f3w, poniewa\u017c s\u0105 nabywane bezpo\u015brednio od producenta.<\/p>\n<\/section><\/div>\n<\/section>\n<section class=\"section\">\n<div class=\"item item-12\">\n<section class=\"image-item\"><img decoding=\"async\" src=\"https:\/\/upload.cdn.baselinker.com\/products\/3018170\/868b4f44ba7c853ce1507c2026179cda.jpg\" \/><\/section>\n<\/p><\/div>\n<\/section>\n","protected":false},"excerpt":{"rendered":"<p>NASIONA KWIAT\u00d3W Aksamitka wielkokwiatowa MOONLIGHT pomara\u0144czowa Aksamitka wielkokwiatowa MOONLIGHT pomara\u0144czowa Tagetes erecta Ro\u015blina jednoroczna wysoko\u015bci 35-50cm, o du\u017cych, pe\u0142nych, pomara\u0144czowych kwiatach. Kwitnie obficie i r\u00f3wnomiernie od VI do mroz\u00f3w. Doskona\u0142a na rabaty, obw\u00f3dki, kwietniki oraz do skrzynek. Udaje si\u0119 na ka\u017cdej glebie ogrodowej. Wysiew w III-IV do inspektu lub w maju wprost do gruntu. \u2705Siew&#8230;<\/p>\n","protected":false},"featured_media":23698,"comment_status":"open","ping_status":"closed","template":"","meta":{"inline_featured_image":false},"product_cat":[134,162],"product_tag":[],"location":[],"class_list":{"0":"post-23695","1":"product","2":"type-product","3":"status-publish","4":"has-post-thumbnail","6":"product_cat-nasiona-kwiatow","7":"product_cat-nasiona","8":"nt-post-class","9":"","12":"excerpt-none","15":"first","16":"instock","17":"shipping-taxable","18":"purchasable","19":"product-type-simple"},"_links":{"self":[{"href":"https:\/\/boskienasiona.pl\/en\/wp-json\/wp\/v2\/product\/23695","targetHints":{"allow":["GET"]}}],"collection":[{"href":"https:\/\/boskienasiona.pl\/en\/wp-json\/wp\/v2\/product"}],"about":[{"href":"https:\/\/boskienasiona.pl\/en\/wp-json\/wp\/v2\/types\/product"}],"replies":[{"embeddable":true,"href":"https:\/\/boskienasiona.pl\/en\/wp-json\/wp\/v2\/comments?post=23695"}],"version-history":[{"count":1,"href":"https:\/\/boskienasiona.pl\/en\/wp-json\/wp\/v2\/product\/23695\/revisions"}],"predecessor-version":[{"id":23702,"href":"https:\/\/boskienasiona.pl\/en\/wp-json\/wp\/v2\/product\/23695\/revisions\/23702"}],"wp:featuredmedia":[{"embeddable":true,"href":"https:\/\/boskienasiona.pl\/en\/wp-json\/wp\/v2\/media\/23698"}],"wp:attachment":[{"href":"https:\/\/boskienasiona.pl\/en\/wp-json\/wp\/v2\/media?parent=23695"}],"wp:term":[{"taxonomy":"product_cat","embeddable":true,"href":"https:\/\/boskienasiona.pl\/en\/wp-json\/wp\/v2\/product_cat?post=23695"},{"taxonomy":"product_tag","embeddable":true,"href":"https:\/\/boskienasiona.pl\/en\/wp-json\/wp\/v2\/product_tag?post=23695"},{"taxonomy":"location","embeddable":true,"href":"https:\/\/boskienasiona.pl\/en\/wp-json\/wp\/v2\/location?post=23695"}],"curies":[{"name":"wp","href":"https:\/\/api.w.org\/{rel}","templated":true}]}}