{"id":23729,"date":"2026-02-10T20:45:45","date_gmt":"2026-02-10T19:45:45","guid":{"rendered":"https:\/\/boskienasiona.pl\/produkt\/nasiona-warzyw-pomidor-gruntowy-malinowy-olbrzym-bardzo-duzy-smaczny-owoc\/"},"modified":"2026-04-20T22:22:34","modified_gmt":"2026-04-20T20:22:34","slug":"nasiona-warzyw-pomidor-gruntowy-malinowy-olbrzym-bardzo-duzy-smaczny-owoc","status":"publish","type":"product","link":"https:\/\/boskienasiona.pl\/en\/produkt\/nasiona-warzyw-pomidor-gruntowy-malinowy-olbrzym-bardzo-duzy-smaczny-owoc\/","title":{"rendered":"Nasiona Warzyw Pomidor gruntowy MALINOWY OLBRZYM BARDZO DU\u017bY SMACZNY OWOC"},"content":{"rendered":"<section class=\"section\">\n<div class=\"item item-12\">\n<section class=\"text-item\">\n<h1>Nasiona Warzyw Pomidor gruntowy MALINOWY OLBRZYM BARDZO DU\u017bY &nbsp;SMACZNY OWOC<\/h1>\n<\/section><\/div>\n<\/section>\n<section class=\"section\">\n<div class=\"item item-6\">\n<section class=\"image-item\"><img decoding=\"async\" src=\"https:\/\/upload.cdn.baselinker.com\/products\/3018170\/ffa0cec70851264f5d91f9a62abc95aa.jpg\" \/><\/section>\n<\/p><\/div>\n<div class=\"item item-6\">\n<section class=\"text-item\">\n<p><b>Pomidor gruntowy MALINOWY OLBRZYM<\/b><\/p>\n<p>Pomidor gruntowy MALINOWY OLBRZYM. \u015arednio p\u00f3\u017ana, bardzo plenna odmiana pomidora malinowego przeznaczona do uprawy w gruncie przy palikach. Owoce bardzo du\u017ce o wadze powy\u017cej 200 g pokryte s\u0105 delikatna sk\u00f3rka. Mi\u0105\u017csz wyj\u0105tkowo smaczny, bardzo aromatyczny. Preferuje stanowisko dobrze nas\u0142onecznione i \u017cyzn\u0105 gleb\u0119. Wysiew do inspektu w III-IV, wysadzanie na miejsce stale w drugiej po\u0142owie V.<\/p>\n<\/section><\/div>\n<\/section>\n<section class=\"section\">\n<div class=\"item item-6\">\n<section class=\"image-item\"><img decoding=\"async\" src=\"https:\/\/upload.cdn.baselinker.com\/products\/3018170\/eb8dc4e821ced62dafab9934753c2da0.jpg\" \/><\/section>\n<\/p><\/div>\n<div class=\"item item-6\">\n<section class=\"text-item\">\n<p><b>SPRAWDZONA JAKO\u015a\u0106 NASION<\/b><\/p>\n<p>Oferowane przez nas nasiona s\u0105 testowane w&nbsp;<b>Laboratorium Oceny Nasion pod wzgl\u0119dem:<\/b><\/p>\n<p>\u2705<b>kie\u0142kowania<\/b><\/p>\n<p>\u2705<b>wilgotno\u015bci<\/b><\/p>\n<p>\u2705<b>czysto\u015bci ziarna<\/b><\/p>\n<p><b>Dzi\u0119ki czemu udost\u0119pniane nasiona s\u0105 \u015bci\u015ble wyselekcjonowane, tylko wysokiej klasy.<\/b><\/p>\n<p>Torebki zakupione na naszej aukcji s\u0105 w pe\u0142ni bezpieczne, posiadaj\u0105&nbsp;<b>dat\u0119 wa\u017cno\u015bci i nr partii na opakowaniu.<\/b>&nbsp;Gwarantujemy r\u00f3wnie\u017c jako\u015b\u0107 i oryginalno\u015b\u0107 produkt\u00f3w, poniewa\u017c s\u0105 nabywane bezpo\u015brednio od producenta.<\/p>\n<\/section><\/div>\n<\/section>\n<section class=\"section\">\n<div class=\"item item-12\">\n<section class=\"image-item\"><img decoding=\"async\" src=\"https:\/\/upload.cdn.baselinker.com\/products\/3018170\/3e9f7b0052ce3462ec16e4c0291dccc4.jpg\" \/><\/section>\n<\/p><\/div>\n<\/section>\n<section class=\"section\">\n<div class=\"item item-12\">\n<section class=\"image-item\"><img decoding=\"async\" src=\"https:\/\/upload.cdn.baselinker.com\/products\/3018170\/77f71455a49e2864a7f03464143ff118.jpg\" \/><\/section>\n<\/p><\/div>\n<\/section>\n","protected":false},"excerpt":{"rendered":"<p>Nasiona Warzyw Pomidor gruntowy MALINOWY OLBRZYM BARDZO DU\u017bY &nbsp;SMACZNY OWOC Pomidor gruntowy MALINOWY OLBRZYM Pomidor gruntowy MALINOWY OLBRZYM. \u015arednio p\u00f3\u017ana, bardzo plenna odmiana pomidora malinowego przeznaczona do uprawy w gruncie przy palikach. Owoce bardzo du\u017ce o wadze powy\u017cej 200 g pokryte s\u0105 delikatna sk\u00f3rka. Mi\u0105\u017csz wyj\u0105tkowo smaczny, bardzo aromatyczny. Preferuje stanowisko dobrze nas\u0142onecznione i \u017cyzn\u0105&#8230;<\/p>\n","protected":false},"featured_media":23725,"comment_status":"open","ping_status":"closed","template":"","meta":{"inline_featured_image":false},"product_cat":[126,162,185],"product_tag":[],"location":[],"class_list":{"0":"post-23729","1":"product","2":"type-product","3":"status-publish","4":"has-post-thumbnail","6":"product_cat-nasiona-warzyw","7":"product_cat-nasiona","8":"product_cat-nasiona-pomidorow","9":"nt-post-class","10":"","13":"excerpt-none","16":"first","17":"instock","18":"shipping-taxable","19":"purchasable","20":"product-type-simple"},"_links":{"self":[{"href":"https:\/\/boskienasiona.pl\/en\/wp-json\/wp\/v2\/product\/23729","targetHints":{"allow":["GET"]}}],"collection":[{"href":"https:\/\/boskienasiona.pl\/en\/wp-json\/wp\/v2\/product"}],"about":[{"href":"https:\/\/boskienasiona.pl\/en\/wp-json\/wp\/v2\/types\/product"}],"replies":[{"embeddable":true,"href":"https:\/\/boskienasiona.pl\/en\/wp-json\/wp\/v2\/comments?post=23729"}],"version-history":[{"count":0,"href":"https:\/\/boskienasiona.pl\/en\/wp-json\/wp\/v2\/product\/23729\/revisions"}],"wp:featuredmedia":[{"embeddable":true,"href":"https:\/\/boskienasiona.pl\/en\/wp-json\/wp\/v2\/media\/23725"}],"wp:attachment":[{"href":"https:\/\/boskienasiona.pl\/en\/wp-json\/wp\/v2\/media?parent=23729"}],"wp:term":[{"taxonomy":"product_cat","embeddable":true,"href":"https:\/\/boskienasiona.pl\/en\/wp-json\/wp\/v2\/product_cat?post=23729"},{"taxonomy":"product_tag","embeddable":true,"href":"https:\/\/boskienasiona.pl\/en\/wp-json\/wp\/v2\/product_tag?post=23729"},{"taxonomy":"location","embeddable":true,"href":"https:\/\/boskienasiona.pl\/en\/wp-json\/wp\/v2\/location?post=23729"}],"curies":[{"name":"wp","href":"https:\/\/api.w.org\/{rel}","templated":true}]}}