{"id":23809,"date":"2026-02-10T20:46:09","date_gmt":"2026-02-10T19:46:09","guid":{"rendered":"https:\/\/boskienasiona.pl\/produkt\/nasiona-warzyw-pomidor-gruntowy-yellowstone-bardzo-duze-owoce-do-250g\/"},"modified":"2026-04-01T22:22:32","modified_gmt":"2026-04-01T20:22:32","slug":"nasiona-warzyw-pomidor-gruntowy-yellowstone-bardzo-duze-owoce-do-250g","status":"publish","type":"product","link":"https:\/\/boskienasiona.pl\/en\/produkt\/nasiona-warzyw-pomidor-gruntowy-yellowstone-bardzo-duze-owoce-do-250g\/","title":{"rendered":"Nasiona warzyw Pomidor gruntowy YELLOWSTONE bardzo du\u017ce owoce do 250g"},"content":{"rendered":"<section class=\"section\">\n<div class=\"item item-12\">\n<section class=\"text-item\">\n<h1>Nasiona warzyw Pomidor gruntowy YELLOWSTONE bardzo du\u017ce owoce do 250g<\/h1>\n<\/section><\/div>\n<\/section>\n<section class=\"section\">\n<div class=\"item item-6\">\n<section class=\"image-item\"><img decoding=\"async\" src=\"https:\/\/upload.cdn.baselinker.com\/products\/3018170\/6f8c9171873597f8afc7c28ff474f7b5.jpg\" \/><\/section>\n<\/p><\/div>\n<div class=\"item item-6\">\n<section class=\"text-item\">\n<p><b>Pomidor gruntowy YELLOWSTONE<\/b><\/p>\n<p>SOLANUM LYCOPERSICUM L.<\/p>\n<p>\u015arednio p\u00f3\u017ana, wysoka, odmiana pomidora przeznaczonego do uprawy w gruncie lub pod os\u0142onami. Owoce bardzo du\u017ce (do 250 g), lekko \u017cebrowane, z intensywnie \u017c\u00f3\u0142t\u0105 sk\u00f3rk\u0105. Wyj\u0105tkowo aromatyczne i smaczne polecane s\u0105 do bezpo\u015bredniego spo\u017cycia, zapiekanek\u00a0i dekoracji potraw. Wysiew nasion do ciep\u0142ego inspektu od ko\u0144ca III do IV. Przesadzanie do gruntu w \u00bd V w rozstawie 70\u00d740-50 cm.<\/p>\n<p><b>\u2705Siew inspekt:<\/b> III\u2013IV<\/p>\n<p><b>\u2705Siew grunt:<\/b> V<\/p>\n<p><b>\u2705Przesadzanie do gruntu:<\/b> \u00bd V<\/p>\n<p><b>\u2705Zbi\u00f3r:<\/b> \u00bd VII-X<\/p>\n<p><b>\u2705Rozstawa:<\/b> 70\u00d740-50 cm<\/p>\n<\/section><\/div>\n<\/section>\n<section class=\"section\">\n<div class=\"item item-6\">\n<section class=\"image-item\"><img decoding=\"async\" src=\"https:\/\/upload.cdn.baselinker.com\/products\/3018170\/62686c8bff70101ec5f4dc1b271bea18.jpg\" \/><\/section>\n<\/p><\/div>\n<div class=\"item item-6\">\n<section class=\"text-item\">\n<p><b>SPRAWDZONA JAKO\u015a\u0106 NASION<\/b><\/p>\n<p>Oferowane przez nas nasiona s\u0105 testowane w&nbsp;<b>Laboratorium Oceny Nasion pod wzgl\u0119dem:<\/b><\/p>\n<p>\u2705<b>kie\u0142kowania<\/b><\/p>\n<p>\u2705<b>wilgotno\u015bci<\/b><\/p>\n<p>\u2705<b>czysto\u015bci ziarna<\/b><\/p>\n<p><b>Dzi\u0119ki czemu udost\u0119pniane nasiona s\u0105 \u015bci\u015ble wyselekcjonowane, tylko wysokiej klasy.<\/b><\/p>\n<p>Torebki zakupione na naszej aukcji s\u0105 w pe\u0142ni bezpieczne, posiadaj\u0105&nbsp;<b>dat\u0119 wa\u017cno\u015bci i nr partii na opakowaniu.<\/b>&nbsp;Gwarantujemy r\u00f3wnie\u017c jako\u015b\u0107 i oryginalno\u015b\u0107 produkt\u00f3w, poniewa\u017c s\u0105 nabywane bezpo\u015brednio od producenta.<\/p>\n<\/section><\/div>\n<\/section>\n<section class=\"section\">\n<div class=\"item item-12\">\n<section class=\"image-item\"><img decoding=\"async\" src=\"https:\/\/upload.cdn.baselinker.com\/products\/3018170\/10e7b0dde733816e32c1ec19342885a7.jpg\" \/><\/section>\n<\/p><\/div>\n<\/section>\n<section class=\"section\">\n<div class=\"item item-12\">\n<section class=\"image-item\"><img decoding=\"async\" src=\"https:\/\/upload.cdn.baselinker.com\/products\/3018170\/e9ee7277d00710972f27459fde45122a.jpg\" \/><\/section>\n<\/p><\/div>\n<\/section>\n<section class=\"section\">\n<div class=\"item item-12\">\n<section class=\"image-item\"><img decoding=\"async\" src=\"https:\/\/upload.cdn.baselinker.com\/products\/3018170\/d5f92937029c42c5ba8839f3497b7548.jpg\" \/><\/section>\n<\/p><\/div>\n<\/section>\n","protected":false},"excerpt":{"rendered":"<p>Nasiona warzyw Pomidor gruntowy YELLOWSTONE bardzo du\u017ce owoce do 250g Pomidor gruntowy YELLOWSTONE SOLANUM LYCOPERSICUM L. \u015arednio p\u00f3\u017ana, wysoka, odmiana pomidora przeznaczonego do uprawy w gruncie lub pod os\u0142onami. Owoce bardzo du\u017ce (do 250 g), lekko \u017cebrowane, z intensywnie \u017c\u00f3\u0142t\u0105 sk\u00f3rk\u0105. Wyj\u0105tkowo aromatyczne i smaczne polecane s\u0105 do bezpo\u015bredniego spo\u017cycia, zapiekanek\u00a0i dekoracji potraw. Wysiew nasion&#8230;<\/p>\n","protected":false},"featured_media":23805,"comment_status":"open","ping_status":"closed","template":"","meta":{"inline_featured_image":false},"product_cat":[126,162,185],"product_tag":[],"location":[],"class_list":{"0":"post-23809","1":"product","2":"type-product","3":"status-publish","4":"has-post-thumbnail","6":"product_cat-nasiona-warzyw","7":"product_cat-nasiona","8":"product_cat-nasiona-pomidorow","9":"nt-post-class","10":"","13":"excerpt-none","16":"first","17":"instock","18":"shipping-taxable","19":"purchasable","20":"product-type-simple"},"_links":{"self":[{"href":"https:\/\/boskienasiona.pl\/en\/wp-json\/wp\/v2\/product\/23809","targetHints":{"allow":["GET"]}}],"collection":[{"href":"https:\/\/boskienasiona.pl\/en\/wp-json\/wp\/v2\/product"}],"about":[{"href":"https:\/\/boskienasiona.pl\/en\/wp-json\/wp\/v2\/types\/product"}],"replies":[{"embeddable":true,"href":"https:\/\/boskienasiona.pl\/en\/wp-json\/wp\/v2\/comments?post=23809"}],"version-history":[{"count":0,"href":"https:\/\/boskienasiona.pl\/en\/wp-json\/wp\/v2\/product\/23809\/revisions"}],"wp:featuredmedia":[{"embeddable":true,"href":"https:\/\/boskienasiona.pl\/en\/wp-json\/wp\/v2\/media\/23805"}],"wp:attachment":[{"href":"https:\/\/boskienasiona.pl\/en\/wp-json\/wp\/v2\/media?parent=23809"}],"wp:term":[{"taxonomy":"product_cat","embeddable":true,"href":"https:\/\/boskienasiona.pl\/en\/wp-json\/wp\/v2\/product_cat?post=23809"},{"taxonomy":"product_tag","embeddable":true,"href":"https:\/\/boskienasiona.pl\/en\/wp-json\/wp\/v2\/product_tag?post=23809"},{"taxonomy":"location","embeddable":true,"href":"https:\/\/boskienasiona.pl\/en\/wp-json\/wp\/v2\/location?post=23809"}],"curies":[{"name":"wp","href":"https:\/\/api.w.org\/{rel}","templated":true}]}}