{"id":23810,"date":"2026-02-10T20:46:09","date_gmt":"2026-02-10T19:46:09","guid":{"rendered":"https:\/\/boskienasiona.pl\/produkt\/nasiona-kwiatow-dalia-zmienna-pomponowa-mix-doskonala-na-rabaty-kwietniki-2\/"},"modified":"2026-04-19T22:20:38","modified_gmt":"2026-04-19T20:20:38","slug":"nasiona-kwiatow-dalia-zmienna-pomponowa-mix-doskonala-na-rabaty-kwietniki-2","status":"publish","type":"product","link":"https:\/\/boskienasiona.pl\/en\/produkt\/nasiona-kwiatow-dalia-zmienna-pomponowa-mix-doskonala-na-rabaty-kwietniki-2\/","title":{"rendered":"NASIONA KWIAT\u00d3W Dalia zmienna pomponowa MIX Doskona\u0142a na rabaty, kwietniki,"},"content":{"rendered":"<section class=\"section\">\n<div class=\"item item-12\">\n<section class=\"text-item\">\n<h1>NASIONA KWIAT\u00d3W Dalia zmienna pomponowa MIX Doskona\u0142a na rabaty, kwietniki,<\/h1>\n<\/section><\/div>\n<\/section>\n<section class=\"section\">\n<div class=\"item item-6\">\n<section class=\"image-item\"><img decoding=\"async\" src=\"https:\/\/upload.cdn.baselinker.com\/products\/3018170\/675fce7675da2246eeeed0f319a6889e.jpg\" \/><\/section>\n<\/p><\/div>\n<div class=\"item item-6\">\n<section class=\"text-item\">\n<p><b>Dalia zmienna pomponowa MIX<\/b><\/p>\n<p>Dahlia pinnata<\/p>\n<p>Dekoracyjna ro\u015blina do 65 cm wysoko\u015bci. Kwiaty jedno- lub wielobarwne w szerokiej gamie barw. Doskona\u0142a na rabaty, kwietniki, obw\u00f3dki i do pojemnik\u00f3w. Wysiew nasion od II do IV<\/p>\n<p>w ogrzewanym inspekcie, w maju wprost do gruntu. Wysiew na g\u0142\u0119boko\u015b\u0107 6-7 mm, do ciep\u0142ego, wilgotnego pod\u0142o\u017ca. Karpy mog\u0105 by\u0107 przechowywane do kolejnego sezonu.<\/p>\n<p><b>\u2705Siew inspekt:<\/b> II-IV<\/p>\n<p><b>\u2705Siew grunt:<\/b> V<\/p>\n<p><b>\u2705Kwitnienie:<\/b> VII-IX<\/p>\n<p><b>\u2705Rozstawa:<\/b> 30x30cm<\/p>\n<p><b>\u2705Wysoko\u015b\u0107:<\/b> 30-65 cm<\/p>\n<\/section><\/div>\n<\/section>\n<section class=\"section\">\n<div class=\"item item-6\">\n<section class=\"image-item\"><img decoding=\"async\" src=\"https:\/\/upload.cdn.baselinker.com\/products\/3018170\/9543bce8ce00feb17f5a5669b5668e0f.jpg\" \/><\/section>\n<\/p><\/div>\n<div class=\"item item-6\">\n<section class=\"text-item\">\n<p><b>SPRAWDZONA JAKO\u015a\u0106 NASION<\/b><\/p>\n<p>Oferowane przez nas nasiona s\u0105 testowane w&nbsp;<b>Laboratorium Oceny Nasion pod wzgl\u0119dem:<\/b><\/p>\n<p>\u2705<b>kie\u0142kowania<\/b><\/p>\n<p>\u2705<b>wilgotno\u015bci<\/b><\/p>\n<p>\u2705<b>czysto\u015bci ziarna<\/b><\/p>\n<p><b>Dzi\u0119ki czemu udost\u0119pniane nasiona s\u0105 \u015bci\u015ble wyselekcjonowane, tylko wysokiej klasy.<\/b><\/p>\n<p>Torebki zakupione na naszej aukcji s\u0105 w pe\u0142ni bezpieczne, posiadaj\u0105&nbsp;<b>dat\u0119 wa\u017cno\u015bci i nr partii na opakowaniu.<\/b>&nbsp;Gwarantujemy r\u00f3wnie\u017c jako\u015b\u0107 i oryginalno\u015b\u0107 produkt\u00f3w, ponie<\/p>\n<\/section><\/div>\n<\/section>\n<section class=\"section\">\n<div class=\"item item-12\">\n<section class=\"image-item\"><img decoding=\"async\" src=\"https:\/\/upload.cdn.baselinker.com\/products\/3018170\/635ba7a24d7a833109a461d417c999a3.jpg\" \/><\/section>\n<\/p><\/div>\n<\/section>\n","protected":false},"excerpt":{"rendered":"<p>NASIONA KWIAT\u00d3W Dalia zmienna pomponowa MIX Doskona\u0142a na rabaty, kwietniki, Dalia zmienna pomponowa MIX Dahlia pinnata Dekoracyjna ro\u015blina do 65 cm wysoko\u015bci. Kwiaty jedno- lub wielobarwne w szerokiej gamie barw. Doskona\u0142a na rabaty, kwietniki, obw\u00f3dki i do pojemnik\u00f3w. Wysiew nasion od II do IV w ogrzewanym inspekcie, w maju wprost do gruntu. Wysiew na g\u0142\u0119boko\u015b\u0107&#8230;<\/p>\n","protected":false},"featured_media":23807,"comment_status":"open","ping_status":"closed","template":"","meta":{"inline_featured_image":false},"product_cat":[134,162],"product_tag":[],"location":[],"class_list":{"0":"post-23810","1":"product","2":"type-product","3":"status-publish","4":"has-post-thumbnail","6":"product_cat-nasiona-kwiatow","7":"product_cat-nasiona","8":"nt-post-class","9":"","12":"excerpt-none","15":"first","16":"instock","17":"shipping-taxable","18":"purchasable","19":"product-type-simple"},"_links":{"self":[{"href":"https:\/\/boskienasiona.pl\/en\/wp-json\/wp\/v2\/product\/23810","targetHints":{"allow":["GET"]}}],"collection":[{"href":"https:\/\/boskienasiona.pl\/en\/wp-json\/wp\/v2\/product"}],"about":[{"href":"https:\/\/boskienasiona.pl\/en\/wp-json\/wp\/v2\/types\/product"}],"replies":[{"embeddable":true,"href":"https:\/\/boskienasiona.pl\/en\/wp-json\/wp\/v2\/comments?post=23810"}],"version-history":[{"count":0,"href":"https:\/\/boskienasiona.pl\/en\/wp-json\/wp\/v2\/product\/23810\/revisions"}],"wp:featuredmedia":[{"embeddable":true,"href":"https:\/\/boskienasiona.pl\/en\/wp-json\/wp\/v2\/media\/23807"}],"wp:attachment":[{"href":"https:\/\/boskienasiona.pl\/en\/wp-json\/wp\/v2\/media?parent=23810"}],"wp:term":[{"taxonomy":"product_cat","embeddable":true,"href":"https:\/\/boskienasiona.pl\/en\/wp-json\/wp\/v2\/product_cat?post=23810"},{"taxonomy":"product_tag","embeddable":true,"href":"https:\/\/boskienasiona.pl\/en\/wp-json\/wp\/v2\/product_tag?post=23810"},{"taxonomy":"location","embeddable":true,"href":"https:\/\/boskienasiona.pl\/en\/wp-json\/wp\/v2\/location?post=23810"}],"curies":[{"name":"wp","href":"https:\/\/api.w.org\/{rel}","templated":true}]}}