{"id":23856,"date":"2026-02-10T20:46:21","date_gmt":"2026-02-10T19:46:21","guid":{"rendered":"https:\/\/boskienasiona.pl\/produkt\/nasiona-kwiatow-czysciec-welnisty-rozowy-bylina-miododajna-2\/"},"modified":"2026-04-19T22:20:40","modified_gmt":"2026-04-19T20:20:40","slug":"nasiona-kwiatow-czysciec-welnisty-rozowy-bylina-miododajna-2","status":"publish","type":"product","link":"https:\/\/boskienasiona.pl\/en\/produkt\/nasiona-kwiatow-czysciec-welnisty-rozowy-bylina-miododajna-2\/","title":{"rendered":"NASIONA KWIAT\u00d3W Czy\u015bciec we\u0142nisty r\u00f3\u017cowy bylina miododajna"},"content":{"rendered":"<section class=\"section\">\n<div class=\"item item-12\">\n<section class=\"text-item\">\n<h1>NASIONA KWIAT\u00d3W Czy\u015bciec we\u0142nisty r\u00f3\u017cowy bylina miododajna<\/h1>\n<\/section><\/div>\n<\/section>\n<section class=\"section\">\n<div class=\"item item-6\">\n<section class=\"image-item\"><img decoding=\"async\" src=\"https:\/\/upload.cdn.baselinker.com\/products\/3018170\/391ecbf4633eb8588f56f5916d56925b.jpg\" \/><\/section>\n<\/p><\/div>\n<div class=\"item item-6\">\n<section class=\"text-item\">\n<p><b>Czy\u015bciec we\u0142nisty r\u00f3\u017cowy<\/b><\/p>\n<p>Stachys Bysantina<\/p>\n<p>Dobrze znana bylina miododajna osi\u0105gaj\u0105ca wysoko\u015b\u0107 do 40 cm. Ceniona za przemi\u0142e<\/p>\n<p>w dotyku, srebrzy\u015bcie ow\u0142osione, g\u0119sto wyrastaj\u0105ce li\u015bcie i drobne kwiaty barwy r\u00f3\u017cowej zebrane w kutnerowate k\u0142osy, kt\u00f3re nadaj\u0105 si\u0119 do ci\u0119cia i zasuszania. \u0141adnie zadarnia przestrze\u0144, tworz\u0105c mi\u0119ciutki, srebrzysty dywan. To idealna ro\u015blina do kontrastowych zestawie\u0144 kolorystycznych na rabatach bylinowych, skalnikach i obw\u00f3dkach. Wymaga miejsc suchych, s\u0142onecznych i gleby gliniasto-piaszczystej, kamienistej. Nie potrzebuje silnego nawo\u017cenia i podlewania. Jest wystarczaj\u0105co mrozoodporny. Wysiew nasion IV w inspekcie lub w V-VI wprost do gruntu. Na miejsce sta\u0142e wysadza\u0107 w VII.<\/p>\n<p><b>\u2705Siew inspekt:<\/b> IV<\/p>\n<p><b>\u2705Siew grunt:<\/b> V-VI<\/p>\n<p><b>\u2705Kwitnienie:<\/b> VII-IX<\/p>\n<p><b>\u2705Rozstawa:<\/b> 20\u00d730 cm<\/p>\n<p><b>\u2705Wysoko\u015b\u0107:<\/b> 30-40 cm<\/p>\n<\/section><\/div>\n<\/section>\n<section class=\"section\">\n<div class=\"item item-6\">\n<section class=\"image-item\"><img decoding=\"async\" src=\"https:\/\/upload.cdn.baselinker.com\/products\/3018170\/ec31e7dd812a374f9c4c52c06ba87b0e.jpg\" \/><\/section>\n<\/p><\/div>\n<div class=\"item item-6\">\n<section class=\"text-item\">\n<p><b>SPRAWDZONA JAKO\u015a\u0106 NASION<\/b><\/p>\n<p>Oferowane przez nas nasiona s\u0105 testowane w&nbsp;<b>Laboratorium Oceny Nasion pod wzgl\u0119dem:<\/b><\/p>\n<p>\u2705<b>kie\u0142kowania<\/b><\/p>\n<p>\u2705<b>wilgotno\u015bci<\/b><\/p>\n<p>\u2705<b>czysto\u015bci ziarna<\/b><\/p>\n<p><b>Dzi\u0119ki czemu udost\u0119pniane nasiona s\u0105 \u015bci\u015ble wyselekcjonowane, tylko wysokiej klasy.<\/b><\/p>\n<p>Torebki zakupione na naszej aukcji s\u0105 w pe\u0142ni bezpieczne, posiadaj\u0105&nbsp;<b>dat\u0119 wa\u017cno\u015bci i nr partii na opakowaniu.<\/b>&nbsp;Gwarantujemy r\u00f3wnie\u017c jako\u015b\u0107 i oryginalno\u015b\u0107 produkt\u00f3w, ponie<\/p>\n<\/section><\/div>\n<\/section>\n<section class=\"section\">\n<div class=\"item item-12\">\n<section class=\"image-item\"><img decoding=\"async\" src=\"https:\/\/upload.cdn.baselinker.com\/products\/3018170\/5d8a32db4c4134c5308f698b21f325e7.jpg\" \/><\/section>\n<\/p><\/div>\n<\/section>\n","protected":false},"excerpt":{"rendered":"<p>NASIONA KWIAT\u00d3W Czy\u015bciec we\u0142nisty r\u00f3\u017cowy bylina miododajna Czy\u015bciec we\u0142nisty r\u00f3\u017cowy Stachys Bysantina Dobrze znana bylina miododajna osi\u0105gaj\u0105ca wysoko\u015b\u0107 do 40 cm. Ceniona za przemi\u0142e w dotyku, srebrzy\u015bcie ow\u0142osione, g\u0119sto wyrastaj\u0105ce li\u015bcie i drobne kwiaty barwy r\u00f3\u017cowej zebrane w kutnerowate k\u0142osy, kt\u00f3re nadaj\u0105 si\u0119 do ci\u0119cia i zasuszania. \u0141adnie zadarnia przestrze\u0144, tworz\u0105c mi\u0119ciutki, srebrzysty dywan. To&#8230;<\/p>\n","protected":false},"featured_media":23854,"comment_status":"open","ping_status":"closed","template":"","meta":{"inline_featured_image":false},"product_cat":[134,162],"product_tag":[],"location":[],"class_list":{"0":"post-23856","1":"product","2":"type-product","3":"status-publish","4":"has-post-thumbnail","6":"product_cat-nasiona-kwiatow","7":"product_cat-nasiona","8":"nt-post-class","9":"","12":"excerpt-none","15":"first","16":"instock","17":"shipping-taxable","18":"purchasable","19":"product-type-simple"},"_links":{"self":[{"href":"https:\/\/boskienasiona.pl\/en\/wp-json\/wp\/v2\/product\/23856","targetHints":{"allow":["GET"]}}],"collection":[{"href":"https:\/\/boskienasiona.pl\/en\/wp-json\/wp\/v2\/product"}],"about":[{"href":"https:\/\/boskienasiona.pl\/en\/wp-json\/wp\/v2\/types\/product"}],"replies":[{"embeddable":true,"href":"https:\/\/boskienasiona.pl\/en\/wp-json\/wp\/v2\/comments?post=23856"}],"version-history":[{"count":0,"href":"https:\/\/boskienasiona.pl\/en\/wp-json\/wp\/v2\/product\/23856\/revisions"}],"wp:featuredmedia":[{"embeddable":true,"href":"https:\/\/boskienasiona.pl\/en\/wp-json\/wp\/v2\/media\/23854"}],"wp:attachment":[{"href":"https:\/\/boskienasiona.pl\/en\/wp-json\/wp\/v2\/media?parent=23856"}],"wp:term":[{"taxonomy":"product_cat","embeddable":true,"href":"https:\/\/boskienasiona.pl\/en\/wp-json\/wp\/v2\/product_cat?post=23856"},{"taxonomy":"product_tag","embeddable":true,"href":"https:\/\/boskienasiona.pl\/en\/wp-json\/wp\/v2\/product_tag?post=23856"},{"taxonomy":"location","embeddable":true,"href":"https:\/\/boskienasiona.pl\/en\/wp-json\/wp\/v2\/location?post=23856"}],"curies":[{"name":"wp","href":"https:\/\/api.w.org\/{rel}","templated":true}]}}