{"id":23873,"date":"2026-02-10T20:46:26","date_gmt":"2026-02-10T19:46:26","guid":{"rendered":"https:\/\/boskienasiona.pl\/produkt\/nasiona-kwiatow-czarnuszka-damascenska-dlugo-kwitnaca-roslina-miododajna\/"},"modified":"2026-04-21T14:23:23","modified_gmt":"2026-04-21T12:23:23","slug":"nasiona-kwiatow-czarnuszka-damascenska-dlugo-kwitnaca-roslina-miododajna","status":"publish","type":"product","link":"https:\/\/boskienasiona.pl\/en\/produkt\/nasiona-kwiatow-czarnuszka-damascenska-dlugo-kwitnaca-roslina-miododajna\/","title":{"rendered":"NASIONA KWIAT\u00d3W Czarnuszka damasce\u0144ska d\u0142ugo kwitn\u0105ca ro\u015blina miododajna"},"content":{"rendered":"<section class=\"section\">\n<div class=\"item item-12\">\n<section class=\"text-item\">\n<h1>Nasiona Czarnuszka damasce\u0144ska 2g DE80016020202084 TORAF&nbsp;<\/h1>\n<\/section><\/div>\n<\/section>\n<section class=\"section\">\n<div class=\"item item-6\">\n<section class=\"image-item\"><img decoding=\"async\" src=\"https:\/\/upload.cdn.baselinker.com\/products\/3018170\/5da65b581c5e5541d4ee570adf507ed4.jpg\" \/><\/section>\n<\/p><\/div>\n<div class=\"item item-6\">\n<section class=\"text-item\">\n<p><b>Czarnuszka damasce\u0144ska MIX \u2013 Nasiona Czarnuszki<\/b><\/p>\n<p>Nigella damascena<\/p>\n<p>Ma\u0142o wymagaj\u0105ca i d\u0142ugo kwitn\u0105ca ro\u015blina miododajna. Kwiaty pojedyncze lub pe\u0142ne<\/p>\n<p>z zielonymi postrz\u0119pionymi przykwiatkami. Zastosowanie na obw\u00f3dki, rabaty do ogrod\u00f3w naturalistycznych. Ozdobne owoce i kwiaty nadaj\u0105 si\u0119 do zasuszania. Nasiona czarnuszki maj\u0105 ostry, korzenny smak i jako przyprawa s\u0105 dodawane do ser\u00f3w, pieczywa, i t\u0142ustych mi\u0119s. Maj\u0105 dzia\u0142anie \u017c\u00f3\u0142ciop\u0119dne, moczop\u0119dne, wiatrop\u0119dne, przeciwbakteryjne, przeciwb\u00f3lowe, przeciwrobacze, przeciwzapalne, grzybob\u00f3jcze. Li\u015bcie mog\u0105 by\u0107 wykorzystywane jako przyprawa \u2013 maj\u0105 wi\u0119cej witaminy C, ni\u017c natka pietruszki. Dobrze ro\u015bnie na ka\u017cdej glebie ogrodowej. Wysiew na g\u0142\u0119boko\u015b\u0107 1cm bezpo\u015brednio do gruntu IV-V.<\/p>\n<\/section><\/div>\n<\/section>\n<section class=\"section\">\n<div class=\"item item-6\">\n<section class=\"image-item\"><img decoding=\"async\" src=\"https:\/\/upload.cdn.baselinker.com\/products\/3018170\/8526c4c83561c4f6fd945d7795fdf23c.jpg\" \/><\/section>\n<\/p><\/div>\n<div class=\"item item-6\">\n<section class=\"text-item\">\n<p><b>SPRAWDZONA JAKO\u015a\u0106 NASION<\/b><\/p>\n<p>Oferowane przez nas nasiona s\u0105 testowane w&nbsp;<b>Laboratorium Oceny Nasion pod wzgl\u0119dem:<\/b><\/p>\n<p>\u2705<b>kie\u0142kowania<\/b><\/p>\n<p>\u2705<b>wilgotno\u015bci<\/b><\/p>\n<p>\u2705<b>czysto\u015bci ziarna<\/b><\/p>\n<p><b>Dzi\u0119ki czemu udost\u0119pniane nasiona s\u0105 \u015bci\u015ble wyselekcjonowane, tylko wysokiej klasy.<\/b><\/p>\n<p>Torebki zakupione na naszej aukcji s\u0105 w pe\u0142ni bezpieczne, posiadaj\u0105&nbsp;<b>dat\u0119 wa\u017cno\u015bci i nr partii na opakowaniu.<\/b>&nbsp;Gwarantujemy r\u00f3wnie\u017c jako\u015b\u0107 i oryginalno\u015b\u0107 produkt\u00f3w, ponie<\/p>\n<\/section><\/div>\n<\/section>\n<section class=\"section\">\n<div class=\"item item-12\">\n<section class=\"image-item\"><img decoding=\"async\" src=\"https:\/\/upload.cdn.baselinker.com\/products\/3018170\/efadb6a28ccf0eac17b6dd58765db48a.jpg\" \/><\/section>\n<\/p><\/div>\n<\/section>\n","protected":false},"excerpt":{"rendered":"<p>Nasiona Czarnuszka damasce\u0144ska 2g DE80016020202084 TORAF&nbsp; Czarnuszka damasce\u0144ska MIX \u2013 Nasiona Czarnuszki Nigella damascena Ma\u0142o wymagaj\u0105ca i d\u0142ugo kwitn\u0105ca ro\u015blina miododajna. Kwiaty pojedyncze lub pe\u0142ne z zielonymi postrz\u0119pionymi przykwiatkami. Zastosowanie na obw\u00f3dki, rabaty do ogrod\u00f3w naturalistycznych. Ozdobne owoce i kwiaty nadaj\u0105 si\u0119 do zasuszania. Nasiona czarnuszki maj\u0105 ostry, korzenny smak i jako przyprawa s\u0105 dodawane&#8230;<\/p>\n","protected":false},"featured_media":23878,"comment_status":"open","ping_status":"closed","template":"","meta":{"inline_featured_image":false},"product_cat":[134,162],"product_tag":[],"location":[],"class_list":{"0":"post-23873","1":"product","2":"type-product","3":"status-publish","4":"has-post-thumbnail","6":"product_cat-nasiona-kwiatow","7":"product_cat-nasiona","8":"nt-post-class","9":"","12":"excerpt-none","15":"first","16":"instock","17":"shipping-taxable","18":"purchasable","19":"product-type-simple"},"_links":{"self":[{"href":"https:\/\/boskienasiona.pl\/en\/wp-json\/wp\/v2\/product\/23873","targetHints":{"allow":["GET"]}}],"collection":[{"href":"https:\/\/boskienasiona.pl\/en\/wp-json\/wp\/v2\/product"}],"about":[{"href":"https:\/\/boskienasiona.pl\/en\/wp-json\/wp\/v2\/types\/product"}],"replies":[{"embeddable":true,"href":"https:\/\/boskienasiona.pl\/en\/wp-json\/wp\/v2\/comments?post=23873"}],"version-history":[{"count":1,"href":"https:\/\/boskienasiona.pl\/en\/wp-json\/wp\/v2\/product\/23873\/revisions"}],"predecessor-version":[{"id":23882,"href":"https:\/\/boskienasiona.pl\/en\/wp-json\/wp\/v2\/product\/23873\/revisions\/23882"}],"wp:featuredmedia":[{"embeddable":true,"href":"https:\/\/boskienasiona.pl\/en\/wp-json\/wp\/v2\/media\/23878"}],"wp:attachment":[{"href":"https:\/\/boskienasiona.pl\/en\/wp-json\/wp\/v2\/media?parent=23873"}],"wp:term":[{"taxonomy":"product_cat","embeddable":true,"href":"https:\/\/boskienasiona.pl\/en\/wp-json\/wp\/v2\/product_cat?post=23873"},{"taxonomy":"product_tag","embeddable":true,"href":"https:\/\/boskienasiona.pl\/en\/wp-json\/wp\/v2\/product_tag?post=23873"},{"taxonomy":"location","embeddable":true,"href":"https:\/\/boskienasiona.pl\/en\/wp-json\/wp\/v2\/location?post=23873"}],"curies":[{"name":"wp","href":"https:\/\/api.w.org\/{rel}","templated":true}]}}