{"id":23889,"date":"2026-02-10T20:46:31","date_gmt":"2026-02-10T19:46:31","guid":{"rendered":"https:\/\/boskienasiona.pl\/produkt\/nasiona-kwiatow-cynia-daliowa-karlowa-liliput-mix-doskonala-do-pojemnikow\/"},"modified":"2026-04-18T22:18:55","modified_gmt":"2026-04-18T20:18:55","slug":"nasiona-kwiatow-cynia-daliowa-karlowa-liliput-mix-doskonala-do-pojemnikow","status":"publish","type":"product","link":"https:\/\/boskienasiona.pl\/en\/produkt\/nasiona-kwiatow-cynia-daliowa-karlowa-liliput-mix-doskonala-do-pojemnikow\/","title":{"rendered":"NASIONA KWIAT\u00d3W Cynia daliowa kar\u0142owa LILIPUT MIX Doskona\u0142a do pojemnik\u00f3w"},"content":{"rendered":"<section class=\"section\">\n<div class=\"item item-12\">\n<section class=\"text-item\">\n<h1>NASIONA KWIAT\u00d3W Cynia daliowa kar\u0142owa LILIPUT MIX Doskona\u0142a do pojemnik\u00f3w<\/h1>\n<\/section><\/div>\n<\/section>\n<section class=\"section\">\n<div class=\"item item-6\">\n<section class=\"image-item\"><img decoding=\"async\" src=\"https:\/\/upload.cdn.baselinker.com\/products\/3018170\/81f136638c2f638fd6d089fbfc3a0dee.jpg\" \/><\/section>\n<\/p><\/div>\n<div class=\"item item-6\">\n<section class=\"text-item\">\n<p><b>Cynia daliowa kar\u0142owa LILIPUT MIX<\/b><\/p>\n<p>Zinnia elegans dahl. fl.pl<\/p>\n<p>Dekoracyjna ro\u015blina jednoroczna, odmiana kar\u0142owa do 25-40 cm wysoko\u015bci. Kwiaty<\/p>\n<p>w szerokiej gamie barw. Doskona\u0142a do pojemnik\u00f3w, na obw\u00f3dki, rabaty i kwietniki.<\/p>\n<p>Wysiew nasion od III do IV pod os\u0142ony, w V wprost do gruntu.<\/p>\n<p><b>\u2705Siew inspekt:<\/b> III\u2013IV<\/p>\n<p><b>\u2705Siew grunt:<\/b> V<\/p>\n<p><b>\u2705Kwitnienie:<\/b> VII\u2013X<\/p>\n<p><b>\u2705Rozstawa:<\/b> 30\u00d740 cm<\/p>\n<p><b>\u2705Wysoko\u015b\u0107:<\/b> 25-40 cm<\/p>\n<\/section><\/div>\n<\/section>\n<section class=\"section\">\n<div class=\"item item-6\">\n<section class=\"image-item\"><img decoding=\"async\" src=\"https:\/\/upload.cdn.baselinker.com\/products\/3018170\/e742148de79cb2b973842d3531d8637d.jpg\" \/><\/section>\n<\/p><\/div>\n<div class=\"item item-6\">\n<section class=\"text-item\">\n<p><b>SPRAWDZONA JAKO\u015a\u0106 NASION<\/b><\/p>\n<p>Oferowane przez nas nasiona s\u0105 testowane w&nbsp;<b>Laboratorium Oceny Nasion pod wzgl\u0119dem:<\/b><\/p>\n<p>\u2705<b>kie\u0142kowania<\/b><\/p>\n<p>\u2705<b>wilgotno\u015bci<\/b><\/p>\n<p>\u2705<b>czysto\u015bci ziarna<\/b><\/p>\n<p><b>Dzi\u0119ki czemu udost\u0119pniane nasiona s\u0105 \u015bci\u015ble wyselekcjonowane, tylko wysokiej klasy.<\/b><\/p>\n<p>Torebki zakupione na naszej aukcji s\u0105 w pe\u0142ni bezpieczne, posiadaj\u0105&nbsp;<b>dat\u0119 wa\u017cno\u015bci i nr partii na opakowaniu.<\/b>&nbsp;Gwarantujemy r\u00f3wnie\u017c jako\u015b\u0107 i oryginalno\u015b\u0107 produkt\u00f3w, ponie<\/p>\n<\/section><\/div>\n<\/section>\n<section class=\"section\">\n<div class=\"item item-12\">\n<section class=\"image-item\"><img decoding=\"async\" src=\"https:\/\/upload.cdn.baselinker.com\/products\/3018170\/78267625568b4f23e8d8f4dfe36809e2.jpg\" \/><\/section>\n<\/p><\/div>\n<\/section>\n","protected":false},"excerpt":{"rendered":"<p>NASIONA KWIAT\u00d3W Cynia daliowa kar\u0142owa LILIPUT MIX Doskona\u0142a do pojemnik\u00f3w Cynia daliowa kar\u0142owa LILIPUT MIX Zinnia elegans dahl. fl.pl Dekoracyjna ro\u015blina jednoroczna, odmiana kar\u0142owa do 25-40 cm wysoko\u015bci. Kwiaty w szerokiej gamie barw. Doskona\u0142a do pojemnik\u00f3w, na obw\u00f3dki, rabaty i kwietniki. Wysiew nasion od III do IV pod os\u0142ony, w V wprost do gruntu. \u2705Siew&#8230;<\/p>\n","protected":false},"featured_media":23901,"comment_status":"open","ping_status":"closed","template":"","meta":{"inline_featured_image":false},"product_cat":[134,162],"product_tag":[],"location":[],"class_list":{"0":"post-23889","1":"product","2":"type-product","3":"status-publish","4":"has-post-thumbnail","6":"product_cat-nasiona-kwiatow","7":"product_cat-nasiona","8":"nt-post-class","9":"","12":"excerpt-none","15":"first","16":"instock","17":"shipping-taxable","18":"purchasable","19":"product-type-simple"},"_links":{"self":[{"href":"https:\/\/boskienasiona.pl\/en\/wp-json\/wp\/v2\/product\/23889","targetHints":{"allow":["GET"]}}],"collection":[{"href":"https:\/\/boskienasiona.pl\/en\/wp-json\/wp\/v2\/product"}],"about":[{"href":"https:\/\/boskienasiona.pl\/en\/wp-json\/wp\/v2\/types\/product"}],"replies":[{"embeddable":true,"href":"https:\/\/boskienasiona.pl\/en\/wp-json\/wp\/v2\/comments?post=23889"}],"version-history":[{"count":1,"href":"https:\/\/boskienasiona.pl\/en\/wp-json\/wp\/v2\/product\/23889\/revisions"}],"predecessor-version":[{"id":23905,"href":"https:\/\/boskienasiona.pl\/en\/wp-json\/wp\/v2\/product\/23889\/revisions\/23905"}],"wp:featuredmedia":[{"embeddable":true,"href":"https:\/\/boskienasiona.pl\/en\/wp-json\/wp\/v2\/media\/23901"}],"wp:attachment":[{"href":"https:\/\/boskienasiona.pl\/en\/wp-json\/wp\/v2\/media?parent=23889"}],"wp:term":[{"taxonomy":"product_cat","embeddable":true,"href":"https:\/\/boskienasiona.pl\/en\/wp-json\/wp\/v2\/product_cat?post=23889"},{"taxonomy":"product_tag","embeddable":true,"href":"https:\/\/boskienasiona.pl\/en\/wp-json\/wp\/v2\/product_tag?post=23889"},{"taxonomy":"location","embeddable":true,"href":"https:\/\/boskienasiona.pl\/en\/wp-json\/wp\/v2\/location?post=23889"}],"curies":[{"name":"wp","href":"https:\/\/api.w.org\/{rel}","templated":true}]}}