{"id":23890,"date":"2026-02-10T20:46:31","date_gmt":"2026-02-10T19:46:31","guid":{"rendered":"https:\/\/boskienasiona.pl\/produkt\/nasiona-warzyw-pomidor-scatolone-owoce-miesiste-na-przeciery-pasty-ketchupy\/"},"modified":"2026-04-19T22:20:42","modified_gmt":"2026-04-19T20:20:42","slug":"nasiona-warzyw-pomidor-scatolone-owoce-miesiste-na-przeciery-pasty-ketchupy","status":"publish","type":"product","link":"https:\/\/boskienasiona.pl\/en\/produkt\/nasiona-warzyw-pomidor-scatolone-owoce-miesiste-na-przeciery-pasty-ketchupy\/","title":{"rendered":"Nasiona warzyw Pomidor SCATOLONE owoce mi\u0119siste na przeciery pasty ketchupy"},"content":{"rendered":"<section class=\"section\">\n<div class=\"item item-12\">\n<section class=\"text-item\">\n<h1>Nasiona warzyw Pomidor SCATOLONE owoce mi\u0119siste na przeciery pasty ketchupy<\/h1>\n<\/section><\/div>\n<\/section>\n<section class=\"section\">\n<div class=\"item item-6\">\n<section class=\"image-item\"><img decoding=\"async\" src=\"https:\/\/upload.cdn.baselinker.com\/products\/3018170\/f5ee99bb24f47749330af45bb624321a.jpg\" \/><\/section>\n<\/p><\/div>\n<div class=\"item item-6\">\n<section class=\"text-item\">\n<p><b>Pomidor gruntowy SCATOLONE 3<\/b><\/p>\n<p>SOLANUM &nbsp;LYCOPERSICUM &nbsp;L.<\/p>\n<p>Odmiana wysoka, przeznaczona do uprawy w gruncie przy palikach lub pod os\u0142onami. Tworzy du\u017ce, cylindryczne, sto\u017ckowate owoce o wadze do 150 g. Owoce mi\u0119siste, czerwone, z wysok\u0105 zawarto\u015bci\u0105 suchej masy i ma\u0142ej ilo\u015bci nasion w mi\u0105\u017cszu, przez co idealnie nadaj\u0119 si\u0119 na przeciery, pasty, ketchupy. Charakteryzuj\u0105 si\u0119 bogatym smakiem i aromatem. Wysiew od III do pocz\u0105tku IV do wielodoniczek pod os\u0142onami. Wysadzi\u0107 do gruntu w po\u0142owie V.<\/p>\n<p><b>\u2705Siew inspekt:<\/b> III\u2013V<\/p>\n<p><b>\u2705Przesadzenie:<\/b> \u00bd V<\/p>\n<p><b>\u2705Zbi\u00f3r:<\/b> VII-IX<\/p>\n<p><b>\u2705<\/b><b>Rozstawa:<\/b> 60\u00d750 cm<\/p>\n<\/section><\/div>\n<\/section>\n<section class=\"section\">\n<div class=\"item item-6\">\n<section class=\"image-item\"><img decoding=\"async\" src=\"https:\/\/upload.cdn.baselinker.com\/products\/3018170\/762f1632fc1e272ea667ff9a0681b10c.jpg\" \/><\/section>\n<\/p><\/div>\n<div class=\"item item-6\">\n<section class=\"text-item\">\n<p><b>SPRAWDZONA JAKO\u015a\u0106 NASION<\/b><\/p>\n<p>Oferowane przez nas nasiona s\u0105 testowane w\u00a0<b>Laboratorium Oceny Nasion pod wzgl\u0119dem:<\/b><\/p>\n<p>\u2705<b>kie\u0142kowania<\/b><\/p>\n<p>\u2705<b>wilgotno\u015bci<\/b><\/p>\n<p>\u2705<b>czysto\u015bci ziarna<\/b><\/p>\n<p><b>Dzi\u0119ki czemu udost\u0119pniane nasiona s\u0105 \u015bci\u015ble wyselekcjonowane, tylko wysokiej klasy.<\/b><\/p>\n<p>Torebki zakupione na naszej aukcji s\u0105 w pe\u0142ni bezpieczne, posiadaj\u0105\u00a0<b>dat\u0119 wa\u017cno\u015bci i nr partii na opakowaniu.<\/b>\u00a0Gwarantujemy r\u00f3wnie\u017c jako\u015b\u0107 i oryginalno\u015b\u0107 produkt\u00f3w, poniewa\u017c s\u0105 nabywane bezpo\u015brednio od producenta.<\/p>\n<\/section><\/div>\n<\/section>\n<section class=\"section\">\n<div class=\"item item-12\">\n<section class=\"image-item\"><img decoding=\"async\" src=\"https:\/\/upload.cdn.baselinker.com\/products\/3018170\/45de1c56ec3700aa12c2b504b4ffe265.jpg\" \/><\/section>\n<\/p><\/div>\n<\/section>\n<section class=\"section\">\n<div class=\"item item-12\">\n<section class=\"image-item\"><img decoding=\"async\" src=\"https:\/\/upload.cdn.baselinker.com\/products\/3018170\/fe52482b9a93ea055ecc33284875c94c.jpg\" \/><\/section>\n<\/p><\/div>\n<\/section>\n<section class=\"section\">\n<div class=\"item item-12\">\n<section class=\"image-item\"><img decoding=\"async\" src=\"https:\/\/upload.cdn.baselinker.com\/products\/3018170\/5163994c541875e2925b0a1448aa92a1.jpg\" \/><\/section>\n<\/p><\/div>\n<\/section>\n<section class=\"section\">\n<div class=\"item item-12\">\n<section class=\"image-item\"><img decoding=\"async\" src=\"https:\/\/upload.cdn.baselinker.com\/products\/3018170\/9a70eacdffc40945d127166e42c828c7.jpg\" \/><\/section>\n<\/p><\/div>\n<\/section>\n","protected":false},"excerpt":{"rendered":"<p>Nasiona warzyw Pomidor SCATOLONE owoce mi\u0119siste na przeciery pasty ketchupy Pomidor gruntowy SCATOLONE 3 SOLANUM &nbsp;LYCOPERSICUM &nbsp;L. Odmiana wysoka, przeznaczona do uprawy w gruncie przy palikach lub pod os\u0142onami. Tworzy du\u017ce, cylindryczne, sto\u017ckowate owoce o wadze do 150 g. Owoce mi\u0119siste, czerwone, z wysok\u0105 zawarto\u015bci\u0105 suchej masy i ma\u0142ej ilo\u015bci nasion w mi\u0105\u017cszu, przez co&#8230;<\/p>\n","protected":false},"featured_media":23887,"comment_status":"open","ping_status":"closed","template":"","meta":{"inline_featured_image":false},"product_cat":[126,162,185],"product_tag":[],"location":[],"class_list":{"0":"post-23890","1":"product","2":"type-product","3":"status-publish","4":"has-post-thumbnail","6":"product_cat-nasiona-warzyw","7":"product_cat-nasiona","8":"product_cat-nasiona-pomidorow","9":"nt-post-class","10":"","13":"excerpt-none","16":"first","17":"instock","18":"shipping-taxable","19":"purchasable","20":"product-type-simple"},"_links":{"self":[{"href":"https:\/\/boskienasiona.pl\/en\/wp-json\/wp\/v2\/product\/23890","targetHints":{"allow":["GET"]}}],"collection":[{"href":"https:\/\/boskienasiona.pl\/en\/wp-json\/wp\/v2\/product"}],"about":[{"href":"https:\/\/boskienasiona.pl\/en\/wp-json\/wp\/v2\/types\/product"}],"replies":[{"embeddable":true,"href":"https:\/\/boskienasiona.pl\/en\/wp-json\/wp\/v2\/comments?post=23890"}],"version-history":[{"count":0,"href":"https:\/\/boskienasiona.pl\/en\/wp-json\/wp\/v2\/product\/23890\/revisions"}],"wp:featuredmedia":[{"embeddable":true,"href":"https:\/\/boskienasiona.pl\/en\/wp-json\/wp\/v2\/media\/23887"}],"wp:attachment":[{"href":"https:\/\/boskienasiona.pl\/en\/wp-json\/wp\/v2\/media?parent=23890"}],"wp:term":[{"taxonomy":"product_cat","embeddable":true,"href":"https:\/\/boskienasiona.pl\/en\/wp-json\/wp\/v2\/product_cat?post=23890"},{"taxonomy":"product_tag","embeddable":true,"href":"https:\/\/boskienasiona.pl\/en\/wp-json\/wp\/v2\/product_tag?post=23890"},{"taxonomy":"location","embeddable":true,"href":"https:\/\/boskienasiona.pl\/en\/wp-json\/wp\/v2\/location?post=23890"}],"curies":[{"name":"wp","href":"https:\/\/api.w.org\/{rel}","templated":true}]}}