{"id":23912,"date":"2026-02-10T20:46:38","date_gmt":"2026-02-10T19:46:38","guid":{"rendered":"https:\/\/boskienasiona.pl\/produkt\/nasiona-kwiatow-cynia-daliowa-zolta-na-wyzsze-rabaty-i-na-kwiat-ciety\/"},"modified":"2026-04-10T14:22:17","modified_gmt":"2026-04-10T12:22:17","slug":"nasiona-kwiatow-cynia-daliowa-zolta-na-wyzsze-rabaty-i-na-kwiat-ciety","status":"publish","type":"product","link":"https:\/\/boskienasiona.pl\/en\/produkt\/nasiona-kwiatow-cynia-daliowa-zolta-na-wyzsze-rabaty-i-na-kwiat-ciety\/","title":{"rendered":"NASIONA KWIAT\u00d3W Cynia daliowa \u017c\u00f3\u0142ta na wy\u017csze rabaty i na kwiat ci\u0119ty"},"content":{"rendered":"<section class=\"section\">\n<div class=\"item item-12\">\n<section class=\"text-item\">\n<h1>NASIONA KWIAT\u00d3W Cynia daliowa \u017c\u00f3\u0142ta na wy\u017csze rabaty i na kwiat ci\u0119ty<\/h1>\n<\/section><\/div>\n<\/section>\n<section class=\"section\">\n<div class=\"item item-6\">\n<section class=\"image-item\"><img decoding=\"async\" src=\"https:\/\/upload.cdn.baselinker.com\/products\/3018170\/aa3e95edccfd5c52c98df27b921a4540.jpg\" \/><\/section>\n<\/p><\/div>\n<div class=\"item item-6\">\n<section class=\"text-item\">\n<p><b>Cynia daliowa \u017c\u00f3\u0142ta<\/b><\/p>\n<p>Ziania elegans dahl.fl.pl.<\/p>\n<p>Ro\u015blina jednoroczna osi\u0105gaj\u0105ca do 80 cm wysoko\u015bci. Kwiaty okaza\u0142e, \u017c\u00f3\u0142te, pe\u0142ne. Doskona\u0142a na wy\u017csze rabaty, do nasadze\u0144 w grupach i na kwiat ci\u0119ty. Pi\u0119knie kwitn\u0105 od lipca do p\u00f3\u017anej jesieni. Wysiew nasion w III-IV do ciep\u0142ego inspektu lub V wprost do gruntu.<\/p>\n<p><b>\u2705Siew inspekt:<\/b> III\u2013IV<\/p>\n<p><b>\u2705Siew grunt:<\/b> V<\/p>\n<p><b>\u2705Kwitnienie:<\/b> VII-X<\/p>\n<p><b>\u2705Rozstawa:<\/b> 30\u00d740 cm<\/p>\n<p><b>\u2705Wysoko\u015b\u0107:<\/b> 60-80 cm<\/p>\n<\/section><\/div>\n<\/section>\n<section class=\"section\">\n<div class=\"item item-6\">\n<section class=\"image-item\"><img decoding=\"async\" src=\"https:\/\/upload.cdn.baselinker.com\/products\/3018170\/ba074bfbcc941f36cb1308b13047d92a.jpg\" \/><\/section>\n<\/p><\/div>\n<div class=\"item item-6\">\n<section class=\"text-item\">\n<p><b>SPRAWDZONA JAKO\u015a\u0106 NASION<\/b><\/p>\n<p>Oferowane przez nas nasiona s\u0105 testowane w&nbsp;<b>Laboratorium Oceny Nasion pod wzgl\u0119dem:<\/b><\/p>\n<p>\u2705<b>kie\u0142kowania<\/b><\/p>\n<p>\u2705<b>wilgotno\u015bci<\/b><\/p>\n<p>\u2705<b>czysto\u015bci ziarna<\/b><\/p>\n<p><b>Dzi\u0119ki czemu udost\u0119pniane nasiona s\u0105 \u015bci\u015ble wyselekcjonowane, tylko wysokiej klasy.<\/b><\/p>\n<p>Torebki zakupione na naszej aukcji s\u0105 w pe\u0142ni bezpieczne, posiadaj\u0105&nbsp;<b>dat\u0119 wa\u017cno\u015bci i nr partii na opakowaniu.<\/b>&nbsp;Gwarantujemy r\u00f3wnie\u017c jako\u015b\u0107 i oryginalno\u015b\u0107 produkt\u00f3w, ponie<\/p>\n<\/section><\/div>\n<\/section>\n<section class=\"section\">\n<div class=\"item item-12\">\n<section class=\"image-item\"><img decoding=\"async\" src=\"https:\/\/upload.cdn.baselinker.com\/products\/3018170\/d38fd3862d6f48fe14e72c4ca9c8d10f.jpg\" \/><\/section>\n<\/p><\/div>\n<\/section>\n","protected":false},"excerpt":{"rendered":"<p>NASIONA KWIAT\u00d3W Cynia daliowa \u017c\u00f3\u0142ta na wy\u017csze rabaty i na kwiat ci\u0119ty Cynia daliowa \u017c\u00f3\u0142ta Ziania elegans dahl.fl.pl. Ro\u015blina jednoroczna osi\u0105gaj\u0105ca do 80 cm wysoko\u015bci. Kwiaty okaza\u0142e, \u017c\u00f3\u0142te, pe\u0142ne. Doskona\u0142a na wy\u017csze rabaty, do nasadze\u0144 w grupach i na kwiat ci\u0119ty. Pi\u0119knie kwitn\u0105 od lipca do p\u00f3\u017anej jesieni. Wysiew nasion w III-IV do ciep\u0142ego inspektu&#8230;<\/p>\n","protected":false},"featured_media":23925,"comment_status":"open","ping_status":"closed","template":"","meta":{"inline_featured_image":false},"product_cat":[134,162],"product_tag":[],"location":[],"class_list":{"0":"post-23912","1":"product","2":"type-product","3":"status-publish","4":"has-post-thumbnail","6":"product_cat-nasiona-kwiatow","7":"product_cat-nasiona","8":"nt-post-class","9":"","12":"excerpt-none","15":"first","16":"instock","17":"shipping-taxable","18":"purchasable","19":"product-type-simple"},"_links":{"self":[{"href":"https:\/\/boskienasiona.pl\/en\/wp-json\/wp\/v2\/product\/23912","targetHints":{"allow":["GET"]}}],"collection":[{"href":"https:\/\/boskienasiona.pl\/en\/wp-json\/wp\/v2\/product"}],"about":[{"href":"https:\/\/boskienasiona.pl\/en\/wp-json\/wp\/v2\/types\/product"}],"replies":[{"embeddable":true,"href":"https:\/\/boskienasiona.pl\/en\/wp-json\/wp\/v2\/comments?post=23912"}],"version-history":[{"count":1,"href":"https:\/\/boskienasiona.pl\/en\/wp-json\/wp\/v2\/product\/23912\/revisions"}],"predecessor-version":[{"id":23930,"href":"https:\/\/boskienasiona.pl\/en\/wp-json\/wp\/v2\/product\/23912\/revisions\/23930"}],"wp:featuredmedia":[{"embeddable":true,"href":"https:\/\/boskienasiona.pl\/en\/wp-json\/wp\/v2\/media\/23925"}],"wp:attachment":[{"href":"https:\/\/boskienasiona.pl\/en\/wp-json\/wp\/v2\/media?parent=23912"}],"wp:term":[{"taxonomy":"product_cat","embeddable":true,"href":"https:\/\/boskienasiona.pl\/en\/wp-json\/wp\/v2\/product_cat?post=23912"},{"taxonomy":"product_tag","embeddable":true,"href":"https:\/\/boskienasiona.pl\/en\/wp-json\/wp\/v2\/product_tag?post=23912"},{"taxonomy":"location","embeddable":true,"href":"https:\/\/boskienasiona.pl\/en\/wp-json\/wp\/v2\/location?post=23912"}],"curies":[{"name":"wp","href":"https:\/\/api.w.org\/{rel}","templated":true}]}}