{"id":23940,"date":"2026-02-10T20:46:46","date_gmt":"2026-02-10T19:46:46","guid":{"rendered":"https:\/\/boskienasiona.pl\/produkt\/nasiona-kwiatow-cynia-daliowa-rozowa-doskonala-na-wyzsze-rabaty\/"},"modified":"2026-04-20T14:23:34","modified_gmt":"2026-04-20T12:23:34","slug":"nasiona-kwiatow-cynia-daliowa-rozowa-doskonala-na-wyzsze-rabaty","status":"publish","type":"product","link":"https:\/\/boskienasiona.pl\/en\/produkt\/nasiona-kwiatow-cynia-daliowa-rozowa-doskonala-na-wyzsze-rabaty\/","title":{"rendered":"NASIONA KWIAT\u00d3W Cynia daliowa r\u00f3\u017cowa Doskona\u0142a na wy\u017csze rabaty"},"content":{"rendered":"<section class=\"section\">\n<div class=\"item item-12\">\n<section class=\"text-item\">\n<h1>NASIONA KWIAT\u00d3W Cynia daliowa r\u00f3\u017cowa Doskona\u0142a na wy\u017csze rabaty<\/h1>\n<\/section><\/div>\n<\/section>\n<section class=\"section\">\n<div class=\"item item-6\">\n<section class=\"image-item\"><img decoding=\"async\" src=\"https:\/\/upload.cdn.baselinker.com\/products\/3018170\/fb83ea55e08aa0bd6c21ea7402741144.jpg\" \/><\/section>\n<\/p><\/div>\n<div class=\"item item-6\">\n<section class=\"text-item\">\n<p><b>Cynia daliowa r\u00f3\u017cowa<\/b><\/p>\n<p>ZIANIA ELEGANS DAHL.FL.PL.<\/p>\n<p>Ro\u015blina jednoroczna osi\u0105gaj\u0105ca do 80 cm wysoko\u015bci. Kwiaty okaza\u0142e, r\u00f3\u017cowe, pe\u0142ne. Doskona\u0142a na wy\u017csze rabaty, do nasadze\u0144 w grupach i na kwiat ci\u0119ty. Pi\u0119knie kwitn\u0105 od lipca do p\u00f3\u017anej jesieni. Wysiew nasion w III- IV do ciep\u0142ego inspektu. Wymaga pikowania. Wysadza\u0107 w maju.<\/p>\n<p><b>\u2705Siew inspekt:<\/b> III\u2013IV<\/p>\n<p><b>\u2705Siew grunt:<\/b> V<\/p>\n<p><b>\u2705Kwitnienie:<\/b> VII-X<\/p>\n<p><b>\u2705Rozstawa:<\/b> 40\u00d740 cm<\/p>\n<p><b>\u2705Wysoko\u015b\u0107:<\/b> 80 cm<\/p>\n<\/section><\/div>\n<\/section>\n<section class=\"section\">\n<div class=\"item item-6\">\n<section class=\"image-item\"><img decoding=\"async\" src=\"https:\/\/upload.cdn.baselinker.com\/products\/3018170\/683e796282e7e5827c453355fe2c9e40.jpg\" \/><\/section>\n<\/p><\/div>\n<div class=\"item item-6\">\n<section class=\"text-item\">\n<p><b>SPRAWDZONA JAKO\u015a\u0106 NASION<\/b><\/p>\n<p>Oferowane przez nas nasiona s\u0105 testowane w&nbsp;<b>Laboratorium Oceny Nasion pod wzgl\u0119dem:<\/b><\/p>\n<p>\u2705<b>kie\u0142kowania<\/b><\/p>\n<p>\u2705<b>wilgotno\u015bci<\/b><\/p>\n<p>\u2705<b>czysto\u015bci ziarna<\/b><\/p>\n<p><b>Dzi\u0119ki czemu udost\u0119pniane nasiona s\u0105 \u015bci\u015ble wyselekcjonowane, tylko wysokiej klasy.<\/b><\/p>\n<p>Torebki zakupione na naszej aukcji s\u0105 w pe\u0142ni bezpieczne, posiadaj\u0105&nbsp;<b>dat\u0119 wa\u017cno\u015bci i nr partii na opakowaniu.<\/b>&nbsp;Gwarantujemy r\u00f3wnie\u017c jako\u015b\u0107 i oryginalno\u015b\u0107 produkt\u00f3w, ponie<\/p>\n<\/section><\/div>\n<\/section>\n<section class=\"section\">\n<div class=\"item item-12\">\n<section class=\"image-item\"><img decoding=\"async\" src=\"https:\/\/upload.cdn.baselinker.com\/products\/3018170\/c0299e64bacfe3587a9179197c25a31c.jpg\" \/><\/section>\n<\/p><\/div>\n<\/section>\n","protected":false},"excerpt":{"rendered":"<p>NASIONA KWIAT\u00d3W Cynia daliowa r\u00f3\u017cowa Doskona\u0142a na wy\u017csze rabaty Cynia daliowa r\u00f3\u017cowa ZIANIA ELEGANS DAHL.FL.PL. Ro\u015blina jednoroczna osi\u0105gaj\u0105ca do 80 cm wysoko\u015bci. Kwiaty okaza\u0142e, r\u00f3\u017cowe, pe\u0142ne. Doskona\u0142a na wy\u017csze rabaty, do nasadze\u0144 w grupach i na kwiat ci\u0119ty. Pi\u0119knie kwitn\u0105 od lipca do p\u00f3\u017anej jesieni. Wysiew nasion w III- IV do ciep\u0142ego inspektu. Wymaga pikowania&#8230;.<\/p>\n","protected":false},"featured_media":23951,"comment_status":"open","ping_status":"closed","template":"","meta":{"inline_featured_image":false},"product_cat":[134,162],"product_tag":[],"location":[],"class_list":{"0":"post-23940","1":"product","2":"type-product","3":"status-publish","4":"has-post-thumbnail","6":"product_cat-nasiona-kwiatow","7":"product_cat-nasiona","8":"nt-post-class","9":"","12":"excerpt-none","15":"first","16":"instock","17":"shipping-taxable","18":"purchasable","19":"product-type-simple"},"_links":{"self":[{"href":"https:\/\/boskienasiona.pl\/en\/wp-json\/wp\/v2\/product\/23940","targetHints":{"allow":["GET"]}}],"collection":[{"href":"https:\/\/boskienasiona.pl\/en\/wp-json\/wp\/v2\/product"}],"about":[{"href":"https:\/\/boskienasiona.pl\/en\/wp-json\/wp\/v2\/types\/product"}],"replies":[{"embeddable":true,"href":"https:\/\/boskienasiona.pl\/en\/wp-json\/wp\/v2\/comments?post=23940"}],"version-history":[{"count":1,"href":"https:\/\/boskienasiona.pl\/en\/wp-json\/wp\/v2\/product\/23940\/revisions"}],"predecessor-version":[{"id":23953,"href":"https:\/\/boskienasiona.pl\/en\/wp-json\/wp\/v2\/product\/23940\/revisions\/23953"}],"wp:featuredmedia":[{"embeddable":true,"href":"https:\/\/boskienasiona.pl\/en\/wp-json\/wp\/v2\/media\/23951"}],"wp:attachment":[{"href":"https:\/\/boskienasiona.pl\/en\/wp-json\/wp\/v2\/media?parent=23940"}],"wp:term":[{"taxonomy":"product_cat","embeddable":true,"href":"https:\/\/boskienasiona.pl\/en\/wp-json\/wp\/v2\/product_cat?post=23940"},{"taxonomy":"product_tag","embeddable":true,"href":"https:\/\/boskienasiona.pl\/en\/wp-json\/wp\/v2\/product_tag?post=23940"},{"taxonomy":"location","embeddable":true,"href":"https:\/\/boskienasiona.pl\/en\/wp-json\/wp\/v2\/location?post=23940"}],"curies":[{"name":"wp","href":"https:\/\/api.w.org\/{rel}","templated":true}]}}