{"id":24549,"date":"2026-02-10T20:50:35","date_gmt":"2026-02-10T19:50:35","guid":{"rendered":"https:\/\/boskienasiona.pl\/produkt\/nasiona-warzyw-pomidor-szklarniowy-dafne-f1-wczesny\/"},"modified":"2026-04-18T06:16:38","modified_gmt":"2026-04-18T04:16:38","slug":"nasiona-warzyw-pomidor-szklarniowy-dafne-f1-wczesny","status":"publish","type":"product","link":"https:\/\/boskienasiona.pl\/en\/produkt\/nasiona-warzyw-pomidor-szklarniowy-dafne-f1-wczesny\/","title":{"rendered":"Nasiona warzyw Pomidor szklarniowy DAFNE F1 Wczesny"},"content":{"rendered":"<section class=\"section\">\n<div class=\"item item-12\">\n<section class=\"text-item\">\n<h1>Nasiona warzyw Pomidor szklarniowy DAFNE F1 Wczesny<\/h1>\n<\/section><\/div>\n<\/section>\n<section class=\"section\">\n<div class=\"item item-6\">\n<section class=\"image-item\"><img decoding=\"async\" src=\"https:\/\/upload.cdn.baselinker.com\/products\/3018170\/344b8e8bdbec8094659d16ab8375e467.jpg\" \/><\/section>\n<\/p><\/div>\n<div class=\"item item-6\">\n<section class=\"text-item\">\n<p><b>Pomidor szklarniowy DAFNE F1<\/b><\/p>\n<p>SOLANUM&nbsp; LYCOPERSICUM&nbsp; L.<\/p>\n<p>Odmiana wczesna typ LSL przeznaczona do uprawy w&nbsp;tunelach oraz szklarni. W ciep\u0142e lata mo\u017cliwa jest uprawa w&nbsp;polu. Owoce twarde o masie 120-140g, \u015brednio du\u017ce o nieco p\u0142askim kszta\u0142cie, z bardzo niewielkim \u017cebrowaniem, odporne na p\u0119kanie TMV, F i V. &nbsp;Wymaga gleby zasobnej w sk\u0142adniki pokarmowe, w dobrej kulturze, niezbyt ci\u0119\u017ckiej. Siew w ciep\u0142ych inspektach, szklarniach lub tunelach foliowych I-IV. &nbsp;Siewki pikowa\u0107 w rozstawie 8\u00d78 cm.<\/p>\n<ul>\n<li><b>Siew:<\/b> I\u2013V<\/li>\n<li><b>Zbi\u00f3r:<\/b> IV-IX<\/li>\n<li><b>Rozstawa:<\/b> 30-40\u00d750 cm<\/li>\n<\/ul>\n<\/section><\/div>\n<\/section>\n<section class=\"section\">\n<div class=\"item item-6\">\n<section class=\"image-item\"><img decoding=\"async\" src=\"https:\/\/upload.cdn.baselinker.com\/products\/3018170\/b06c965b573b6f2351261291233b830d.jpg\" \/><\/section>\n<\/p><\/div>\n<div class=\"item item-6\">\n<section class=\"text-item\">\n<p><b>SPRAWDZONA JAKO\u015a\u0106 NASION<\/b><\/p>\n<p>Oferowane przez nas nasiona s\u0105 testowane w\u00a0<b>Laboratorium Oceny Nasion pod wzgl\u0119dem:<\/b><\/p>\n<p>\u2705<b>kie\u0142kowania<\/b><\/p>\n<p>\u2705<b>wilgotno\u015bci<\/b><\/p>\n<p>\u2705<b>czysto\u015bci ziarna<\/b><\/p>\n<p><b>Dzi\u0119ki czemu udost\u0119pniane nasiona s\u0105 \u015bci\u015ble wyselekcjonowane, tylko wysokiej klasy.<\/b><\/p>\n<p>Torebki zakupione na naszej aukcji s\u0105 w pe\u0142ni bezpieczne, posiadaj\u0105\u00a0<b>dat\u0119 wa\u017cno\u015bci i nr partii na opakowaniu.<\/b>\u00a0Gwarantujemy r\u00f3wnie\u017c jako\u015b\u0107 i oryginalno\u015b\u0107 produkt\u00f3w, poniewa\u017c s\u0105 nabywane bezpo\u015brednio od producenta.<\/p>\n<\/section><\/div>\n<\/section>\n<section class=\"section\">\n<div class=\"item item-12\">\n<section class=\"image-item\"><img decoding=\"async\" src=\"https:\/\/upload.cdn.baselinker.com\/products\/3018170\/4ecc2cd02491449db8622b3f2236aa6a.jpg\" \/><\/section>\n<\/p><\/div>\n<\/section>\n","protected":false},"excerpt":{"rendered":"<p>Nasiona warzyw Pomidor szklarniowy DAFNE F1 Wczesny Pomidor szklarniowy DAFNE F1 SOLANUM&nbsp; LYCOPERSICUM&nbsp; L. Odmiana wczesna typ LSL przeznaczona do uprawy w&nbsp;tunelach oraz szklarni. W ciep\u0142e lata mo\u017cliwa jest uprawa w&nbsp;polu. Owoce twarde o masie 120-140g, \u015brednio du\u017ce o nieco p\u0142askim kszta\u0142cie, z bardzo niewielkim \u017cebrowaniem, odporne na p\u0119kanie TMV, F i V. &nbsp;Wymaga gleby&#8230;<\/p>\n","protected":false},"featured_media":24547,"comment_status":"open","ping_status":"closed","template":"","meta":{"inline_featured_image":false},"product_cat":[126,162,185],"product_tag":[],"location":[],"class_list":{"0":"post-24549","1":"product","2":"type-product","3":"status-publish","4":"has-post-thumbnail","6":"product_cat-nasiona-warzyw","7":"product_cat-nasiona","8":"product_cat-nasiona-pomidorow","9":"nt-post-class","10":"","13":"excerpt-none","16":"first","17":"instock","18":"shipping-taxable","19":"purchasable","20":"product-type-simple"},"_links":{"self":[{"href":"https:\/\/boskienasiona.pl\/en\/wp-json\/wp\/v2\/product\/24549","targetHints":{"allow":["GET"]}}],"collection":[{"href":"https:\/\/boskienasiona.pl\/en\/wp-json\/wp\/v2\/product"}],"about":[{"href":"https:\/\/boskienasiona.pl\/en\/wp-json\/wp\/v2\/types\/product"}],"replies":[{"embeddable":true,"href":"https:\/\/boskienasiona.pl\/en\/wp-json\/wp\/v2\/comments?post=24549"}],"version-history":[{"count":0,"href":"https:\/\/boskienasiona.pl\/en\/wp-json\/wp\/v2\/product\/24549\/revisions"}],"wp:featuredmedia":[{"embeddable":true,"href":"https:\/\/boskienasiona.pl\/en\/wp-json\/wp\/v2\/media\/24547"}],"wp:attachment":[{"href":"https:\/\/boskienasiona.pl\/en\/wp-json\/wp\/v2\/media?parent=24549"}],"wp:term":[{"taxonomy":"product_cat","embeddable":true,"href":"https:\/\/boskienasiona.pl\/en\/wp-json\/wp\/v2\/product_cat?post=24549"},{"taxonomy":"product_tag","embeddable":true,"href":"https:\/\/boskienasiona.pl\/en\/wp-json\/wp\/v2\/product_tag?post=24549"},{"taxonomy":"location","embeddable":true,"href":"https:\/\/boskienasiona.pl\/en\/wp-json\/wp\/v2\/location?post=24549"}],"curies":[{"name":"wp","href":"https:\/\/api.w.org\/{rel}","templated":true}]}}