{"id":24568,"date":"2026-02-10T20:50:50","date_gmt":"2026-02-10T19:50:50","guid":{"rendered":"https:\/\/boskienasiona.pl\/produkt\/nasiona-warzyw-pomidor-szklarniowy-palava-f1-srednio-wczesny-smaczny-owoc\/"},"modified":"2026-03-18T22:23:10","modified_gmt":"2026-03-18T21:23:10","slug":"nasiona-warzyw-pomidor-szklarniowy-palava-f1-srednio-wczesny-smaczny-owoc","status":"publish","type":"product","link":"https:\/\/boskienasiona.pl\/en\/produkt\/nasiona-warzyw-pomidor-szklarniowy-palava-f1-srednio-wczesny-smaczny-owoc\/","title":{"rendered":"Nasiona warzyw Pomidor szklarniowy PALAVA F1 \u015arednio wczesny smaczny owoc"},"content":{"rendered":"<section class=\"section\">\n<div class=\"item item-12\">\n<section class=\"text-item\">\n<h1>Nasiona warzyw Pomidor szklarniowy PALAVA F1 \u015arednio wczesny smaczny owoc<\/h1>\n<\/section><\/div>\n<\/section>\n<section class=\"section\">\n<div class=\"item item-6\">\n<section class=\"image-item\"><img decoding=\"async\" src=\"https:\/\/upload.cdn.baselinker.com\/products\/3018170\/2a0edade135a3c0f5e60ee5b6f497d7c.jpg\" \/><\/section>\n<\/p><\/div>\n<div class=\"item item-6\">\n<section class=\"text-item\">\n<p><b>Pomidor szklarniowy PALAVA F1<\/b><\/p>\n<p>CUCUMIS SATIVUS L.<\/p>\n<p>\u015arednio wczesna odmiana przeznaczona do uprawy pod os\u0142onami. Owoce bardzo smaczne, s\u0142odkie, okr\u0105g\u0142e dorastaj\u0105ce do 140-160 g. Odmiana odporna na wirusa mozaiki pomidora (ToMV), fuzarium (Fol0,1) i wertycylioz\u0119 pomidora (Vd). Na jednym gronie dojrzewa r\u00f3wnomiernie od 6 do 8 owoc\u00f3w. Siew do inspektu w II-III, przesadzanie na miejsce sta\u0142e pod os\u0142ony w IV-V.<\/p>\n<ul>\n<li><b>Siew inspekt:<\/b> II-III; 0,5 cm<\/li>\n<li><b>Przesadzanie:<\/b> IV-V<\/li>\n<li><b>Zbi\u00f3r:<\/b> VII-X<\/li>\n<li><b>Rozstawa:<\/b> 70\u00d750 cm<\/li>\n<\/ul>\n<\/section><\/div>\n<\/section>\n<section class=\"section\">\n<div class=\"item item-6\">\n<section class=\"image-item\"><img decoding=\"async\" src=\"https:\/\/upload.cdn.baselinker.com\/products\/3018170\/caa941f9910f3b1dfc8f7f954c054eda.jpg\" \/><\/section>\n<\/p><\/div>\n<div class=\"item item-6\">\n<section class=\"text-item\">\n<p><b>SPRAWDZONA JAKO\u015a\u0106 NASION<\/b><\/p>\n<p>Oferowane przez nas nasiona s\u0105 testowane w&nbsp;<b>Laboratorium Oceny Nasion pod wzgl\u0119dem:<\/b><\/p>\n<p>\u2705<b>kie\u0142kowania<\/b><\/p>\n<p>\u2705<b>wilgotno\u015bci<\/b><\/p>\n<p>\u2705<b>czysto\u015bci ziarna<\/b><\/p>\n<p><b>Dzi\u0119ki czemu udost\u0119pniane nasiona s\u0105 \u015bci\u015ble wyselekcjonowane, tylko wysokiej klasy.<\/b><\/p>\n<p>Torebki zakupione na naszej aukcji s\u0105 w pe\u0142ni bezpieczne, posiadaj\u0105&nbsp;<b>dat\u0119 wa\u017cno\u015bci i nr partii na opakowaniu.<\/b>&nbsp;Gwarantujemy r\u00f3wnie\u017c jako\u015b\u0107 i oryginalno\u015b\u0107 produkt\u00f3w, poniewa\u017c s\u0105 nabywane bezpo\u015brednio od producenta.<\/p>\n<\/section><\/div>\n<\/section>\n<section class=\"section\">\n<div class=\"item item-12\">\n<section class=\"image-item\"><img decoding=\"async\" src=\"https:\/\/upload.cdn.baselinker.com\/products\/3018170\/b2ff4fd460424bb80fd3d66296141fc3.jpg\" \/><\/section>\n<\/p><\/div>\n<\/section>\n<section class=\"section\">\n<div class=\"item item-12\">\n<section class=\"image-item\"><img decoding=\"async\" src=\"https:\/\/upload.cdn.baselinker.com\/products\/3018170\/0af0a90e7c9d9070fccd1a709ab93166.jpg\" \/><\/section>\n<\/p><\/div>\n<\/section>\n","protected":false},"excerpt":{"rendered":"<p>Nasiona warzyw Pomidor szklarniowy PALAVA F1 \u015arednio wczesny smaczny owoc Pomidor szklarniowy PALAVA F1 CUCUMIS SATIVUS L. \u015arednio wczesna odmiana przeznaczona do uprawy pod os\u0142onami. Owoce bardzo smaczne, s\u0142odkie, okr\u0105g\u0142e dorastaj\u0105ce do 140-160 g. Odmiana odporna na wirusa mozaiki pomidora (ToMV), fuzarium (Fol0,1) i wertycylioz\u0119 pomidora (Vd). Na jednym gronie dojrzewa r\u00f3wnomiernie od 6 do&#8230;<\/p>\n","protected":false},"featured_media":24566,"comment_status":"open","ping_status":"closed","template":"","meta":{"inline_featured_image":false},"product_cat":[126,162,185],"product_tag":[],"location":[],"class_list":{"0":"post-24568","1":"product","2":"type-product","3":"status-publish","4":"has-post-thumbnail","6":"product_cat-nasiona-warzyw","7":"product_cat-nasiona","8":"product_cat-nasiona-pomidorow","9":"nt-post-class","10":"","13":"excerpt-none","16":"first","17":"instock","18":"shipping-taxable","19":"purchasable","20":"product-type-simple"},"_links":{"self":[{"href":"https:\/\/boskienasiona.pl\/en\/wp-json\/wp\/v2\/product\/24568","targetHints":{"allow":["GET"]}}],"collection":[{"href":"https:\/\/boskienasiona.pl\/en\/wp-json\/wp\/v2\/product"}],"about":[{"href":"https:\/\/boskienasiona.pl\/en\/wp-json\/wp\/v2\/types\/product"}],"replies":[{"embeddable":true,"href":"https:\/\/boskienasiona.pl\/en\/wp-json\/wp\/v2\/comments?post=24568"}],"version-history":[{"count":0,"href":"https:\/\/boskienasiona.pl\/en\/wp-json\/wp\/v2\/product\/24568\/revisions"}],"wp:featuredmedia":[{"embeddable":true,"href":"https:\/\/boskienasiona.pl\/en\/wp-json\/wp\/v2\/media\/24566"}],"wp:attachment":[{"href":"https:\/\/boskienasiona.pl\/en\/wp-json\/wp\/v2\/media?parent=24568"}],"wp:term":[{"taxonomy":"product_cat","embeddable":true,"href":"https:\/\/boskienasiona.pl\/en\/wp-json\/wp\/v2\/product_cat?post=24568"},{"taxonomy":"product_tag","embeddable":true,"href":"https:\/\/boskienasiona.pl\/en\/wp-json\/wp\/v2\/product_tag?post=24568"},{"taxonomy":"location","embeddable":true,"href":"https:\/\/boskienasiona.pl\/en\/wp-json\/wp\/v2\/location?post=24568"}],"curies":[{"name":"wp","href":"https:\/\/api.w.org\/{rel}","templated":true}]}}