{"id":24593,"date":"2026-02-10T20:51:15","date_gmt":"2026-02-10T19:51:15","guid":{"rendered":"https:\/\/boskienasiona.pl\/produkt\/nasiona-warzyw-pomidor-szklarniowy-pedro-f1\/"},"modified":"2026-04-15T14:23:59","modified_gmt":"2026-04-15T12:23:59","slug":"nasiona-warzyw-pomidor-szklarniowy-pedro-f1","status":"publish","type":"product","link":"https:\/\/boskienasiona.pl\/en\/produkt\/nasiona-warzyw-pomidor-szklarniowy-pedro-f1\/","title":{"rendered":"Nasiona warzyw Pomidor szklarniowy PEDRO F1"},"content":{"rendered":"<section class=\"section\">\n<div class=\"item item-6\">\n<section class=\"image-item\"><img decoding=\"async\" src=\"https:\/\/upload.cdn.baselinker.com\/products\/3018170\/2764fdaa1a876802d20ce9a694cfef4a.jpg\" \/><\/section>\n<\/p><\/div>\n<div class=\"item item-6\">\n<section class=\"text-item\">\n<p><b>Pomidor szklarniowy PEDRO F1<\/b><\/p>\n<p>SOLANUM&nbsp; LYCOPERSICUM&nbsp; L.<\/p>\n<p>Odmiana p\u00f3\u017ana, typ LSL, przeznaczona do uprawy w tunelach oraz szklarniach. W ciep\u0142e lata mo\u017cliwa jest uprawa w polu. Owoce o masie 120-135g, bardzo wyr\u00f3wnane \u015brednie do du\u017cych, okr\u0105g\u0142e, g\u0142adkie i bez \u017cebrowania. S\u0105 odporne na p\u0119kanie, TMV, F i V. Posiadaj\u0105 dobr\u0105 trwa\u0142o\u015b\u0107 i wy\u015bmienity smak. Na jednym krzaku jest 10-15 owoc\u00f3w. Wymaga gleby zasobnej w sk\u0142adniki pokarmowe, w dobrej kulturze, niezbyt ci\u0119\u017ckiej. Siew w ciep\u0142ych inspektach, szklarniach lub tunelach foliowych I-IV. &nbsp;Siewki pikowa\u0107 w rozstawie 8\u00d78 cm.<\/p>\n<ul>\n<li><b>Siew pod os\u0142ony:<\/b> I\u2013V<\/li>\n<li><b>Zbi\u00f3r:<\/b> IV\u2013IX<\/li>\n<li><b>Rozstawa:<\/b> 30-40\u00d750 cm<\/li>\n<\/ul>\n<\/section><\/div>\n<\/section>\n<section class=\"section\">\n<div class=\"item item-6\">\n<section class=\"image-item\"><img decoding=\"async\" src=\"https:\/\/upload.cdn.baselinker.com\/products\/3018170\/9ba7d85c6fab3eb7b2e7032a8e8b4f5c.jpg\" \/><\/section>\n<\/p><\/div>\n<div class=\"item item-6\">\n<section class=\"text-item\">\n<h1>Nasiona warzyw<\/h1>\n<p>Warzywa s\u0105 jednym z najwa\u017cniejszych sk\u0142adnik\u00f3w diety. Dostarczaj\u0105 wielu cennych substancji od\u017cywczych, w tym witamin i minera\u0142\u00f3w. W wi\u0119kszo\u015bci s\u0105 lekkostrawne i niskokaloryczne, dlatego mog\u0105 by\u0107 spo\u017cywane tak\u017ce przez osoby na r\u00f3\u017cnych dietach. Doskonale nadaj\u0105 si\u0119 te\u017c do przetwarzania i przechowywania przez wiele miesi\u0119cy, dzi\u0119ki czemu s\u0105 dost\u0119pne w najzdrowszej, surowej postaci przez ca\u0142y rok. Uprawa warzyw jest mo\u017cliwa zar\u00f3wno na skal\u0119 przemys\u0142ow\u0105, jak i w domowym ogr\u00f3dku, a nawet na tarasie czy balkonie.<\/p>\n<\/section><\/div>\n<\/section>\n<section class=\"section\">\n<div class=\"item item-12\">\n<section class=\"image-item\"><img decoding=\"async\" src=\"https:\/\/upload.cdn.baselinker.com\/products\/3018170\/9927aaf6f751b48683139d8210dc7b2f.jpg\" \/><\/section>\n<\/p><\/div>\n<\/section>\n<section class=\"section\">\n<div class=\"item item-12\">\n<section class=\"image-item\"><img decoding=\"async\" src=\"https:\/\/upload.cdn.baselinker.com\/products\/3018170\/cff9cc5e8fb379833b44220de03a9a26.jpg\" \/><\/section>\n<\/p><\/div>\n<\/section>\n","protected":false},"excerpt":{"rendered":"<p>Pomidor szklarniowy PEDRO F1 SOLANUM&nbsp; LYCOPERSICUM&nbsp; L. Odmiana p\u00f3\u017ana, typ LSL, przeznaczona do uprawy w tunelach oraz szklarniach. W ciep\u0142e lata mo\u017cliwa jest uprawa w polu. Owoce o masie 120-135g, bardzo wyr\u00f3wnane \u015brednie do du\u017cych, okr\u0105g\u0142e, g\u0142adkie i bez \u017cebrowania. S\u0105 odporne na p\u0119kanie, TMV, F i V. Posiadaj\u0105 dobr\u0105 trwa\u0142o\u015b\u0107 i wy\u015bmienity smak. Na&#8230;<\/p>\n","protected":false},"featured_media":24591,"comment_status":"open","ping_status":"closed","template":"","meta":{"inline_featured_image":false},"product_cat":[126,162,185],"product_tag":[],"location":[],"class_list":{"0":"post-24593","1":"product","2":"type-product","3":"status-publish","4":"has-post-thumbnail","6":"product_cat-nasiona-warzyw","7":"product_cat-nasiona","8":"product_cat-nasiona-pomidorow","9":"nt-post-class","10":"","13":"excerpt-none","16":"first","17":"instock","18":"shipping-taxable","19":"purchasable","20":"product-type-simple"},"_links":{"self":[{"href":"https:\/\/boskienasiona.pl\/en\/wp-json\/wp\/v2\/product\/24593","targetHints":{"allow":["GET"]}}],"collection":[{"href":"https:\/\/boskienasiona.pl\/en\/wp-json\/wp\/v2\/product"}],"about":[{"href":"https:\/\/boskienasiona.pl\/en\/wp-json\/wp\/v2\/types\/product"}],"replies":[{"embeddable":true,"href":"https:\/\/boskienasiona.pl\/en\/wp-json\/wp\/v2\/comments?post=24593"}],"version-history":[{"count":0,"href":"https:\/\/boskienasiona.pl\/en\/wp-json\/wp\/v2\/product\/24593\/revisions"}],"wp:featuredmedia":[{"embeddable":true,"href":"https:\/\/boskienasiona.pl\/en\/wp-json\/wp\/v2\/media\/24591"}],"wp:attachment":[{"href":"https:\/\/boskienasiona.pl\/en\/wp-json\/wp\/v2\/media?parent=24593"}],"wp:term":[{"taxonomy":"product_cat","embeddable":true,"href":"https:\/\/boskienasiona.pl\/en\/wp-json\/wp\/v2\/product_cat?post=24593"},{"taxonomy":"product_tag","embeddable":true,"href":"https:\/\/boskienasiona.pl\/en\/wp-json\/wp\/v2\/product_tag?post=24593"},{"taxonomy":"location","embeddable":true,"href":"https:\/\/boskienasiona.pl\/en\/wp-json\/wp\/v2\/location?post=24593"}],"curies":[{"name":"wp","href":"https:\/\/api.w.org\/{rel}","templated":true}]}}