{"id":24618,"date":"2026-02-10T20:51:39","date_gmt":"2026-02-10T19:51:39","guid":{"rendered":"https:\/\/boskienasiona.pl\/produkt\/nasiona-warzyw-pomidor-koktajlowy-typu-cherry-bardzo-plenny-do-doniczek\/"},"modified":"2026-03-29T17:36:28","modified_gmt":"2026-03-29T15:36:28","slug":"nasiona-warzyw-pomidor-koktajlowy-typu-cherry-bardzo-plenny-do-doniczek","status":"publish","type":"product","link":"https:\/\/boskienasiona.pl\/en\/produkt\/nasiona-warzyw-pomidor-koktajlowy-typu-cherry-bardzo-plenny-do-doniczek\/","title":{"rendered":"NASIONA WARZYW POMIDOR KOKTAJLOWY typu cherry BARDZO PLENNY DO DONICZEK"},"content":{"rendered":"<section class=\"section\">\n<div class=\"item item-12\">\n<section class=\"text-item\">\n<h1>NASIONA WARZYW POMIDOR KOKTAJLOWY typu cherry BARDZO PLENNY DO DONICZEK<\/h1>\n<\/section><\/div>\n<\/section>\n<section class=\"section\">\n<div class=\"item item-6\">\n<section class=\"image-item\"><img decoding=\"async\" src=\"https:\/\/upload.cdn.baselinker.com\/products\/3018170\/cf1f7c44b4d31e6d42ea30c4be7dd7ee.jpg\" \/><\/section>\n<\/p><\/div>\n<div class=\"item item-6\">\n<section class=\"text-item\">\n<p><b>Pomidor koktajlowy GARTENPERLE<\/b><\/p>\n<p>SOLANUM LYCOPERSICUM L.<\/p>\n<p>Pomidor koktajlowy typu cherry. Intensywnie czerwone owoce o wadze 6-8 g. Wysoko\u015b\u0107 do 70 cm. Uprawia\u0107 mo\u017cna w gruncie, donicach lub w skrzynkach balkonowych. Owoce dekoracyjne, nadaj\u0105ce si\u0119 do spo\u017cycia. Wysiew w mieszkaniu na parapecie od pocz\u0105tku marca do gruntu po 15 maja.<\/p>\n<p><b>\u2705Siew:<\/b> III\u2013V<\/p>\n<p><b>\u2705Zbi\u00f3r:<\/b> VII\u2013VIII<\/p>\n<p><b>\u2705Rozstawa:<\/b> 30-40\u00d750 cm<\/p>\n<\/section><\/div>\n<\/section>\n<section class=\"section\">\n<div class=\"item item-6\">\n<section class=\"image-item\"><img decoding=\"async\" src=\"https:\/\/upload.cdn.baselinker.com\/products\/3018170\/5ec729a553aaa981d11d0944331ceb74.jpg\" \/><\/section>\n<\/p><\/div>\n<div class=\"item item-6\">\n<section class=\"text-item\">\n<p><b>SPRAWDZONA JAKO\u015a\u0106 NASION<\/b><\/p>\n<p>Oferowane przez nas nasiona s\u0105 testowane w&nbsp;<b>Laboratorium Oceny Nasion pod wzgl\u0119dem:<\/b><\/p>\n<p>\u2705<b>kie\u0142kowania<\/b><\/p>\n<p>\u2705<b>wilgotno\u015bci<\/b><\/p>\n<p>\u2705<b>czysto\u015bci ziarna<\/b><\/p>\n<p><b>Dzi\u0119ki czemu udost\u0119pniane nasiona s\u0105 \u015bci\u015ble wyselekcjonowane, tylko wysokiej klasy.<\/b><\/p>\n<p>Torebki zakupione na naszej aukcji s\u0105 w pe\u0142ni bezpieczne, posiadaj\u0105&nbsp;<b>dat\u0119 wa\u017cno\u015bci i nr partii na opakowaniu.<\/b>&nbsp;Gwarantujemy r\u00f3wnie\u017c jako\u015b\u0107 i oryginalno\u015b\u0107 produkt\u00f3w, poniewa\u017c s\u0105 nabywane bezpo\u015brednio od producenta.<\/p>\n<\/section><\/div>\n<\/section>\n<section class=\"section\">\n<div class=\"item item-12\">\n<section class=\"image-item\"><img decoding=\"async\" src=\"https:\/\/upload.cdn.baselinker.com\/products\/3018170\/41acf4ed63d4dab7b254d42e14d874d8.jpg\" \/><\/section>\n<\/p><\/div>\n<\/section>\n","protected":false},"excerpt":{"rendered":"<p>NASIONA WARZYW POMIDOR KOKTAJLOWY typu cherry BARDZO PLENNY DO DONICZEK Pomidor koktajlowy GARTENPERLE SOLANUM LYCOPERSICUM L. Pomidor koktajlowy typu cherry. Intensywnie czerwone owoce o wadze 6-8 g. Wysoko\u015b\u0107 do 70 cm. Uprawia\u0107 mo\u017cna w gruncie, donicach lub w skrzynkach balkonowych. Owoce dekoracyjne, nadaj\u0105ce si\u0119 do spo\u017cycia. Wysiew w mieszkaniu na parapecie od pocz\u0105tku marca do&#8230;<\/p>\n","protected":false},"featured_media":24714,"comment_status":"open","ping_status":"closed","template":"","meta":{"inline_featured_image":false},"product_cat":[126,162,185],"product_tag":[],"location":[],"class_list":{"0":"post-24618","1":"product","2":"type-product","3":"status-publish","4":"has-post-thumbnail","6":"product_cat-nasiona-warzyw","7":"product_cat-nasiona","8":"product_cat-nasiona-pomidorow","9":"nt-post-class","10":"","13":"excerpt-none","16":"first","17":"instock","18":"shipping-taxable","19":"purchasable","20":"product-type-simple"},"_links":{"self":[{"href":"https:\/\/boskienasiona.pl\/en\/wp-json\/wp\/v2\/product\/24618","targetHints":{"allow":["GET"]}}],"collection":[{"href":"https:\/\/boskienasiona.pl\/en\/wp-json\/wp\/v2\/product"}],"about":[{"href":"https:\/\/boskienasiona.pl\/en\/wp-json\/wp\/v2\/types\/product"}],"replies":[{"embeddable":true,"href":"https:\/\/boskienasiona.pl\/en\/wp-json\/wp\/v2\/comments?post=24618"}],"version-history":[{"count":1,"href":"https:\/\/boskienasiona.pl\/en\/wp-json\/wp\/v2\/product\/24618\/revisions"}],"predecessor-version":[{"id":24651,"href":"https:\/\/boskienasiona.pl\/en\/wp-json\/wp\/v2\/product\/24618\/revisions\/24651"}],"wp:featuredmedia":[{"embeddable":true,"href":"https:\/\/boskienasiona.pl\/en\/wp-json\/wp\/v2\/media\/24714"}],"wp:attachment":[{"href":"https:\/\/boskienasiona.pl\/en\/wp-json\/wp\/v2\/media?parent=24618"}],"wp:term":[{"taxonomy":"product_cat","embeddable":true,"href":"https:\/\/boskienasiona.pl\/en\/wp-json\/wp\/v2\/product_cat?post=24618"},{"taxonomy":"product_tag","embeddable":true,"href":"https:\/\/boskienasiona.pl\/en\/wp-json\/wp\/v2\/product_tag?post=24618"},{"taxonomy":"location","embeddable":true,"href":"https:\/\/boskienasiona.pl\/en\/wp-json\/wp\/v2\/location?post=24618"}],"curies":[{"name":"wp","href":"https:\/\/api.w.org\/{rel}","templated":true}]}}