{"id":24744,"date":"2026-02-10T20:53:39","date_gmt":"2026-02-10T19:53:39","guid":{"rendered":"https:\/\/boskienasiona.pl\/produkt\/nasiona-wazryw-pomidor-koktajlowy-red-cherry-owoce-o-slodkim-smaku\/"},"modified":"2026-04-19T14:18:55","modified_gmt":"2026-04-19T12:18:55","slug":"nasiona-wazryw-pomidor-koktajlowy-red-cherry-owoce-o-slodkim-smaku","status":"publish","type":"product","link":"https:\/\/boskienasiona.pl\/en\/produkt\/nasiona-wazryw-pomidor-koktajlowy-red-cherry-owoce-o-slodkim-smaku\/","title":{"rendered":"NASIONA WAZRYW Pomidor koktajlowy RED CHERRY owoce o s\u0142odkim smaku"},"content":{"rendered":"<section class=\"section\">\n<div class=\"item item-12\">\n<section class=\"text-item\">\n<h1>NASIONA WAZRYW Pomidor koktajlowy RED CHERRY owoce o s\u0142odkim smaku<\/h1>\n<\/section><\/div>\n<\/section>\n<section class=\"section\">\n<div class=\"item item-6\">\n<section class=\"image-item\"><img decoding=\"async\" src=\"https:\/\/upload.cdn.baselinker.com\/products\/3018170\/4cb00c7e3fbc5984d98483986830e017.jpg\" \/><\/section>\n<\/p><\/div>\n<div class=\"item item-6\">\n<section class=\"text-item\">\n<p><b>Pomidor koktajlowy RED CHERRY<\/b><\/p>\n<p>SOLANUM LYCOPERSICUM L.<\/p>\n<p>Bardzo plenna, \u015brednio wczesna, wysoka odmiana pomidora koktajlowego. Tworzy drobne (\u015br. 2-3cm), soczyste, czerwone owoce o intensywnym s\u0142odkim smaku z lekkim kwaskowatym akcentem. Idealny do bezpo\u015bredniego spo\u017cycia, \u015bwie\u017cych sa\u0142atek, jako dodatek do przystawek lub jako zdrowa przek\u0105ska. Wysiew nasion pod os\u0142onami III-IV,&nbsp; przesadzanie&nbsp; sadzonek do gruntu w drugiej po\u0142owie V.<\/p>\n<p><b>\u2705Siew inspekt:<\/b> III-IV<\/p>\n<p><b>\u2705Siew grunt:<\/b> \u00bd V, na g\u0142. 0,5 cm<\/p>\n<p><b>\u2705Przesadzanie do gruntu:<\/b> \u00bd V<\/p>\n<p><b>\u2705Rozstawa:<\/b> 30-40\u00d740-60 cm<\/p>\n<p><b>\u2705Zbi\u00f3r:<\/b> VIII-IX<\/p>\n<\/section><\/div>\n<\/section>\n<section class=\"section\">\n<div class=\"item item-6\">\n<section class=\"image-item\"><img decoding=\"async\" src=\"https:\/\/upload.cdn.baselinker.com\/products\/3018170\/e3ccaf28aa373673c3a745042fa3f40b.jpg\" \/><\/section>\n<\/p><\/div>\n<div class=\"item item-6\">\n<section class=\"text-item\">\n<p><b>SPRAWDZONA JAKO\u015a\u0106 NASION<\/b><\/p>\n<p>Oferowane przez nas nasiona s\u0105 testowane w&nbsp;<b>Laboratorium Oceny Nasion pod wzgl\u0119dem:<\/b><\/p>\n<p>\u2705<b>kie\u0142kowania<\/b><\/p>\n<p>\u2705<b>wilgotno\u015bci<\/b><\/p>\n<p>\u2705<b>czysto\u015bci ziarna<\/b><\/p>\n<p><b>Dzi\u0119ki czemu udost\u0119pniane nasiona s\u0105 \u015bci\u015ble wyselekcjonowane, tylko wysokiej klasy.<\/b><\/p>\n<p>Torebki zakupione na naszej aukcji s\u0105 w pe\u0142ni bezpieczne, posiadaj\u0105&nbsp;<b>dat\u0119 wa\u017cno\u015bci i nr partii na opakowaniu.<\/b>&nbsp;Gwarantujemy r\u00f3wnie\u017c jako\u015b\u0107 i oryginalno\u015b\u0107 produkt\u00f3w, poniewa\u017c s\u0105 nabywane bezpo\u015brednio od producenta.<\/p>\n<\/section><\/div>\n<\/section>\n<section class=\"section\">\n<div class=\"item item-12\">\n<section class=\"image-item\"><img decoding=\"async\" src=\"https:\/\/upload.cdn.baselinker.com\/products\/3018170\/dbe967592df783c87f333d86d2323a1e.jpg\" \/><\/section>\n<\/p><\/div>\n<\/section>\n","protected":false},"excerpt":{"rendered":"<p>NASIONA WAZRYW Pomidor koktajlowy RED CHERRY owoce o s\u0142odkim smaku Pomidor koktajlowy RED CHERRY SOLANUM LYCOPERSICUM L. Bardzo plenna, \u015brednio wczesna, wysoka odmiana pomidora koktajlowego. Tworzy drobne (\u015br. 2-3cm), soczyste, czerwone owoce o intensywnym s\u0142odkim smaku z lekkim kwaskowatym akcentem. Idealny do bezpo\u015bredniego spo\u017cycia, \u015bwie\u017cych sa\u0142atek, jako dodatek do przystawek lub jako zdrowa przek\u0105ska. Wysiew&#8230;<\/p>\n","protected":false},"featured_media":24740,"comment_status":"open","ping_status":"closed","template":"","meta":{"inline_featured_image":false},"product_cat":[126,162,185],"product_tag":[],"location":[],"class_list":{"0":"post-24744","1":"product","2":"type-product","3":"status-publish","4":"has-post-thumbnail","6":"product_cat-nasiona-warzyw","7":"product_cat-nasiona","8":"product_cat-nasiona-pomidorow","9":"nt-post-class","10":"","13":"excerpt-none","16":"first","17":"instock","18":"shipping-taxable","19":"purchasable","20":"product-type-simple"},"_links":{"self":[{"href":"https:\/\/boskienasiona.pl\/en\/wp-json\/wp\/v2\/product\/24744","targetHints":{"allow":["GET"]}}],"collection":[{"href":"https:\/\/boskienasiona.pl\/en\/wp-json\/wp\/v2\/product"}],"about":[{"href":"https:\/\/boskienasiona.pl\/en\/wp-json\/wp\/v2\/types\/product"}],"replies":[{"embeddable":true,"href":"https:\/\/boskienasiona.pl\/en\/wp-json\/wp\/v2\/comments?post=24744"}],"version-history":[{"count":0,"href":"https:\/\/boskienasiona.pl\/en\/wp-json\/wp\/v2\/product\/24744\/revisions"}],"wp:featuredmedia":[{"embeddable":true,"href":"https:\/\/boskienasiona.pl\/en\/wp-json\/wp\/v2\/media\/24740"}],"wp:attachment":[{"href":"https:\/\/boskienasiona.pl\/en\/wp-json\/wp\/v2\/media?parent=24744"}],"wp:term":[{"taxonomy":"product_cat","embeddable":true,"href":"https:\/\/boskienasiona.pl\/en\/wp-json\/wp\/v2\/product_cat?post=24744"},{"taxonomy":"product_tag","embeddable":true,"href":"https:\/\/boskienasiona.pl\/en\/wp-json\/wp\/v2\/product_tag?post=24744"},{"taxonomy":"location","embeddable":true,"href":"https:\/\/boskienasiona.pl\/en\/wp-json\/wp\/v2\/location?post=24744"}],"curies":[{"name":"wp","href":"https:\/\/api.w.org\/{rel}","templated":true}]}}