{"id":24761,"date":"2026-02-10T20:53:53","date_gmt":"2026-02-10T19:53:53","guid":{"rendered":"https:\/\/boskienasiona.pl\/produkt\/nasiona-warzyw-pomidor-or-pera-dabruzzo-duze-soczyste-i-miesiste-owoce\/"},"modified":"2026-03-17T14:24:00","modified_gmt":"2026-03-17T13:24:00","slug":"nasiona-warzyw-pomidor-or-pera-dabruzzo-duze-soczyste-i-miesiste-owoce","status":"publish","type":"product","link":"https:\/\/boskienasiona.pl\/en\/produkt\/nasiona-warzyw-pomidor-or-pera-dabruzzo-duze-soczyste-i-miesiste-owoce\/","title":{"rendered":"NASIONA WARZYW Pomidor OR PERA D&#8217;ABRUZZO du\u017ce soczyste i mi\u0119siste owoce"},"content":{"rendered":"<section class=\"section\">\n<div class=\"item item-12\">\n<section class=\"text-item\">\n<h1>NASIONA WARZYW Pomidor OR PERA D\u2019ABRUZZO du\u017ce soczyste i mi\u0119siste owoce<\/h1>\n<\/section><\/div>\n<\/section>\n<section class=\"section\">\n<div class=\"item item-6\">\n<section class=\"image-item\"><img decoding=\"async\" src=\"https:\/\/upload.cdn.baselinker.com\/products\/3018170\/08db35fa4dafc22d0b364d618b4d8e2c.jpg\" \/><\/section>\n<\/p><\/div>\n<div class=\"item item-6\">\n<section class=\"text-item\">\n<p><b>Pomidor gruntowy OR PERA D\u2019ABRUZZO<\/b><\/p>\n<p>SOLANUM LYCOPERSICUM L.<\/p>\n<p>Odmiana wysoka o ci\u0105g\u0142ym typie wzrostu, przeznaczona do uprawy w gruncie przy palikach lub pod os\u0142onami. Tworzy du\u017ce, soczyste i bardzo mi\u0119siste owoce o masie 250 \u2013 300 g<\/p>\n<p>w kszta\u0142cie gruszki. Polecana do bezpo\u015bredniego spo\u017cycia i na przetwory. Plastry owoc\u00f3w nadaj\u0105 si\u0119 do grillowania. Wysiew od III do pocz\u0105tku IV do wielodoniczek pod os\u0142onami. Siewki pikujemy po 2 tygodniach do doniczek. Wysadzi\u0107 do gruntu w po\u0142owie V. Wschody nast\u0119puj\u0105 po 7-14 dniach.<\/p>\n<p><b>\u2705Siew:<\/b> III\u2013V<\/p>\n<p><b>\u2705Zbi\u00f3r:<\/b> VII\u2013IX<\/p>\n<p><b>\u2705Rozstawa:<\/b> 60\u00d750 cm<\/p>\n<\/section><\/div>\n<\/section>\n<section class=\"section\">\n<div class=\"item item-6\">\n<section class=\"image-item\"><img decoding=\"async\" src=\"https:\/\/upload.cdn.baselinker.com\/products\/3018170\/1e03b22fa479cabf40f3193bde6a6541.jpg\" \/><\/section>\n<\/p><\/div>\n<div class=\"item item-6\">\n<section class=\"text-item\">\n<p><b>SPRAWDZONA JAKO\u015a\u0106 NASION<\/b><\/p>\n<p>Oferowane przez nas nasiona s\u0105 testowane w&nbsp;<b>Laboratorium Oceny Nasion pod wzgl\u0119dem:<\/b><\/p>\n<p>\u2705<b>kie\u0142kowania<\/b><\/p>\n<p>\u2705<b>wilgotno\u015bci<\/b><\/p>\n<p>\u2705<b>czysto\u015bci ziarna<\/b><\/p>\n<p><b>Dzi\u0119ki czemu udost\u0119pniane nasiona s\u0105 \u015bci\u015ble wyselekcjonowane, tylko wysokiej klasy.<\/b><\/p>\n<p>Torebki zakupione na naszej aukcji s\u0105 w pe\u0142ni bezpieczne, posiadaj\u0105&nbsp;<b>dat\u0119 wa\u017cno\u015bci i nr partii na opakowaniu.<\/b>&nbsp;Gwarantujemy r\u00f3wnie\u017c jako\u015b\u0107 i oryginalno\u015b\u0107 produkt\u00f3w, poniewa\u017c s\u0105 nabywane bezpo\u015brednio od producenta.<\/p>\n<\/section><\/div>\n<\/section>\n<section class=\"section\">\n<div class=\"item item-12\">\n<section class=\"image-item\"><img decoding=\"async\" src=\"https:\/\/upload.cdn.baselinker.com\/products\/3018170\/aa95e26455dc279bf8f70bb647aa16a5.jpg\" \/><\/section>\n<\/p><\/div>\n<\/section>\n","protected":false},"excerpt":{"rendered":"<p>NASIONA WARZYW Pomidor OR PERA D\u2019ABRUZZO du\u017ce soczyste i mi\u0119siste owoce Pomidor gruntowy OR PERA D\u2019ABRUZZO SOLANUM LYCOPERSICUM L. Odmiana wysoka o ci\u0105g\u0142ym typie wzrostu, przeznaczona do uprawy w gruncie przy palikach lub pod os\u0142onami. Tworzy du\u017ce, soczyste i bardzo mi\u0119siste owoce o masie 250 \u2013 300 g w kszta\u0142cie gruszki. Polecana do bezpo\u015bredniego spo\u017cycia&#8230;<\/p>\n","protected":false},"featured_media":24759,"comment_status":"open","ping_status":"closed","template":"","meta":{"inline_featured_image":false},"product_cat":[126,162,185],"product_tag":[],"location":[],"class_list":{"0":"post-24761","1":"product","2":"type-product","3":"status-publish","4":"has-post-thumbnail","6":"product_cat-nasiona-warzyw","7":"product_cat-nasiona","8":"product_cat-nasiona-pomidorow","9":"nt-post-class","10":"","13":"excerpt-none","16":"first","17":"instock","18":"shipping-taxable","19":"purchasable","20":"product-type-simple"},"_links":{"self":[{"href":"https:\/\/boskienasiona.pl\/en\/wp-json\/wp\/v2\/product\/24761","targetHints":{"allow":["GET"]}}],"collection":[{"href":"https:\/\/boskienasiona.pl\/en\/wp-json\/wp\/v2\/product"}],"about":[{"href":"https:\/\/boskienasiona.pl\/en\/wp-json\/wp\/v2\/types\/product"}],"replies":[{"embeddable":true,"href":"https:\/\/boskienasiona.pl\/en\/wp-json\/wp\/v2\/comments?post=24761"}],"version-history":[{"count":0,"href":"https:\/\/boskienasiona.pl\/en\/wp-json\/wp\/v2\/product\/24761\/revisions"}],"wp:featuredmedia":[{"embeddable":true,"href":"https:\/\/boskienasiona.pl\/en\/wp-json\/wp\/v2\/media\/24759"}],"wp:attachment":[{"href":"https:\/\/boskienasiona.pl\/en\/wp-json\/wp\/v2\/media?parent=24761"}],"wp:term":[{"taxonomy":"product_cat","embeddable":true,"href":"https:\/\/boskienasiona.pl\/en\/wp-json\/wp\/v2\/product_cat?post=24761"},{"taxonomy":"product_tag","embeddable":true,"href":"https:\/\/boskienasiona.pl\/en\/wp-json\/wp\/v2\/product_tag?post=24761"},{"taxonomy":"location","embeddable":true,"href":"https:\/\/boskienasiona.pl\/en\/wp-json\/wp\/v2\/location?post=24761"}],"curies":[{"name":"wp","href":"https:\/\/api.w.org\/{rel}","templated":true}]}}