{"id":24774,"date":"2026-02-10T20:54:05","date_gmt":"2026-02-10T19:54:05","guid":{"rendered":"https:\/\/boskienasiona.pl\/produkt\/nasiona-warzyw-pomidor-malinowy-kapturek-rosliny-nawet-450-600-owocow\/"},"modified":"2026-04-18T22:18:59","modified_gmt":"2026-04-18T20:18:59","slug":"nasiona-warzyw-pomidor-malinowy-kapturek-rosliny-nawet-450-600-owocow","status":"publish","type":"product","link":"https:\/\/boskienasiona.pl\/en\/produkt\/nasiona-warzyw-pomidor-malinowy-kapturek-rosliny-nawet-450-600-owocow\/","title":{"rendered":"NASIONA WARZYW Pomidor MALINOWY KAPTUREK ro\u015bliny nawet 450-600 owoc\u00f3w"},"content":{"rendered":"<section class=\"section\">\n<div class=\"item item-12\">\n<section class=\"text-item\">\n<h1>NASIONA WARZYW Pomidor MALINOWY KAPTUREK ro\u015bliny nawet 450-600 owoc\u00f3w<\/h1>\n<\/section><\/div>\n<\/section>\n<section class=\"section\">\n<div class=\"item item-6\">\n<section class=\"image-item\"><img decoding=\"async\" src=\"https:\/\/upload.cdn.baselinker.com\/products\/3018170\/84988274c205c9a08b08ba11d97b5f93.jpg\" \/><\/section>\n<\/p><\/div>\n<div class=\"item item-6\">\n<section class=\"text-item\">\n<p><b>Pomidor gruntowy MALINOWY KAPTUREK<\/b><\/p>\n<p>Solanum lycopersicum<\/p>\n<p>Bardzo plenna, wczesna (weg. 60-65dni) odmiana drobnoowocowa, samoko\u0144cz\u0105ca, charakteryzuj\u0105ca si\u0119 malinowymi, cylindrycznymi owocami typu cherry o wadze 7-8g.<\/p>\n<p>Z jednej ro\u015bliny mo\u017cna uzyska\u0107 nawet 450-600 owoc\u00f3w, zebranych w d\u0142ugie, g\u0119ste grona. Owoce s\u0105 s\u0142odkie, malinowor\u00f3\u017cowe, o cienkiej sk\u00f3rce. Dobrze sprawdza si\u0119 w uprawie<\/p>\n<p>w tunelach oraz w gruncie przy palikach. Wyr\u00f3\u017cnia si\u0119 odporno\u015bci\u0105 na choroby grzybowe. Siew na g\u0142\u0119boko\u015b\u0107 0,5 cm do skrzynek III-IV, przesadza\u0107 do gruntu po pierwszej po\u0142owie maja.<\/p>\n<p><b>\u2705Siew pod os\u0142ony:<\/b> III\u2013IV g\u0142. 0,5cm<\/p>\n<p><b>\u2705Wysadzanie do gruntu:<\/b> V<\/p>\n<p><b>\u2705Rozstawa:<\/b> 30-40 x 60 cm<\/p>\n<p><b>\u2705Zbi\u00f3r:<\/b> VI\u2013VIII<\/p>\n<\/section><\/div>\n<\/section>\n<section class=\"section\">\n<div class=\"item item-6\">\n<section class=\"image-item\"><img decoding=\"async\" src=\"https:\/\/upload.cdn.baselinker.com\/products\/3018170\/b8d6c5c51ab7cfeb626141bd14d96d07.jpg\" \/><\/section>\n<\/p><\/div>\n<div class=\"item item-6\">\n<section class=\"text-item\">\n<p><b>SPRAWDZONA JAKO\u015a\u0106 NASION<\/b><\/p>\n<p>Oferowane przez nas nasiona s\u0105 testowane w&nbsp;<b>Laboratorium Oceny Nasion pod wzgl\u0119dem:<\/b><\/p>\n<p>\u2705<b>kie\u0142kowania<\/b><\/p>\n<p>\u2705<b>wilgotno\u015bci<\/b><\/p>\n<p>\u2705<b>czysto\u015bci ziarna<\/b><\/p>\n<p><b>Dzi\u0119ki czemu udost\u0119pniane nasiona s\u0105 \u015bci\u015ble wyselekcjonowane, tylko wysokiej klasy.<\/b><\/p>\n<p>Torebki zakupione na naszej aukcji s\u0105 w pe\u0142ni bezpieczne, posiadaj\u0105&nbsp;<b>dat\u0119 wa\u017cno\u015bci i nr partii na opakowaniu.<\/b>&nbsp;Gwarantujemy r\u00f3wnie\u017c jako\u015b\u0107 i oryginalno\u015b\u0107 produkt\u00f3w, poniewa\u017c s\u0105 nabywane bezpo\u015brednio od producenta.<\/p>\n<\/section><\/div>\n<\/section>\n<section class=\"section\">\n<div class=\"item item-12\">\n<section class=\"image-item\"><img decoding=\"async\" src=\"https:\/\/upload.cdn.baselinker.com\/products\/3018170\/8b84ab8c18c6bc498f6de8c510a6e9b8.jpg\" \/><\/section>\n<\/p><\/div>\n<\/section>\n<section class=\"section\">\n<div class=\"item item-12\">\n<section class=\"image-item\"><img decoding=\"async\" src=\"https:\/\/upload.cdn.baselinker.com\/products\/3018170\/1dd69de81033ce4102fd645ae8c92168.jpg\" \/><\/section>\n<\/p><\/div>\n<\/section>\n","protected":false},"excerpt":{"rendered":"<p>NASIONA WARZYW Pomidor MALINOWY KAPTUREK ro\u015bliny nawet 450-600 owoc\u00f3w Pomidor gruntowy MALINOWY KAPTUREK Solanum lycopersicum Bardzo plenna, wczesna (weg. 60-65dni) odmiana drobnoowocowa, samoko\u0144cz\u0105ca, charakteryzuj\u0105ca si\u0119 malinowymi, cylindrycznymi owocami typu cherry o wadze 7-8g. Z jednej ro\u015bliny mo\u017cna uzyska\u0107 nawet 450-600 owoc\u00f3w, zebranych w d\u0142ugie, g\u0119ste grona. Owoce s\u0105 s\u0142odkie, malinowor\u00f3\u017cowe, o cienkiej sk\u00f3rce. Dobrze sprawdza&#8230;<\/p>\n","protected":false},"featured_media":24772,"comment_status":"open","ping_status":"closed","template":"","meta":{"inline_featured_image":false},"product_cat":[126,162,185],"product_tag":[],"location":[],"class_list":{"0":"post-24774","1":"product","2":"type-product","3":"status-publish","4":"has-post-thumbnail","6":"product_cat-nasiona-warzyw","7":"product_cat-nasiona","8":"product_cat-nasiona-pomidorow","9":"nt-post-class","10":"","13":"excerpt-none","16":"first","17":"instock","18":"shipping-taxable","19":"purchasable","20":"product-type-simple"},"_links":{"self":[{"href":"https:\/\/boskienasiona.pl\/en\/wp-json\/wp\/v2\/product\/24774","targetHints":{"allow":["GET"]}}],"collection":[{"href":"https:\/\/boskienasiona.pl\/en\/wp-json\/wp\/v2\/product"}],"about":[{"href":"https:\/\/boskienasiona.pl\/en\/wp-json\/wp\/v2\/types\/product"}],"replies":[{"embeddable":true,"href":"https:\/\/boskienasiona.pl\/en\/wp-json\/wp\/v2\/comments?post=24774"}],"version-history":[{"count":0,"href":"https:\/\/boskienasiona.pl\/en\/wp-json\/wp\/v2\/product\/24774\/revisions"}],"wp:featuredmedia":[{"embeddable":true,"href":"https:\/\/boskienasiona.pl\/en\/wp-json\/wp\/v2\/media\/24772"}],"wp:attachment":[{"href":"https:\/\/boskienasiona.pl\/en\/wp-json\/wp\/v2\/media?parent=24774"}],"wp:term":[{"taxonomy":"product_cat","embeddable":true,"href":"https:\/\/boskienasiona.pl\/en\/wp-json\/wp\/v2\/product_cat?post=24774"},{"taxonomy":"product_tag","embeddable":true,"href":"https:\/\/boskienasiona.pl\/en\/wp-json\/wp\/v2\/product_tag?post=24774"},{"taxonomy":"location","embeddable":true,"href":"https:\/\/boskienasiona.pl\/en\/wp-json\/wp\/v2\/location?post=24774"}],"curies":[{"name":"wp","href":"https:\/\/api.w.org\/{rel}","templated":true}]}}