{"id":24791,"date":"2026-02-10T20:54:22","date_gmt":"2026-02-10T19:54:22","guid":{"rendered":"https:\/\/boskienasiona.pl\/produkt\/nasiona-warzyw-pomidor-gruntowy-wysoki-moneymaker-slodkie-czerwone-owoce\/"},"modified":"2026-04-15T22:22:46","modified_gmt":"2026-04-15T20:22:46","slug":"nasiona-warzyw-pomidor-gruntowy-wysoki-moneymaker-slodkie-czerwone-owoce","status":"publish","type":"product","link":"https:\/\/boskienasiona.pl\/en\/produkt\/nasiona-warzyw-pomidor-gruntowy-wysoki-moneymaker-slodkie-czerwone-owoce\/","title":{"rendered":"NASIONA WARZYW Pomidor gruntowy wysoki MONEYMAKER s\u0142odkie czerwone owoce"},"content":{"rendered":"<section class=\"section\">\n<div class=\"item item-12\">\n<section class=\"text-item\">\n<h1>NASIONA WARZYW Pomidor gruntowy wysoki MONEYMAKER s\u0142odkie czerwone owoce<\/h1>\n<\/section><\/div>\n<\/section>\n<section class=\"section\">\n<div class=\"item item-6\">\n<section class=\"image-item\"><img decoding=\"async\" src=\"https:\/\/upload.cdn.baselinker.com\/products\/3018170\/9bcb6b475fef4d17fbfe7b28e280a329.jpg\" \/><\/section>\n<\/p><\/div>\n<div class=\"item item-6\">\n<section class=\"text-item\">\n<p><b>Pomidor gruntowy wysoki MONEYMAKER<\/b><\/p>\n<p>SOLANUM LYCOPERSICUM L.<\/p>\n<p>Wczesna odmiana o silnym wzro\u015bcie (do 250 cm), do uprawy w gruncie i pod os\u0142onami. Tworzy du\u017ce, s\u0142odkie, czerwone owoce (100 g) z grub\u0105, b\u0142yszcz\u0105c\u0105 sk\u00f3rk\u0105 odporn\u0105<\/p>\n<p>na p\u0119kanie. \u015awietna do przechowywania, krojenia, sa\u0142atek i dekoracji. Wysiew III\u2013IV,<\/p>\n<p>sadzenie do gruntu w drugiej po\u0142owie maja.<\/p>\n<p><b>\u2705Siew do inspektu:<\/b> III-IV<\/p>\n<p><b>\u2705Siew do gruntu:<\/b> \u00bd V, na g\u0142. 0,5 cm<\/p>\n<p><b>\u2705Przesadzanie do gruntu:<\/b> \u00bd V<\/p>\n<p><b>\u2705Rozstawa:<\/b> 70\u00d750-60 cm<\/p>\n<p><b>\u2705Zbi\u00f3r:<\/b> VII-VIII<\/p>\n<\/section><\/div>\n<\/section>\n<section class=\"section\">\n<div class=\"item item-6\">\n<section class=\"image-item\"><img decoding=\"async\" src=\"https:\/\/upload.cdn.baselinker.com\/products\/3018170\/02d44e03d31e2d02058eb70bbd2dd733.jpg\" \/><\/section>\n<\/p><\/div>\n<div class=\"item item-6\">\n<section class=\"text-item\">\n<p><b>SPRAWDZONA JAKO\u015a\u0106 NASION<\/b><\/p>\n<p>Oferowane przez nas nasiona s\u0105 testowane w&nbsp;<b>Laboratorium Oceny Nasion pod wzgl\u0119dem:<\/b><\/p>\n<p>\u2705<b>kie\u0142kowania<\/b><\/p>\n<p>\u2705<b>wilgotno\u015bci<\/b><\/p>\n<p>\u2705<b>czysto\u015bci ziarna<\/b><\/p>\n<p><b>Dzi\u0119ki czemu udost\u0119pniane nasiona s\u0105 \u015bci\u015ble wyselekcjonowane, tylko wysokiej klasy.<\/b><\/p>\n<p>Torebki zakupione na naszej aukcji s\u0105 w pe\u0142ni bezpieczne, posiadaj\u0105&nbsp;<b>dat\u0119 wa\u017cno\u015bci i nr partii na opakowaniu.<\/b>&nbsp;Gwarantujemy r\u00f3wnie\u017c jako\u015b\u0107 i oryginalno\u015b\u0107 produkt\u00f3w, poniewa\u017c s\u0105 nabywane bezpo\u015brednio od producenta.<\/p>\n<\/section><\/div>\n<\/section>\n<section class=\"section\">\n<div class=\"item item-12\">\n<section class=\"image-item\"><img decoding=\"async\" src=\"https:\/\/upload.cdn.baselinker.com\/products\/3018170\/4f0fcdb3354b2479bae9f1d64af1ebec.jpg\" \/><\/section>\n<\/p><\/div>\n<\/section>\n","protected":false},"excerpt":{"rendered":"<p>NASIONA WARZYW Pomidor gruntowy wysoki MONEYMAKER s\u0142odkie czerwone owoce Pomidor gruntowy wysoki MONEYMAKER SOLANUM LYCOPERSICUM L. Wczesna odmiana o silnym wzro\u015bcie (do 250 cm), do uprawy w gruncie i pod os\u0142onami. Tworzy du\u017ce, s\u0142odkie, czerwone owoce (100 g) z grub\u0105, b\u0142yszcz\u0105c\u0105 sk\u00f3rk\u0105 odporn\u0105 na p\u0119kanie. \u015awietna do przechowywania, krojenia, sa\u0142atek i dekoracji. Wysiew III\u2013IV, sadzenie&#8230;<\/p>\n","protected":false},"featured_media":24789,"comment_status":"open","ping_status":"closed","template":"","meta":{"inline_featured_image":false},"product_cat":[126,162,185],"product_tag":[],"location":[],"class_list":{"0":"post-24791","1":"product","2":"type-product","3":"status-publish","4":"has-post-thumbnail","6":"product_cat-nasiona-warzyw","7":"product_cat-nasiona","8":"product_cat-nasiona-pomidorow","9":"nt-post-class","10":"","13":"excerpt-none","16":"first","17":"instock","18":"shipping-taxable","19":"purchasable","20":"product-type-simple"},"_links":{"self":[{"href":"https:\/\/boskienasiona.pl\/en\/wp-json\/wp\/v2\/product\/24791","targetHints":{"allow":["GET"]}}],"collection":[{"href":"https:\/\/boskienasiona.pl\/en\/wp-json\/wp\/v2\/product"}],"about":[{"href":"https:\/\/boskienasiona.pl\/en\/wp-json\/wp\/v2\/types\/product"}],"replies":[{"embeddable":true,"href":"https:\/\/boskienasiona.pl\/en\/wp-json\/wp\/v2\/comments?post=24791"}],"version-history":[{"count":0,"href":"https:\/\/boskienasiona.pl\/en\/wp-json\/wp\/v2\/product\/24791\/revisions"}],"wp:featuredmedia":[{"embeddable":true,"href":"https:\/\/boskienasiona.pl\/en\/wp-json\/wp\/v2\/media\/24789"}],"wp:attachment":[{"href":"https:\/\/boskienasiona.pl\/en\/wp-json\/wp\/v2\/media?parent=24791"}],"wp:term":[{"taxonomy":"product_cat","embeddable":true,"href":"https:\/\/boskienasiona.pl\/en\/wp-json\/wp\/v2\/product_cat?post=24791"},{"taxonomy":"product_tag","embeddable":true,"href":"https:\/\/boskienasiona.pl\/en\/wp-json\/wp\/v2\/product_tag?post=24791"},{"taxonomy":"location","embeddable":true,"href":"https:\/\/boskienasiona.pl\/en\/wp-json\/wp\/v2\/location?post=24791"}],"curies":[{"name":"wp","href":"https:\/\/api.w.org\/{rel}","templated":true}]}}