{"id":24821,"date":"2026-02-10T20:54:53","date_gmt":"2026-02-10T19:54:53","guid":{"rendered":"https:\/\/boskienasiona.pl\/produkt\/nasiona-warzyw-pomidor-gruntowy-wysoki-costoluto-fiorentino-owoce-180-200-g\/"},"modified":"2026-03-24T22:22:29","modified_gmt":"2026-03-24T21:22:29","slug":"nasiona-warzyw-pomidor-gruntowy-wysoki-costoluto-fiorentino-owoce-180-200-g","status":"publish","type":"product","link":"https:\/\/boskienasiona.pl\/en\/produkt\/nasiona-warzyw-pomidor-gruntowy-wysoki-costoluto-fiorentino-owoce-180-200-g\/","title":{"rendered":"NASIONA WARZYW Pomidor gruntowy wysoki COSTOLUTO FIORENTINO Owoce 180-200 g"},"content":{"rendered":"<section class=\"section\">\n<div class=\"item item-12\">\n<section class=\"text-item\">\n<h1>NASIONA WARZYW Pomidor gruntowy wysoki COSTOLUTO FIORENTINO Owoce 180-200 g<\/h1>\n<\/section><\/div>\n<\/section>\n<section class=\"section\">\n<div class=\"item item-6\">\n<section class=\"image-item\"><img decoding=\"async\" src=\"https:\/\/upload.cdn.baselinker.com\/products\/3018170\/c9d6fdebe66abb33e6bf1d28f95e238e.jpg\" \/><\/section>\n<\/p><\/div>\n<div class=\"item item-6\">\n<section class=\"text-item\">\n<p><b>Pomidor gruntowy wysoki COSTOLUTO FIORENTINO<\/b><\/p>\n<p>SOLANUM LYCOPERSICUM L.<\/p>\n<p>Dobrze plonuj\u0105ca odmiana, odpowiednia do uprawy w gruncie i pod os\u0142onami przy palikach. Okres wegetacyjny 110 dni. Owoce du\u017ce, osi\u0105gaj\u0105 wag\u0119 180-200 g, z wyra\u017anym \u017cebrowaniem. Mi\u0105\u017csz smaczny, mi\u0119sisty, o intensywnie czerwonej barwie.<\/p>\n<p>Doskona\u0142a do bezpo\u015bredniego spo\u017cycia i przetw\u00f3rstwa \u2013 na przeciery, sosy i zupy.<\/p>\n<p>Wysiew nasion pod os\u0142onami III-IV, &nbsp;przesadzanie sadzonek do gruntu w drugiej po\u0142owie V.<\/p>\n<p><b>\u2705Siew inspekt:<\/b> III-IV<\/p>\n<p><b>\u2705Siew grunt:<\/b> \u00bd V, na g\u0142. 0,5 cm<\/p>\n<p><b>\u2705Przesadzanie do gruntu:<\/b> \u00bd V<\/p>\n<p><b>\u2705Rozstawa:<\/b> 70\u00d740-50 cm<\/p>\n<p><b>\u2705Zbi\u00f3r:<\/b> VIII-IX<\/p>\n<\/section><\/div>\n<\/section>\n<section class=\"section\">\n<div class=\"item item-6\">\n<section class=\"image-item\"><img decoding=\"async\" src=\"https:\/\/upload.cdn.baselinker.com\/products\/3018170\/a88ad847482ded87ba8fc5f9621c0c8b.jpg\" \/><\/section>\n<\/p><\/div>\n<div class=\"item item-6\">\n<section class=\"text-item\">\n<p><b>SPRAWDZONA JAKO\u015a\u0106 NASION<\/b><\/p>\n<p>Oferowane przez nas nasiona s\u0105 testowane w&nbsp;<b>Laboratorium Oceny Nasion pod wzgl\u0119dem:<\/b><\/p>\n<p>\u2705<b>kie\u0142kowania<\/b><\/p>\n<p>\u2705<b>wilgotno\u015bci<\/b><\/p>\n<p>\u2705<b>czysto\u015bci ziarna<\/b><\/p>\n<p><b>Dzi\u0119ki czemu udost\u0119pniane nasiona s\u0105 \u015bci\u015ble wyselekcjonowane, tylko wysokiej klasy.<\/b><\/p>\n<p>Torebki zakupione na naszej aukcji s\u0105 w pe\u0142ni bezpieczne, posiadaj\u0105&nbsp;<b>dat\u0119 wa\u017cno\u015bci i nr partii na opakowaniu.<\/b>&nbsp;Gwarantujemy r\u00f3wnie\u017c jako\u015b\u0107 i oryginalno\u015b\u0107 produkt\u00f3w, poniewa\u017c s\u0105 nabywane bezpo\u015brednio od producenta.<\/p>\n<\/section><\/div>\n<\/section>\n<section class=\"section\">\n<div class=\"item item-12\">\n<section class=\"image-item\"><img decoding=\"async\" src=\"https:\/\/upload.cdn.baselinker.com\/products\/3018170\/81a0ce64c0fea9167424834438eb7eb3.jpg\" \/><\/section>\n<\/p><\/div>\n<\/section>\n","protected":false},"excerpt":{"rendered":"<p>NASIONA WARZYW Pomidor gruntowy wysoki COSTOLUTO FIORENTINO Owoce 180-200 g Pomidor gruntowy wysoki COSTOLUTO FIORENTINO SOLANUM LYCOPERSICUM L. Dobrze plonuj\u0105ca odmiana, odpowiednia do uprawy w gruncie i pod os\u0142onami przy palikach. Okres wegetacyjny 110 dni. Owoce du\u017ce, osi\u0105gaj\u0105 wag\u0119 180-200 g, z wyra\u017anym \u017cebrowaniem. Mi\u0105\u017csz smaczny, mi\u0119sisty, o intensywnie czerwonej barwie. Doskona\u0142a do bezpo\u015bredniego spo\u017cycia&#8230;<\/p>\n","protected":false},"featured_media":24819,"comment_status":"open","ping_status":"closed","template":"","meta":{"inline_featured_image":false},"product_cat":[126,162,185],"product_tag":[],"location":[],"class_list":{"0":"post-24821","1":"product","2":"type-product","3":"status-publish","4":"has-post-thumbnail","6":"product_cat-nasiona-warzyw","7":"product_cat-nasiona","8":"product_cat-nasiona-pomidorow","9":"nt-post-class","10":"","13":"excerpt-none","16":"first","17":"instock","18":"shipping-taxable","19":"purchasable","20":"product-type-simple"},"_links":{"self":[{"href":"https:\/\/boskienasiona.pl\/en\/wp-json\/wp\/v2\/product\/24821","targetHints":{"allow":["GET"]}}],"collection":[{"href":"https:\/\/boskienasiona.pl\/en\/wp-json\/wp\/v2\/product"}],"about":[{"href":"https:\/\/boskienasiona.pl\/en\/wp-json\/wp\/v2\/types\/product"}],"replies":[{"embeddable":true,"href":"https:\/\/boskienasiona.pl\/en\/wp-json\/wp\/v2\/comments?post=24821"}],"version-history":[{"count":0,"href":"https:\/\/boskienasiona.pl\/en\/wp-json\/wp\/v2\/product\/24821\/revisions"}],"wp:featuredmedia":[{"embeddable":true,"href":"https:\/\/boskienasiona.pl\/en\/wp-json\/wp\/v2\/media\/24819"}],"wp:attachment":[{"href":"https:\/\/boskienasiona.pl\/en\/wp-json\/wp\/v2\/media?parent=24821"}],"wp:term":[{"taxonomy":"product_cat","embeddable":true,"href":"https:\/\/boskienasiona.pl\/en\/wp-json\/wp\/v2\/product_cat?post=24821"},{"taxonomy":"product_tag","embeddable":true,"href":"https:\/\/boskienasiona.pl\/en\/wp-json\/wp\/v2\/product_tag?post=24821"},{"taxonomy":"location","embeddable":true,"href":"https:\/\/boskienasiona.pl\/en\/wp-json\/wp\/v2\/location?post=24821"}],"curies":[{"name":"wp","href":"https:\/\/api.w.org\/{rel}","templated":true}]}}