{"id":24870,"date":"2026-02-16T15:33:31","date_gmt":"2026-02-16T14:33:31","guid":{"rendered":"https:\/\/boskienasiona.pl\/produkt\/nasiona-warzyw-papryka-ostra-koral-nazywana-jest-papryka-czeresniowa\/"},"modified":"2026-04-17T22:19:31","modified_gmt":"2026-04-17T20:19:31","slug":"nasiona-warzyw-papryka-ostra-koral-nazywana-jest-papryka-czeresniowa","status":"publish","type":"product","link":"https:\/\/boskienasiona.pl\/en\/produkt\/nasiona-warzyw-papryka-ostra-koral-nazywana-jest-papryka-czeresniowa\/","title":{"rendered":"Nasiona warzyw Papryka ostra KOR\u00c1L nazywana jest papryk\u0105 czere\u015bniow\u0105"},"content":{"rendered":"<section class=\"section\">\n<div class=\"item item-12\">\n<section class=\"text-item\">\n<h1>Nasiona warzyw Papryka ostra KOR\u00c1L nazywana jest papryk\u0105 czere\u015bniow\u0105<\/h1>\n<\/section><\/div>\n<\/section>\n<section class=\"section\">\n<div class=\"item item-6\">\n<section class=\"image-item\"><img decoding=\"async\" src=\"https:\/\/upload.cdn.baselinker.com\/products\/3018170\/2ef05a9d1b30ff5c00e343d7b4e936b5.jpg\" \/><\/section>\n<\/p><\/div>\n<div class=\"item item-6\">\n<section class=\"text-item\">\n<p><b>Papryka ostra KOR\u00c1L<\/b><\/p>\n<p>CAPSICUM ANNUM L.<\/p>\n<p>\u015arednio wczesna odmiana gruntowej, ostrej papryki (25 000 \u2013 35 000 w skali Scoville\u2019a). Przez intensywnie czerwone, ma\u0142e 2-3 cm, okr\u0105g\u0142e owoce potocznie nazywana jest papryk\u0105 czere\u015bniow\u0105. \u015awietnie nadaje si\u0119 do konserwowania, nadziewania, przyrz\u0105dzania salsy&nbsp;i suszenia. Mo\u017ce by\u0107 r\u00f3wnie\u017c uprawiana w donicach na balkonach i tarasach. Siew do inspektu w III, przesadzanie rozsady do gruntu lub donic w po\u0142owie V.<\/p>\n<ul>\n<li><b>Siew inspekt:<\/b> III<\/li>\n<li><b>Zbi\u00f3r:<\/b> VIII-IX<\/li>\n<li><b>Rozstawa:<\/b> 40\u00d740 cm<\/li>\n<\/ul>\n<\/section><\/div>\n<\/section>\n<section class=\"section\">\n<div class=\"item item-6\">\n<section class=\"image-item\"><img decoding=\"async\" src=\"https:\/\/upload.cdn.baselinker.com\/products\/3018170\/69b909c0309f7299f3c3b0e10490f1bb.jpg\" \/><\/section>\n<\/p><\/div>\n<div class=\"item item-6\">\n<section class=\"text-item\">\n<p><b>SPRAWDZONA JAKO\u015a\u0106 NASION<\/b><\/p>\n<p>Oferowane przez nas nasiona s\u0105 testowane w&nbsp;<b>Laboratorium Oceny Nasion pod wzgl\u0119dem:<\/b><\/p>\n<p>\u2705<b>kie\u0142kowania<\/b><\/p>\n<p>\u2705<b>wilgotno\u015bci<\/b><\/p>\n<p>\u2705<b>czysto\u015bci ziarna<\/b><\/p>\n<p><b>Dzi\u0119ki czemu udost\u0119pniane nasiona s\u0105 \u015bci\u015ble wyselekcjonowane, tylko wysokiej klasy.<\/b><\/p>\n<p>Torebki zakupione na naszej aukcji s\u0105 w pe\u0142ni bezpieczne, posiadaj\u0105&nbsp;<b>dat\u0119 wa\u017cno\u015bci i nr partii na opakowaniu.<\/b>&nbsp;Gwarantujemy r\u00f3wnie\u017c jako\u015b\u0107 i oryginalno\u015b\u0107 produkt\u00f3w, poniewa\u017c s\u0105 nabywane bezpo\u015brednio od producenta.<\/p>\n<\/section><\/div>\n<\/section>\n","protected":false},"excerpt":{"rendered":"<p>Nasiona warzyw Papryka ostra KOR\u00c1L nazywana jest papryk\u0105 czere\u015bniow\u0105 Papryka ostra KOR\u00c1L CAPSICUM ANNUM L. \u015arednio wczesna odmiana gruntowej, ostrej papryki (25 000 \u2013 35 000 w skali Scoville\u2019a). Przez intensywnie czerwone, ma\u0142e 2-3 cm, okr\u0105g\u0142e owoce potocznie nazywana jest papryk\u0105 czere\u015bniow\u0105. \u015awietnie nadaje si\u0119 do konserwowania, nadziewania, przyrz\u0105dzania salsy&nbsp;i suszenia. Mo\u017ce by\u0107 r\u00f3wnie\u017c uprawiana&#8230;<\/p>\n","protected":false},"featured_media":24868,"comment_status":"open","ping_status":"closed","template":"","meta":{"inline_featured_image":false},"product_cat":[126,162,185],"product_tag":[],"location":[],"class_list":{"0":"post-24870","1":"product","2":"type-product","3":"status-publish","4":"has-post-thumbnail","6":"product_cat-nasiona-warzyw","7":"product_cat-nasiona","8":"product_cat-nasiona-pomidorow","9":"nt-post-class","10":"","13":"excerpt-none","16":"first","17":"instock","18":"shipping-taxable","19":"purchasable","20":"product-type-simple"},"_links":{"self":[{"href":"https:\/\/boskienasiona.pl\/en\/wp-json\/wp\/v2\/product\/24870","targetHints":{"allow":["GET"]}}],"collection":[{"href":"https:\/\/boskienasiona.pl\/en\/wp-json\/wp\/v2\/product"}],"about":[{"href":"https:\/\/boskienasiona.pl\/en\/wp-json\/wp\/v2\/types\/product"}],"replies":[{"embeddable":true,"href":"https:\/\/boskienasiona.pl\/en\/wp-json\/wp\/v2\/comments?post=24870"}],"version-history":[{"count":0,"href":"https:\/\/boskienasiona.pl\/en\/wp-json\/wp\/v2\/product\/24870\/revisions"}],"wp:featuredmedia":[{"embeddable":true,"href":"https:\/\/boskienasiona.pl\/en\/wp-json\/wp\/v2\/media\/24868"}],"wp:attachment":[{"href":"https:\/\/boskienasiona.pl\/en\/wp-json\/wp\/v2\/media?parent=24870"}],"wp:term":[{"taxonomy":"product_cat","embeddable":true,"href":"https:\/\/boskienasiona.pl\/en\/wp-json\/wp\/v2\/product_cat?post=24870"},{"taxonomy":"product_tag","embeddable":true,"href":"https:\/\/boskienasiona.pl\/en\/wp-json\/wp\/v2\/product_tag?post=24870"},{"taxonomy":"location","embeddable":true,"href":"https:\/\/boskienasiona.pl\/en\/wp-json\/wp\/v2\/location?post=24870"}],"curies":[{"name":"wp","href":"https:\/\/api.w.org\/{rel}","templated":true}]}}