{"id":24883,"date":"2026-02-16T15:33:44","date_gmt":"2026-02-16T14:33:44","guid":{"rendered":"https:\/\/boskienasiona.pl\/produkt\/nasiona-warzyw-papryka-ostra-trinidad-moruga-scorpion-bardzo-ostra\/"},"modified":"2026-04-17T14:22:10","modified_gmt":"2026-04-17T12:22:10","slug":"nasiona-warzyw-papryka-ostra-trinidad-moruga-scorpion-bardzo-ostra","status":"publish","type":"product","link":"https:\/\/boskienasiona.pl\/en\/produkt\/nasiona-warzyw-papryka-ostra-trinidad-moruga-scorpion-bardzo-ostra\/","title":{"rendered":"Nasiona warzyw Papryka ostra TRINIDAD MORUGA SCORPION bardzo ostra"},"content":{"rendered":"<section class=\"section\">\n<div class=\"item item-12\">\n<section class=\"text-item\">\n<h1>Nasiona warzyw Papryka ostra TRINIDAD MORUGA SCORPION bardzo ostra<\/h1>\n<\/section><\/div>\n<\/section>\n<section class=\"section\">\n<div class=\"item item-6\">\n<section class=\"image-item\"><img decoding=\"async\" src=\"https:\/\/upload.cdn.baselinker.com\/products\/3018170\/fe64706e57444b1431fd73782bf3b733.jpg\" \/><\/section>\n<\/p><\/div>\n<div class=\"item item-6\">\n<section class=\"text-item\">\n<p><b>Papryka ostra TRINIDAD MORUGA SCORPION<\/b><\/p>\n<p>Capsicum chinese<\/p>\n<p>Jedna z najostrzejszych odmian papryki, w skali Scoville\u2019a osi\u0105ga 1,2-1,8 miliona jednostek. Owoce ma\u0142e 3-5 cm d\u0142ugo\u015bci, kuliste, silnie pofa\u0142dowane, dojrzewaj\u0105c zmieniaj\u0105 kolor&nbsp;z zielonego przez pomara\u0144czowy do czerwonego w postaci dojrza\u0142ej. Wysiew nasion na rozsad\u0119 w I-III, wysadzenie do gruntu w po\u0142owie maja.<\/p>\n<p><b>\u2705Siew inspekt:<\/b> I-III; [0,5&nbsp;cm]<\/p>\n<p><b>\u2705Przesadzanie grunt:<\/b> \u00bd V<\/p>\n<p><b>\u2705<\/b><b>Rozstawa:<\/b> 40\u00d740 cm<\/p>\n<\/section><\/div>\n<\/section>\n<section class=\"section\">\n<div class=\"item item-6\">\n<section class=\"image-item\"><img decoding=\"async\" src=\"https:\/\/upload.cdn.baselinker.com\/products\/3018170\/f639a51ac9048223047fca97d000bd62.jpg\" \/><\/section>\n<\/p><\/div>\n<div class=\"item item-6\">\n<section class=\"text-item\">\n<p><b>SPRAWDZONA JAKO\u015a\u0106 NASION<\/b><\/p>\n<p>Oferowane przez nas nasiona s\u0105 testowane w&nbsp;<b>Laboratorium Oceny Nasion pod wzgl\u0119dem:<\/b><\/p>\n<p>\u2705<b>kie\u0142kowania<\/b><\/p>\n<p>\u2705<b>wilgotno\u015bci<\/b><\/p>\n<p>\u2705<b>czysto\u015bci ziarna<\/b><\/p>\n<p><b>Dzi\u0119ki czemu udost\u0119pniane nasiona s\u0105 \u015bci\u015ble wyselekcjonowane, tylko wysokiej klasy.<\/b><\/p>\n<p>Torebki zakupione na naszej aukcji s\u0105 w pe\u0142ni bezpieczne, posiadaj\u0105&nbsp;<b>dat\u0119 wa\u017cno\u015bci i nr partii na opakowaniu.<\/b>&nbsp;Gwarantujemy r\u00f3wnie\u017c jako\u015b\u0107 i oryginalno\u015b\u0107 produkt\u00f3w, poniewa\u017c s\u0105 nabywane bezpo\u015brednio od producenta.<\/p>\n<\/section><\/div>\n<\/section>\n<section class=\"section\">\n<div class=\"item item-12\">\n<section class=\"image-item\"><img decoding=\"async\" src=\"https:\/\/upload.cdn.baselinker.com\/products\/3018170\/0d01e1212dadaf7168475490177a90a1.jpg\" \/><\/section>\n<\/p><\/div>\n<\/section>\n<section class=\"section\">\n<div class=\"item item-12\">\n<section class=\"image-item\"><img decoding=\"async\" src=\"https:\/\/upload.cdn.baselinker.com\/products\/3018170\/fd076a3a8607c00b696c7b2e43e7ef5a.jpg\" \/><\/section>\n<\/p><\/div>\n<\/section>\n","protected":false},"excerpt":{"rendered":"<p>Nasiona warzyw Papryka ostra TRINIDAD MORUGA SCORPION bardzo ostra Papryka ostra TRINIDAD MORUGA SCORPION Capsicum chinese Jedna z najostrzejszych odmian papryki, w skali Scoville\u2019a osi\u0105ga 1,2-1,8 miliona jednostek. Owoce ma\u0142e 3-5 cm d\u0142ugo\u015bci, kuliste, silnie pofa\u0142dowane, dojrzewaj\u0105c zmieniaj\u0105 kolor&nbsp;z zielonego przez pomara\u0144czowy do czerwonego w postaci dojrza\u0142ej. Wysiew nasion na rozsad\u0119 w I-III, wysadzenie do&#8230;<\/p>\n","protected":false},"featured_media":24881,"comment_status":"open","ping_status":"closed","template":"","meta":{"inline_featured_image":false},"product_cat":[126,162,185],"product_tag":[],"location":[],"class_list":{"0":"post-24883","1":"product","2":"type-product","3":"status-publish","4":"has-post-thumbnail","6":"product_cat-nasiona-warzyw","7":"product_cat-nasiona","8":"product_cat-nasiona-pomidorow","9":"nt-post-class","10":"","13":"excerpt-none","16":"first","17":"instock","18":"shipping-taxable","19":"purchasable","20":"product-type-simple"},"_links":{"self":[{"href":"https:\/\/boskienasiona.pl\/en\/wp-json\/wp\/v2\/product\/24883","targetHints":{"allow":["GET"]}}],"collection":[{"href":"https:\/\/boskienasiona.pl\/en\/wp-json\/wp\/v2\/product"}],"about":[{"href":"https:\/\/boskienasiona.pl\/en\/wp-json\/wp\/v2\/types\/product"}],"replies":[{"embeddable":true,"href":"https:\/\/boskienasiona.pl\/en\/wp-json\/wp\/v2\/comments?post=24883"}],"version-history":[{"count":0,"href":"https:\/\/boskienasiona.pl\/en\/wp-json\/wp\/v2\/product\/24883\/revisions"}],"wp:featuredmedia":[{"embeddable":true,"href":"https:\/\/boskienasiona.pl\/en\/wp-json\/wp\/v2\/media\/24881"}],"wp:attachment":[{"href":"https:\/\/boskienasiona.pl\/en\/wp-json\/wp\/v2\/media?parent=24883"}],"wp:term":[{"taxonomy":"product_cat","embeddable":true,"href":"https:\/\/boskienasiona.pl\/en\/wp-json\/wp\/v2\/product_cat?post=24883"},{"taxonomy":"product_tag","embeddable":true,"href":"https:\/\/boskienasiona.pl\/en\/wp-json\/wp\/v2\/product_tag?post=24883"},{"taxonomy":"location","embeddable":true,"href":"https:\/\/boskienasiona.pl\/en\/wp-json\/wp\/v2\/location?post=24883"}],"curies":[{"name":"wp","href":"https:\/\/api.w.org\/{rel}","templated":true}]}}