{"id":24910,"date":"2026-02-16T15:34:08","date_gmt":"2026-02-16T14:34:08","guid":{"rendered":"https:\/\/boskienasiona.pl\/produkt\/nasiona-warzyw-papryka-slodka-monanta-wczesna-i-bardzo-plenna-odmiana\/"},"modified":"2026-04-14T22:20:59","modified_gmt":"2026-04-14T20:20:59","slug":"nasiona-warzyw-papryka-slodka-monanta-wczesna-i-bardzo-plenna-odmiana","status":"publish","type":"product","link":"https:\/\/boskienasiona.pl\/en\/produkt\/nasiona-warzyw-papryka-slodka-monanta-wczesna-i-bardzo-plenna-odmiana\/","title":{"rendered":"NASIONA WARZYW Papryka s\u0142odka MONANTA wczesna i bardzo plenna odmiana"},"content":{"rendered":"<section class=\"section\">\n<div class=\"item item-12\">\n<section class=\"text-item\">\n<h1>NASIONA WARZYW Papryka s\u0142odka MONANTA wczesna i bardzo plenna odmiana<\/h1>\n<\/section><\/div>\n<\/section>\n<section class=\"section\">\n<div class=\"item item-6\">\n<section class=\"image-item\"><img decoding=\"async\" src=\"https:\/\/upload.cdn.baselinker.com\/products\/3018170\/3b228b115f8d6a4765d5aa3d1b411e0d.jpg\" \/><\/section>\n<\/p><\/div>\n<div class=\"item item-6\">\n<section class=\"text-item\">\n<p><b>Papryka s\u0142odka MONANTA<\/b><\/p>\n<p>CAPSICUM ANNUM L.<\/p>\n<p>Bardzo wczesna i bardzo plenna odmiana papryki przeznaczonej do uprawy w gruncie<\/p>\n<p>i tunelu foliowym. Owoce mo\u017cna zebra\u0107 w r\u00f3\u017cnej fazie dojrza\u0142o\u015bci, na pocz\u0105tku \u017c\u00f3\u0142te, dojrza\u0142e czerwone, szpiczaste, 2-3 komorowe o wadze do 160 g. W smaku bardzo s\u0142odkie, soczyste<\/p>\n<p>i chrupi\u0105ce. Siew do ciep\u0142ego inspektu w II-III, przesadzanie do gruntu w \u00bd V.<\/p>\n<p><b>\u2705Siew inspekt:<\/b> II-III na g\u0142. 0,5 cm<\/p>\n<p><b>\u2705Przesadzanie do gruntu:<\/b> \u00bd V<\/p>\n<p><b>\u2705Zbi\u00f3r:<\/b> VII-X<\/p>\n<p><b>\u2705Rozstawa:<\/b> 30-40 x 40-50 cm<\/p>\n<\/section><\/div>\n<\/section>\n<section class=\"section\">\n<div class=\"item item-6\">\n<section class=\"image-item\"><img decoding=\"async\" src=\"https:\/\/upload.cdn.baselinker.com\/products\/3018170\/d59d864596e9db8f2c94c237055b0934.jpg\" \/><\/section>\n<\/p><\/div>\n<div class=\"item item-6\">\n<section class=\"text-item\">\n<p><b>SPRAWDZONA JAKO\u015a\u0106 NASION<\/b><\/p>\n<p>Oferowane przez nas nasiona s\u0105 testowane w&nbsp;<b>Laboratorium Oceny Nasion pod wzgl\u0119dem:<\/b><\/p>\n<p>\u2705<b>kie\u0142kowania<\/b><\/p>\n<p>\u2705<b>wilgotno\u015bci<\/b><\/p>\n<p>\u2705<b>czysto\u015bci ziarna<\/b><\/p>\n<p><b>Dzi\u0119ki czemu udost\u0119pniane nasiona s\u0105 \u015bci\u015ble wyselekcjonowane, tylko wysokiej klasy.<\/b><\/p>\n<p>Torebki zakupione na naszej aukcji s\u0105 w pe\u0142ni bezpieczne, posiadaj\u0105&nbsp;<b>dat\u0119 wa\u017cno\u015bci i nr partii na opakowaniu.<\/b>&nbsp;Gwarantujemy r\u00f3wnie\u017c jako\u015b\u0107 i oryginalno\u015b\u0107 produkt\u00f3w, poniewa\u017c s\u0105 nabywane bezpo\u015brednio od producenta.<\/p>\n<\/section><\/div>\n<\/section>\n<section class=\"section\">\n<div class=\"item item-12\">\n<section class=\"image-item\"><img decoding=\"async\" src=\"https:\/\/upload.cdn.baselinker.com\/products\/3018170\/4bc79898a126f3380105a18b1d346524.jpg\" \/><\/section>\n<\/p><\/div>\n<\/section>\n<section class=\"section\">\n<div class=\"item item-12\">\n<section class=\"image-item\"><img decoding=\"async\" src=\"https:\/\/upload.cdn.baselinker.com\/products\/3018170\/1c6ffd4799f74644a84be6f22968ccc8.jpg\" \/><\/section>\n<\/p><\/div>\n<\/section>\n","protected":false},"excerpt":{"rendered":"<p>NASIONA WARZYW Papryka s\u0142odka MONANTA wczesna i bardzo plenna odmiana Papryka s\u0142odka MONANTA CAPSICUM ANNUM L. Bardzo wczesna i bardzo plenna odmiana papryki przeznaczonej do uprawy w gruncie i tunelu foliowym. Owoce mo\u017cna zebra\u0107 w r\u00f3\u017cnej fazie dojrza\u0142o\u015bci, na pocz\u0105tku \u017c\u00f3\u0142te, dojrza\u0142e czerwone, szpiczaste, 2-3 komorowe o wadze do 160 g. W smaku bardzo s\u0142odkie,&#8230;<\/p>\n","protected":false},"featured_media":24908,"comment_status":"open","ping_status":"closed","template":"","meta":{"inline_featured_image":false},"product_cat":[126,162,185],"product_tag":[],"location":[],"class_list":{"0":"post-24910","1":"product","2":"type-product","3":"status-publish","4":"has-post-thumbnail","6":"product_cat-nasiona-warzyw","7":"product_cat-nasiona","8":"product_cat-nasiona-pomidorow","9":"nt-post-class","10":"","13":"excerpt-none","16":"first","17":"instock","18":"shipping-taxable","19":"purchasable","20":"product-type-simple"},"_links":{"self":[{"href":"https:\/\/boskienasiona.pl\/en\/wp-json\/wp\/v2\/product\/24910","targetHints":{"allow":["GET"]}}],"collection":[{"href":"https:\/\/boskienasiona.pl\/en\/wp-json\/wp\/v2\/product"}],"about":[{"href":"https:\/\/boskienasiona.pl\/en\/wp-json\/wp\/v2\/types\/product"}],"replies":[{"embeddable":true,"href":"https:\/\/boskienasiona.pl\/en\/wp-json\/wp\/v2\/comments?post=24910"}],"version-history":[{"count":0,"href":"https:\/\/boskienasiona.pl\/en\/wp-json\/wp\/v2\/product\/24910\/revisions"}],"wp:featuredmedia":[{"embeddable":true,"href":"https:\/\/boskienasiona.pl\/en\/wp-json\/wp\/v2\/media\/24908"}],"wp:attachment":[{"href":"https:\/\/boskienasiona.pl\/en\/wp-json\/wp\/v2\/media?parent=24910"}],"wp:term":[{"taxonomy":"product_cat","embeddable":true,"href":"https:\/\/boskienasiona.pl\/en\/wp-json\/wp\/v2\/product_cat?post=24910"},{"taxonomy":"product_tag","embeddable":true,"href":"https:\/\/boskienasiona.pl\/en\/wp-json\/wp\/v2\/product_tag?post=24910"},{"taxonomy":"location","embeddable":true,"href":"https:\/\/boskienasiona.pl\/en\/wp-json\/wp\/v2\/location?post=24910"}],"curies":[{"name":"wp","href":"https:\/\/api.w.org\/{rel}","templated":true}]}}