{"id":24944,"date":"2026-02-16T15:34:40","date_gmt":"2026-02-16T14:34:40","guid":{"rendered":"https:\/\/boskienasiona.pl\/produkt\/nasiona-warzyw-papryka-granova-pierwszorzedna-odmiana-plennej-papryki\/"},"modified":"2026-04-13T14:25:37","modified_gmt":"2026-04-13T12:25:37","slug":"nasiona-warzyw-papryka-granova-pierwszorzedna-odmiana-plennej-papryki","status":"publish","type":"product","link":"https:\/\/boskienasiona.pl\/en\/produkt\/nasiona-warzyw-papryka-granova-pierwszorzedna-odmiana-plennej-papryki\/","title":{"rendered":"NASIONA WARZYW Papryka GRANOVA pierwszorz\u0119dna odmiana plennej papryki"},"content":{"rendered":"<section class=\"section\">\n<div class=\"item item-12\">\n<section class=\"text-item\">\n<h1>NASIONA WARZYW Papryka GRANOVA pierwszorz\u0119dna odmiana plennej papryki<\/h1>\n<\/section><\/div>\n<\/section>\n<section class=\"section\">\n<div class=\"item item-6\">\n<section class=\"image-item\"><img decoding=\"async\" src=\"https:\/\/upload.cdn.baselinker.com\/products\/3018170\/4deb4c08fdf21f8c82382bc60a96895f.jpg\" \/><\/section>\n<\/p><\/div>\n<div class=\"item item-6\">\n<section class=\"text-item\">\n<p><b>Papryka s\u0142odka GRANOVA<\/b><\/p>\n<p>CAPSICUM ANNUM<\/p>\n<p>Pierwszorz\u0119dna odmiana plennej papryki o wysokich w\u0142a\u015bciwo\u015bciach adaptacyjnych, przeznaczona do uprawy polowej. Owoce wielko\u015bci dojrza\u0142ej cytryny o grubych \u015bciankach<\/p>\n<p>(6-7 mm) z trzema lub czterema komorami. Wysiew nasion pod os\u0142ony koniec III-IV. Pod\u0142o\u017ce \u017cyzne, stanowisko s\u0142oneczne. Wysadzanie rozsady w V. Siew do gruntu po 15 maja.<\/p>\n<p><b>\u2705Siew:<\/b> \u00bd III\u2013V<\/p>\n<p><b>\u2705Zbi\u00f3r:<\/b> VIII-IX<\/p>\n<p><b>\u2705Rozstawa:<\/b> 40\u00d750 cm<\/p>\n<\/section><\/div>\n<\/section>\n<section class=\"section\">\n<div class=\"item item-6\">\n<section class=\"image-item\"><img decoding=\"async\" src=\"https:\/\/upload.cdn.baselinker.com\/products\/3018170\/39a90398f423b40de7eba0b72c390d35.jpg\" \/><\/section>\n<\/p><\/div>\n<div class=\"item item-6\">\n<section class=\"text-item\">\n<p><b>SPRAWDZONA JAKO\u015a\u0106 NASION<\/b><\/p>\n<p>Oferowane przez nas nasiona s\u0105 testowane w&nbsp;<b>Laboratorium Oceny Nasion pod wzgl\u0119dem:<\/b><\/p>\n<p>\u2705<b>kie\u0142kowania<\/b><\/p>\n<p>\u2705<b>wilgotno\u015bci<\/b><\/p>\n<p>\u2705<b>czysto\u015bci ziarna<\/b><\/p>\n<p><b>Dzi\u0119ki czemu udost\u0119pniane nasiona s\u0105 \u015bci\u015ble wyselekcjonowane, tylko wysokiej klasy.<\/b><\/p>\n<p>Torebki zakupione na naszej aukcji s\u0105 w pe\u0142ni bezpieczne, posiadaj\u0105&nbsp;<b>dat\u0119 wa\u017cno\u015bci i nr partii na opakowaniu.<\/b>&nbsp;Gwarantujemy r\u00f3wnie\u017c jako\u015b\u0107 i oryginalno\u015b\u0107 produkt\u00f3w, poniewa\u017c s\u0105 nabywane bezpo\u015brednio od producenta.<\/p>\n<\/section><\/div>\n<\/section>\n<section class=\"section\">\n<div class=\"item item-12\">\n<section class=\"image-item\"><img decoding=\"async\" src=\"https:\/\/upload.cdn.baselinker.com\/products\/3018170\/896a93e67b37c8693eb74f60b80a1a88.jpg\" \/><\/section>\n<\/p><\/div>\n<\/section>\n<section class=\"section\">\n<div class=\"item item-12\">\n<section class=\"image-item\"><img decoding=\"async\" src=\"https:\/\/upload.cdn.baselinker.com\/products\/3018170\/1e5bb37e8aa78776259d088bc5ae0226.jpg\" \/><\/section>\n<\/p><\/div>\n<\/section>\n<section class=\"section\">\n<div class=\"item item-12\">\n<section class=\"image-item\"><img decoding=\"async\" src=\"https:\/\/upload.cdn.baselinker.com\/products\/3018170\/fd7c61899329e2cf80149a197c8dd2c3.jpg\" \/><\/section>\n<\/p><\/div>\n<\/section>\n","protected":false},"excerpt":{"rendered":"<p>NASIONA WARZYW Papryka GRANOVA pierwszorz\u0119dna odmiana plennej papryki Papryka s\u0142odka GRANOVA CAPSICUM ANNUM Pierwszorz\u0119dna odmiana plennej papryki o wysokich w\u0142a\u015bciwo\u015bciach adaptacyjnych, przeznaczona do uprawy polowej. Owoce wielko\u015bci dojrza\u0142ej cytryny o grubych \u015bciankach (6-7 mm) z trzema lub czterema komorami. Wysiew nasion pod os\u0142ony koniec III-IV. Pod\u0142o\u017ce \u017cyzne, stanowisko s\u0142oneczne. Wysadzanie rozsady w V. Siew do&#8230;<\/p>\n","protected":false},"featured_media":24942,"comment_status":"open","ping_status":"closed","template":"","meta":{"inline_featured_image":false},"product_cat":[126,162,185],"product_tag":[],"location":[],"class_list":{"0":"post-24944","1":"product","2":"type-product","3":"status-publish","4":"has-post-thumbnail","6":"product_cat-nasiona-warzyw","7":"product_cat-nasiona","8":"product_cat-nasiona-pomidorow","9":"nt-post-class","10":"","13":"excerpt-none","16":"first","17":"instock","18":"shipping-taxable","19":"purchasable","20":"product-type-simple"},"_links":{"self":[{"href":"https:\/\/boskienasiona.pl\/en\/wp-json\/wp\/v2\/product\/24944","targetHints":{"allow":["GET"]}}],"collection":[{"href":"https:\/\/boskienasiona.pl\/en\/wp-json\/wp\/v2\/product"}],"about":[{"href":"https:\/\/boskienasiona.pl\/en\/wp-json\/wp\/v2\/types\/product"}],"replies":[{"embeddable":true,"href":"https:\/\/boskienasiona.pl\/en\/wp-json\/wp\/v2\/comments?post=24944"}],"version-history":[{"count":0,"href":"https:\/\/boskienasiona.pl\/en\/wp-json\/wp\/v2\/product\/24944\/revisions"}],"wp:featuredmedia":[{"embeddable":true,"href":"https:\/\/boskienasiona.pl\/en\/wp-json\/wp\/v2\/media\/24942"}],"wp:attachment":[{"href":"https:\/\/boskienasiona.pl\/en\/wp-json\/wp\/v2\/media?parent=24944"}],"wp:term":[{"taxonomy":"product_cat","embeddable":true,"href":"https:\/\/boskienasiona.pl\/en\/wp-json\/wp\/v2\/product_cat?post=24944"},{"taxonomy":"product_tag","embeddable":true,"href":"https:\/\/boskienasiona.pl\/en\/wp-json\/wp\/v2\/product_tag?post=24944"},{"taxonomy":"location","embeddable":true,"href":"https:\/\/boskienasiona.pl\/en\/wp-json\/wp\/v2\/location?post=24944"}],"curies":[{"name":"wp","href":"https:\/\/api.w.org\/{rel}","templated":true}]}}