{"id":24965,"date":"2026-02-16T15:35:01","date_gmt":"2026-02-16T14:35:01","guid":{"rendered":"https:\/\/boskienasiona.pl\/produkt\/nasiona-warzyw-papryka-slodka-dumas-odmiana-do-uprawy-w-gruncie-i-tunelach\/"},"modified":"2026-04-18T22:19:00","modified_gmt":"2026-04-18T20:19:00","slug":"nasiona-warzyw-papryka-slodka-dumas-odmiana-do-uprawy-w-gruncie-i-tunelach","status":"publish","type":"product","link":"https:\/\/boskienasiona.pl\/en\/produkt\/nasiona-warzyw-papryka-slodka-dumas-odmiana-do-uprawy-w-gruncie-i-tunelach\/","title":{"rendered":"NASIONA WARZYW Papryka s\u0142odka DUMAS Odmiana do uprawy w gruncie i tunelach"},"content":{"rendered":"<section class=\"section\">\n<div class=\"item item-12\">\n<section class=\"text-item\">\n<h1>NASIONA WARZYW Papryka s\u0142odka DUMAS Odmiana do uprawy w gruncie i tunelach<\/h1>\n<\/section><\/div>\n<\/section>\n<section class=\"section\">\n<div class=\"item item-6\">\n<section class=\"image-item\"><img decoding=\"async\" src=\"https:\/\/upload.cdn.baselinker.com\/products\/3018170\/8df3dfad192be3262ae5b4f2d0fae566.jpg\" \/><\/section>\n<\/p><\/div>\n<div class=\"item item-6\">\n<section class=\"text-item\">\n<p><b>Papryka s\u0142odka DUMAS<\/b><\/p>\n<p>CAPSICUM ANNUUM L.<\/p>\n<p>\u015arednio wczesna odmiana s\u0142odkiej, czerwonej, kulistej papryki, kszta\u0142tem przypomina pomidora, o wadze ok. 90 g. Odmiana przeznaczona do uprawy w gruncie oraz niskich tunelach foliowych. Nadaje si\u0119 r\u00f3wnie\u017c do uprawy doniczkowej. &nbsp;Mi\u0105\u017csz soczysty, s\u0142odki, bardzo smaczny. Wysiew nasion do inspektu w II-III. &nbsp;Przesadzanie do tunelu foliowego<\/p>\n<p>w IV lub do gruntu w \u00bdV-VI.<\/p>\n<p><b>\u2705Siew inspekt:<\/b> II-III<\/p>\n<p><b>\u2705Przesadzanie grunt:<\/b> IV-VI<\/p>\n<p><b>\u2705Zbi\u00f3r:<\/b> \u00bd VII-X<\/p>\n<p><b>\u2705Rozstawa:<\/b> 40-50 x 25-35 cm<\/p>\n<\/section><\/div>\n<\/section>\n<section class=\"section\">\n<div class=\"item item-6\">\n<section class=\"image-item\"><img decoding=\"async\" src=\"https:\/\/upload.cdn.baselinker.com\/products\/3018170\/e94b100078342739b6e880f6f6b44b73.jpg\" \/><\/section>\n<\/p><\/div>\n<div class=\"item item-6\">\n<section class=\"text-item\">\n<p><b>SPRAWDZONA JAKO\u015a\u0106 NASION<\/b><\/p>\n<p>Oferowane przez nas nasiona s\u0105 testowane w&nbsp;<b>Laboratorium Oceny Nasion pod wzgl\u0119dem:<\/b><\/p>\n<p>\u2705<b>kie\u0142kowania<\/b><\/p>\n<p>\u2705<b>wilgotno\u015bci<\/b><\/p>\n<p>\u2705<b>czysto\u015bci ziarna<\/b><\/p>\n<p><b>Dzi\u0119ki czemu udost\u0119pniane nasiona s\u0105 \u015bci\u015ble wyselekcjonowane, tylko wysokiej klasy.<\/b><\/p>\n<p>Torebki zakupione na naszej aukcji s\u0105 w pe\u0142ni bezpieczne, posiadaj\u0105&nbsp;<b>dat\u0119 wa\u017cno\u015bci i nr partii na opakowaniu.<\/b>&nbsp;Gwarantujemy r\u00f3wnie\u017c jako\u015b\u0107 i oryginalno\u015b\u0107 produkt\u00f3w, poniewa\u017c s\u0105 nabywane bezpo\u015brednio od producenta.<\/p>\n<\/section><\/div>\n<\/section>\n<section class=\"section\">\n<div class=\"item item-12\">\n<section class=\"image-item\"><img decoding=\"async\" src=\"https:\/\/upload.cdn.baselinker.com\/products\/3018170\/d7043d0cead9e30421a6356d6f0745c5.jpg\" \/><\/section>\n<\/p><\/div>\n<\/section>\n","protected":false},"excerpt":{"rendered":"<p>NASIONA WARZYW Papryka s\u0142odka DUMAS Odmiana do uprawy w gruncie i tunelach Papryka s\u0142odka DUMAS CAPSICUM ANNUUM L. \u015arednio wczesna odmiana s\u0142odkiej, czerwonej, kulistej papryki, kszta\u0142tem przypomina pomidora, o wadze ok. 90 g. Odmiana przeznaczona do uprawy w gruncie oraz niskich tunelach foliowych. Nadaje si\u0119 r\u00f3wnie\u017c do uprawy doniczkowej. &nbsp;Mi\u0105\u017csz soczysty, s\u0142odki, bardzo smaczny. Wysiew&#8230;<\/p>\n","protected":false},"featured_media":24963,"comment_status":"open","ping_status":"closed","template":"","meta":{"inline_featured_image":false},"product_cat":[126,162,185],"product_tag":[],"location":[],"class_list":{"0":"post-24965","1":"product","2":"type-product","3":"status-publish","4":"has-post-thumbnail","6":"product_cat-nasiona-warzyw","7":"product_cat-nasiona","8":"product_cat-nasiona-pomidorow","9":"nt-post-class","10":"","13":"excerpt-none","16":"first","17":"instock","18":"shipping-taxable","19":"purchasable","20":"product-type-simple"},"_links":{"self":[{"href":"https:\/\/boskienasiona.pl\/en\/wp-json\/wp\/v2\/product\/24965","targetHints":{"allow":["GET"]}}],"collection":[{"href":"https:\/\/boskienasiona.pl\/en\/wp-json\/wp\/v2\/product"}],"about":[{"href":"https:\/\/boskienasiona.pl\/en\/wp-json\/wp\/v2\/types\/product"}],"replies":[{"embeddable":true,"href":"https:\/\/boskienasiona.pl\/en\/wp-json\/wp\/v2\/comments?post=24965"}],"version-history":[{"count":0,"href":"https:\/\/boskienasiona.pl\/en\/wp-json\/wp\/v2\/product\/24965\/revisions"}],"wp:featuredmedia":[{"embeddable":true,"href":"https:\/\/boskienasiona.pl\/en\/wp-json\/wp\/v2\/media\/24963"}],"wp:attachment":[{"href":"https:\/\/boskienasiona.pl\/en\/wp-json\/wp\/v2\/media?parent=24965"}],"wp:term":[{"taxonomy":"product_cat","embeddable":true,"href":"https:\/\/boskienasiona.pl\/en\/wp-json\/wp\/v2\/product_cat?post=24965"},{"taxonomy":"product_tag","embeddable":true,"href":"https:\/\/boskienasiona.pl\/en\/wp-json\/wp\/v2\/product_tag?post=24965"},{"taxonomy":"location","embeddable":true,"href":"https:\/\/boskienasiona.pl\/en\/wp-json\/wp\/v2\/location?post=24965"}],"curies":[{"name":"wp","href":"https:\/\/api.w.org\/{rel}","templated":true}]}}