{"id":24978,"date":"2026-02-16T15:35:14","date_gmt":"2026-02-16T14:35:14","guid":{"rendered":"https:\/\/boskienasiona.pl\/produkt\/nasiona-warzyw-papryka-slodka-marconi-bardzo-plenna-odporna-odmiana\/"},"modified":"2026-02-17T01:21:34","modified_gmt":"2026-02-17T00:21:34","slug":"nasiona-warzyw-papryka-slodka-marconi-bardzo-plenna-odporna-odmiana","status":"publish","type":"product","link":"https:\/\/boskienasiona.pl\/en\/produkt\/nasiona-warzyw-papryka-slodka-marconi-bardzo-plenna-odporna-odmiana\/","title":{"rendered":"NASIONA WARZYW Papryka s\u0142odka MARCONI Bardzo plenna odporna odmiana"},"content":{"rendered":"<section class=\"section\">\n<div class=\"item item-12\">\n<section class=\"text-item\">\n<h1>NASIONA WARZYW Papryka s\u0142odka MARCONI Bardzo plenna odporna odmiana<\/h1>\n<\/section><\/div>\n<\/section>\n<section class=\"section\">\n<div class=\"item item-6\">\n<section class=\"image-item\"><img decoding=\"async\" src=\"https:\/\/upload.cdn.baselinker.com\/products\/3018170\/d5c88dfcc4ff468e1be783a84a6a7fec.jpg\" \/><\/section>\n<\/p><\/div>\n<div class=\"item item-6\">\n<section class=\"text-item\">\n<p><b>Papryka s\u0142odka MARCONI<\/b><\/p>\n<p>CAPSICUM ANNUUM L.<\/p>\n<p>Bardzo plenna, odporna odmiana, przeznaczona do uprawy w gruncie i pod os\u0142onami, okres weg. 75-90 dni. Tworzy gigantyczne, pod\u0142u\u017cne (d\u0142. do 25cm), bardzo s\u0142odkie, delikatne<\/p>\n<p>w smaku owoce o intensywnie czerwonej sk\u00f3rce i soczystym mi\u0105\u017cszu. Doskona\u0142a na surowo, do pieczenia, grillowania i faszerowania. Wysiew nasion pod ogrzewane os\u0142ony III-IV. Wysadzanie rozsady w V. Siew do gruntu po 15 maja.<\/p>\n<p><b>\u2705Siew pod os\u0142ony:<\/b> \u00bd III\u2013IV g\u0142. 1cm<\/p>\n<p><b>\u2705Siew do gruntu:<\/b> V g\u0142. 1cm<\/p>\n<p><b>\u2705Rozstawa:<\/b> 50\u00d750 cm<\/p>\n<\/section><\/div>\n<\/section>\n<section class=\"section\">\n<div class=\"item item-6\">\n<section class=\"image-item\"><img decoding=\"async\" src=\"https:\/\/upload.cdn.baselinker.com\/products\/3018170\/f6a65d11f513f41ffe6740132d35e9f9.jpg\" \/><\/section>\n<\/p><\/div>\n<div class=\"item item-6\">\n<section class=\"text-item\">\n<p><b>SPRAWDZONA JAKO\u015a\u0106 NASION<\/b><\/p>\n<p>Oferowane przez nas nasiona s\u0105 testowane w&nbsp;<b>Laboratorium Oceny Nasion pod wzgl\u0119dem:<\/b><\/p>\n<p>\u2705<b>kie\u0142kowania<\/b><\/p>\n<p>\u2705<b>wilgotno\u015bci<\/b><\/p>\n<p>\u2705<b>czysto\u015bci ziarna<\/b><\/p>\n<p><b>Dzi\u0119ki czemu udost\u0119pniane nasiona s\u0105 \u015bci\u015ble wyselekcjonowane, tylko wysokiej klasy.<\/b><\/p>\n<p>Torebki zakupione na naszej aukcji s\u0105 w pe\u0142ni bezpieczne, posiadaj\u0105&nbsp;<b>dat\u0119 wa\u017cno\u015bci i nr partii na opakowaniu.<\/b>&nbsp;Gwarantujemy r\u00f3wnie\u017c jako\u015b\u0107 i oryginalno\u015b\u0107 produkt\u00f3w, poniewa\u017c s\u0105 nabywane bezpo\u015brednio od producenta.<\/p>\n<\/section><\/div>\n<\/section>\n<section class=\"section\">\n<div class=\"item item-12\">\n<section class=\"image-item\"><img decoding=\"async\" src=\"https:\/\/upload.cdn.baselinker.com\/products\/3018170\/f5d9770a28bb10bcf4be6dd4c34c443f.jpg\" \/><\/section>\n<\/p><\/div>\n<\/section>\n<section class=\"section\">\n<div class=\"item item-12\">\n<section class=\"image-item\"><img decoding=\"async\" src=\"https:\/\/upload.cdn.baselinker.com\/products\/3018170\/f05dda948c358cfb20e558d2b54426f7.jpg\" \/><\/section>\n<\/p><\/div>\n<\/section>\n","protected":false},"excerpt":{"rendered":"<p>NASIONA WARZYW Papryka s\u0142odka MARCONI Bardzo plenna odporna odmiana Papryka s\u0142odka MARCONI CAPSICUM ANNUUM L. Bardzo plenna, odporna odmiana, przeznaczona do uprawy w gruncie i pod os\u0142onami, okres weg. 75-90 dni. Tworzy gigantyczne, pod\u0142u\u017cne (d\u0142. do 25cm), bardzo s\u0142odkie, delikatne w smaku owoce o intensywnie czerwonej sk\u00f3rce i soczystym mi\u0105\u017cszu. Doskona\u0142a na surowo, do pieczenia,&#8230;<\/p>\n","protected":false},"featured_media":24976,"comment_status":"open","ping_status":"closed","template":"","meta":{"inline_featured_image":false},"product_cat":[126,162,188],"product_tag":[],"location":[],"class_list":{"0":"post-24978","1":"product","2":"type-product","3":"status-publish","4":"has-post-thumbnail","6":"product_cat-nasiona-warzyw","7":"product_cat-nasiona","8":"product_cat-nasiona-papryki","9":"nt-post-class","10":"","13":"excerpt-none","16":"first","17":"outofstock","18":"shipping-taxable","19":"purchasable","20":"product-type-simple"},"_links":{"self":[{"href":"https:\/\/boskienasiona.pl\/en\/wp-json\/wp\/v2\/product\/24978","targetHints":{"allow":["GET"]}}],"collection":[{"href":"https:\/\/boskienasiona.pl\/en\/wp-json\/wp\/v2\/product"}],"about":[{"href":"https:\/\/boskienasiona.pl\/en\/wp-json\/wp\/v2\/types\/product"}],"replies":[{"embeddable":true,"href":"https:\/\/boskienasiona.pl\/en\/wp-json\/wp\/v2\/comments?post=24978"}],"version-history":[{"count":1,"href":"https:\/\/boskienasiona.pl\/en\/wp-json\/wp\/v2\/product\/24978\/revisions"}],"predecessor-version":[{"id":25157,"href":"https:\/\/boskienasiona.pl\/en\/wp-json\/wp\/v2\/product\/24978\/revisions\/25157"}],"wp:featuredmedia":[{"embeddable":true,"href":"https:\/\/boskienasiona.pl\/en\/wp-json\/wp\/v2\/media\/24976"}],"wp:attachment":[{"href":"https:\/\/boskienasiona.pl\/en\/wp-json\/wp\/v2\/media?parent=24978"}],"wp:term":[{"taxonomy":"product_cat","embeddable":true,"href":"https:\/\/boskienasiona.pl\/en\/wp-json\/wp\/v2\/product_cat?post=24978"},{"taxonomy":"product_tag","embeddable":true,"href":"https:\/\/boskienasiona.pl\/en\/wp-json\/wp\/v2\/product_tag?post=24978"},{"taxonomy":"location","embeddable":true,"href":"https:\/\/boskienasiona.pl\/en\/wp-json\/wp\/v2\/location?post=24978"}],"curies":[{"name":"wp","href":"https:\/\/api.w.org\/{rel}","templated":true}]}}