{"id":24995,"date":"2026-02-16T15:39:16","date_gmt":"2026-02-16T14:39:16","guid":{"rendered":"https:\/\/boskienasiona.pl\/produkt\/nasiona-warzyw-cebula-globo-bardoz-duze-cebule-o-delikatnym-slodkim-smaku\/"},"modified":"2026-04-19T14:18:59","modified_gmt":"2026-04-19T12:18:59","slug":"nasiona-warzyw-cebula-globo-bardoz-duze-cebule-o-delikatnym-slodkim-smaku","status":"publish","type":"product","link":"https:\/\/boskienasiona.pl\/en\/produkt\/nasiona-warzyw-cebula-globo-bardoz-duze-cebule-o-delikatnym-slodkim-smaku\/","title":{"rendered":"Nasiona warzyw CEBULA GLOBO BARDOZ DU\u017bE CEBULE o delikatnym s\u0142odkim smaku"},"content":{"rendered":"<section class=\"section\">\n<div class=\"item item-12\">\n<section class=\"text-item\">\n<h1>Nasiona warzyw CEBULA GLOBO BARDOZ DU\u017bE CEBULE o delikatnym s\u0142odkim smaku<\/h1>\n<\/section><\/div>\n<\/section>\n<section class=\"section\">\n<div class=\"item item-6\">\n<section class=\"image-item\"><img decoding=\"async\" src=\"https:\/\/upload.cdn.baselinker.com\/products\/3018170\/2a6330ad48a257348210a0d85a376efb.jpg\" \/><\/section>\n<\/p><\/div>\n<div class=\"item item-6\">\n<section class=\"text-item\">\n<p><b>Cebula GLOBO<\/b><\/p>\n<p>Odmiana sa\u0142atkowa p\u00f3\u017ana, tworz\u0105ca bardzo du\u017ce (700-750 g) cebule o doskona\u0142ym, wyj\u0105tkowo delikatnym, s\u0142odkawym smaku. Cebule w kszta\u0142cie owalnym z \u017c\u00f3\u0142t\u0105, s\u0142omkow\u0105 \u0142usk\u0105. Mo\u017cna j\u0105 uprawia\u0107 z siewu wprost do gruntu lub z rozsady. Przy uprawie z rozsady cebule osi\u0105gaj\u0105 wi\u0119kszy rozmiar. Nie nadaje si\u0119 do d\u0142ugiego sk\u0142adowania. Wymaga gleby pr\u00f3chnicznej, dostatecznie wilgotnej. Siew na g\u0142\u0119boko\u015b\u0107 1cm, od po\u0142owy II do IV.<\/p>\n<p><b>\u2705Siew:<\/b> \u00bd II-IV<\/p>\n<p><b>\u2705Zbi\u00f3r:<\/b> VII -IX<\/p>\n<p><b>\u2705Rozstawa:<\/b> 40\u00d715-30 cm<\/p>\n<\/section><\/div>\n<\/section>\n<section class=\"section\">\n<div class=\"item item-6\">\n<section class=\"image-item\"><img decoding=\"async\" src=\"https:\/\/upload.cdn.baselinker.com\/products\/3018170\/b909556cc96723b56394e73b8b8c96e7.jpg\" \/><\/section>\n<\/p><\/div>\n<div class=\"item item-6\">\n<section class=\"text-item\">\n<p><b>SPRAWDZONA JAKO\u015a\u0106 NASION<\/b><\/p>\n<p>Oferowane przez nas nasiona s\u0105 testowane w\u00a0<b>Laboratorium Oceny Nasion pod wzgl\u0119dem:<\/b><\/p>\n<p>\u2705<b>kie\u0142kowania<\/b><\/p>\n<p>\u2705<b>wilgotno\u015bci<\/b><\/p>\n<p>\u2705<b>czysto\u015bci ziarna<\/b><\/p>\n<p><b>Dzi\u0119ki czemu udost\u0119pniane nasiona s\u0105 \u015bci\u015ble wyselekcjonowane, tylko wysokiej klasy.<\/b><\/p>\n<p>Torebki zakupione na naszej aukcji s\u0105 w pe\u0142ni bezpieczne, posiadaj\u0105\u00a0<b>dat\u0119 wa\u017cno\u015bci i nr partii na opakowaniu.<\/b>\u00a0Gwarantujemy r\u00f3wnie\u017c jako\u015b\u0107 i oryginalno\u015b\u0107 produkt\u00f3w, poniewa\u017c s\u0105 nabywane bezpo\u015brednio od producenta.<\/p>\n<\/section><\/div>\n<\/section>\n<section class=\"section\">\n<div class=\"item item-6\">\n<section class=\"image-item\"><img decoding=\"async\" src=\"https:\/\/upload.cdn.baselinker.com\/products\/3018170\/c3f9a61a16b55f19cf96664afcd84d77.jpg\" \/><\/section>\n<\/p><\/div>\n<div class=\"item item-6\">\n<section class=\"image-item\"><img decoding=\"async\" src=\"https:\/\/upload.cdn.baselinker.com\/products\/3018170\/4ce5e166fe92187a4c15c7bb009e3e71.jpg\" \/><\/section>\n<\/p><\/div>\n<\/section>\n","protected":false},"excerpt":{"rendered":"<p>Nasiona warzyw CEBULA GLOBO BARDOZ DU\u017bE CEBULE o delikatnym s\u0142odkim smaku Cebula GLOBO Odmiana sa\u0142atkowa p\u00f3\u017ana, tworz\u0105ca bardzo du\u017ce (700-750 g) cebule o doskona\u0142ym, wyj\u0105tkowo delikatnym, s\u0142odkawym smaku. Cebule w kszta\u0142cie owalnym z \u017c\u00f3\u0142t\u0105, s\u0142omkow\u0105 \u0142usk\u0105. Mo\u017cna j\u0105 uprawia\u0107 z siewu wprost do gruntu lub z rozsady. Przy uprawie z rozsady cebule osi\u0105gaj\u0105 wi\u0119kszy rozmiar&#8230;.<\/p>\n","protected":false},"featured_media":24993,"comment_status":"open","ping_status":"closed","template":"","meta":{"inline_featured_image":false},"product_cat":[162,163],"product_tag":[],"location":[],"class_list":{"0":"post-24995","1":"product","2":"type-product","3":"status-publish","4":"has-post-thumbnail","6":"product_cat-nasiona","7":"product_cat-nasiona-cebuli","8":"nt-post-class","9":"","12":"excerpt-none","15":"first","16":"instock","17":"shipping-taxable","18":"purchasable","19":"product-type-simple"},"_links":{"self":[{"href":"https:\/\/boskienasiona.pl\/en\/wp-json\/wp\/v2\/product\/24995","targetHints":{"allow":["GET"]}}],"collection":[{"href":"https:\/\/boskienasiona.pl\/en\/wp-json\/wp\/v2\/product"}],"about":[{"href":"https:\/\/boskienasiona.pl\/en\/wp-json\/wp\/v2\/types\/product"}],"replies":[{"embeddable":true,"href":"https:\/\/boskienasiona.pl\/en\/wp-json\/wp\/v2\/comments?post=24995"}],"version-history":[{"count":0,"href":"https:\/\/boskienasiona.pl\/en\/wp-json\/wp\/v2\/product\/24995\/revisions"}],"wp:featuredmedia":[{"embeddable":true,"href":"https:\/\/boskienasiona.pl\/en\/wp-json\/wp\/v2\/media\/24993"}],"wp:attachment":[{"href":"https:\/\/boskienasiona.pl\/en\/wp-json\/wp\/v2\/media?parent=24995"}],"wp:term":[{"taxonomy":"product_cat","embeddable":true,"href":"https:\/\/boskienasiona.pl\/en\/wp-json\/wp\/v2\/product_cat?post=24995"},{"taxonomy":"product_tag","embeddable":true,"href":"https:\/\/boskienasiona.pl\/en\/wp-json\/wp\/v2\/product_tag?post=24995"},{"taxonomy":"location","embeddable":true,"href":"https:\/\/boskienasiona.pl\/en\/wp-json\/wp\/v2\/location?post=24995"}],"curies":[{"name":"wp","href":"https:\/\/api.w.org\/{rel}","templated":true}]}}