{"id":25020,"date":"2026-02-16T15:39:39","date_gmt":"2026-02-16T14:39:39","guid":{"rendered":"https:\/\/boskienasiona.pl\/produkt\/nasiona-warzyw-cebula-czerwona-karmen-o-slodko-pikantnym-smaku\/"},"modified":"2026-04-19T14:19:00","modified_gmt":"2026-04-19T12:19:00","slug":"nasiona-warzyw-cebula-czerwona-karmen-o-slodko-pikantnym-smaku","status":"publish","type":"product","link":"https:\/\/boskienasiona.pl\/en\/produkt\/nasiona-warzyw-cebula-czerwona-karmen-o-slodko-pikantnym-smaku\/","title":{"rendered":"Nasiona warzyw CEBULA CZERWONA KARMEN o s\u0142odko pikantnym smaku"},"content":{"rendered":"<section class=\"section\">\n<div class=\"item item-12\">\n<section class=\"text-item\">\n<h1>Nasiona warzyw CEBULA CZERWONA KARMEN o s\u0142odko pikantnym smaku<\/h1>\n<\/section><\/div>\n<\/section>\n<section class=\"section\">\n<div class=\"item item-6\">\n<section class=\"image-item\"><img decoding=\"async\" src=\"https:\/\/upload.cdn.baselinker.com\/products\/3018170\/7b6a4337b03a474951bb084d1bfc2421.jpg\" \/><\/section>\n<\/p><\/div>\n<div class=\"item item-6\">\n<section class=\"text-item\">\n<p><b>Cebula KARMEN<\/b><\/p>\n<p>Odmiana \u015brednio-wczesna (okres weg.125-130 dni) charakteryzuj\u0105ca si\u0119 cebulami<\/p>\n<p>o intensywnej karminowo-fioletowej \u0142usce, kuliste, lekko sp\u0142aszczone, o s\u0142odko pikantnym smaku. Mi\u0105\u017csz niezwykle smaczny o ciekawym bia\u0142o-fioletowym zabarwieniu. Cebule wyr\u00f3wnane o \u015bredniej wadze oko\u0142o 100-120 g. Polecana jako dodatek do sa\u0142atek i d\u0142ugiego przechowywania. Wymaga gleby \u017cyznej, dobrze uprawionej. Siew na g\u0142\u0119boko\u015b\u0107 1-1,5 cm od po\u0142owy III do IV. Zbi\u00f3r: VII-IX.<\/p>\n<ul>\n<li><b>Siew:<\/b> \u00bd III-IV<\/li>\n<li><b>Zbi\u00f3r:<\/b> VII -IX<\/li>\n<li><b>Rozstawa:<\/b> 30-40\u00d73-5 cm<\/li>\n<\/ul>\n<\/section><\/div>\n<\/section>\n<section class=\"section\">\n<div class=\"item item-6\">\n<section class=\"image-item\"><img decoding=\"async\" src=\"https:\/\/upload.cdn.baselinker.com\/products\/3018170\/2cf5602304f7f03f1e335183dfa46014.jpg\" \/><\/section>\n<\/p><\/div>\n<div class=\"item item-6\">\n<section class=\"text-item\">\n<p><b>SPRAWDZONA JAKO\u015a\u0106 NASION<\/b><\/p>\n<p>Oferowane przez nas nasiona s\u0105 testowane w\u00a0<b>Laboratorium Oceny Nasion pod wzgl\u0119dem:<\/b><\/p>\n<p>\u2705<b>kie\u0142kowania<\/b><\/p>\n<p>\u2705<b>wilgotno\u015bci<\/b><\/p>\n<p>\u2705<b>czysto\u015bci ziarna<\/b><\/p>\n<p><b>Dzi\u0119ki czemu udost\u0119pniane nasiona s\u0105 \u015bci\u015ble wyselekcjonowane, tylko wysokiej klasy.<\/b><\/p>\n<p>Torebki zakupione na naszej aukcji s\u0105 w pe\u0142ni bezpieczne, posiadaj\u0105\u00a0<b>dat\u0119 wa\u017cno\u015bci i nr partii na opakowaniu.<\/b>\u00a0Gwarantujemy r\u00f3wnie\u017c jako\u015b\u0107 i oryginalno\u015b\u0107 produkt\u00f3w, poniewa\u017c s\u0105 nabywane bezpo\u015brednio od producenta.<\/p>\n<\/section><\/div>\n<\/section>\n<section class=\"section\">\n<div class=\"item item-12\">\n<section class=\"image-item\"><img decoding=\"async\" src=\"https:\/\/upload.cdn.baselinker.com\/products\/3018170\/5455f06e286b2f0cdc785b5200ded7e4.jpg\" \/><\/section>\n<\/p><\/div>\n<\/section>\n<section class=\"section\">\n<div class=\"item item-12\">\n<section class=\"image-item\"><img decoding=\"async\" src=\"https:\/\/upload.cdn.baselinker.com\/products\/3018170\/0a649313ff6351b23f115102d4690b27.jpg\" \/><\/section>\n<\/p><\/div>\n<\/section>\n","protected":false},"excerpt":{"rendered":"<p>Nasiona warzyw CEBULA CZERWONA KARMEN o s\u0142odko pikantnym smaku Cebula KARMEN Odmiana \u015brednio-wczesna (okres weg.125-130 dni) charakteryzuj\u0105ca si\u0119 cebulami o intensywnej karminowo-fioletowej \u0142usce, kuliste, lekko sp\u0142aszczone, o s\u0142odko pikantnym smaku. Mi\u0105\u017csz niezwykle smaczny o ciekawym bia\u0142o-fioletowym zabarwieniu. Cebule wyr\u00f3wnane o \u015bredniej wadze oko\u0142o 100-120 g. Polecana jako dodatek do sa\u0142atek i d\u0142ugiego przechowywania. Wymaga gleby&#8230;<\/p>\n","protected":false},"featured_media":25018,"comment_status":"open","ping_status":"closed","template":"","meta":{"inline_featured_image":false},"product_cat":[162,163],"product_tag":[],"location":[],"class_list":{"0":"post-25020","1":"product","2":"type-product","3":"status-publish","4":"has-post-thumbnail","6":"product_cat-nasiona","7":"product_cat-nasiona-cebuli","8":"nt-post-class","9":"","12":"excerpt-none","15":"first","16":"instock","17":"shipping-taxable","18":"purchasable","19":"product-type-simple"},"_links":{"self":[{"href":"https:\/\/boskienasiona.pl\/en\/wp-json\/wp\/v2\/product\/25020","targetHints":{"allow":["GET"]}}],"collection":[{"href":"https:\/\/boskienasiona.pl\/en\/wp-json\/wp\/v2\/product"}],"about":[{"href":"https:\/\/boskienasiona.pl\/en\/wp-json\/wp\/v2\/types\/product"}],"replies":[{"embeddable":true,"href":"https:\/\/boskienasiona.pl\/en\/wp-json\/wp\/v2\/comments?post=25020"}],"version-history":[{"count":0,"href":"https:\/\/boskienasiona.pl\/en\/wp-json\/wp\/v2\/product\/25020\/revisions"}],"wp:featuredmedia":[{"embeddable":true,"href":"https:\/\/boskienasiona.pl\/en\/wp-json\/wp\/v2\/media\/25018"}],"wp:attachment":[{"href":"https:\/\/boskienasiona.pl\/en\/wp-json\/wp\/v2\/media?parent=25020"}],"wp:term":[{"taxonomy":"product_cat","embeddable":true,"href":"https:\/\/boskienasiona.pl\/en\/wp-json\/wp\/v2\/product_cat?post=25020"},{"taxonomy":"product_tag","embeddable":true,"href":"https:\/\/boskienasiona.pl\/en\/wp-json\/wp\/v2\/product_tag?post=25020"},{"taxonomy":"location","embeddable":true,"href":"https:\/\/boskienasiona.pl\/en\/wp-json\/wp\/v2\/location?post=25020"}],"curies":[{"name":"wp","href":"https:\/\/api.w.org\/{rel}","templated":true}]}}