{"id":25043,"date":"2026-02-16T15:39:58","date_gmt":"2026-02-16T14:39:58","guid":{"rendered":"https:\/\/boskienasiona.pl\/produkt\/nasiona-warzyw-cebula-avalon-o-doskonalym-delikatnym-slodkawym-smaku\/"},"modified":"2026-04-17T14:22:12","modified_gmt":"2026-04-17T12:22:12","slug":"nasiona-warzyw-cebula-avalon-o-doskonalym-delikatnym-slodkawym-smaku","status":"publish","type":"product","link":"https:\/\/boskienasiona.pl\/en\/produkt\/nasiona-warzyw-cebula-avalon-o-doskonalym-delikatnym-slodkawym-smaku\/","title":{"rendered":"Nasiona warzyw CEBULA AVALON o doskona\u0142ym delikatnym s\u0142odkawym smaku"},"content":{"rendered":"<section class=\"section\">\n<div class=\"item item-12\">\n<section class=\"text-item\">\n<h1>Nasiona warzyw CEBULA AVALON o doskona\u0142ym delikatnym s\u0142odkawym smaku<\/h1>\n<\/section><\/div>\n<\/section>\n<section class=\"section\">\n<div class=\"item item-6\">\n<section class=\"image-item\"><img decoding=\"async\" src=\"https:\/\/upload.cdn.baselinker.com\/products\/3018170\/2dd8d3c2e6f78877146eb2ca3f0b226b.jpg\" \/><\/section>\n<\/p><\/div>\n<div class=\"item item-6\">\n<section class=\"text-item\">\n<p><b>Cebula AVALON<\/b><\/p>\n<p>ALLIUM CEPA L.<\/p>\n<p>Odmiana \u015brednio wczesna o bia\u0142ej \u0142usce. Cebule o doskona\u0142ym, wyj\u0105tkowo delikatnym, s\u0142odkawym smaku i wadze 115 g. Zastosowanie: do bezpo\u015bredniego spo\u017cycia i \u015brednio d\u0142ugiego przechowywania. Wymaga gleby \u015brednio ci\u0119\u017ckiej, \u017cyznej, dostatecznie wilgotnej. Siew na g\u0142\u0119boko\u015b\u0107 1cm od po\u0142owy III do IV.<\/p>\n<\/section><\/div>\n<\/section>\n<section class=\"section\">\n<div class=\"item item-6\">\n<section class=\"image-item\"><img decoding=\"async\" src=\"https:\/\/upload.cdn.baselinker.com\/products\/3018170\/28013fdbc7004cb102359f8a4a245134.jpg\" \/><\/section>\n<\/p><\/div>\n<div class=\"item item-6\">\n<section class=\"text-item\">\n<p><b>SPRAWDZONA JAKO\u015a\u0106 NASION<\/b><\/p>\n<p>Oferowane przez nas nasiona s\u0105 testowane w&nbsp;<b>Laboratorium Oceny Nasion pod wzgl\u0119dem:<\/b><\/p>\n<p>\u2705<b>kie\u0142kowania<\/b><\/p>\n<p>\u2705<b>wilgotno\u015bci<\/b><\/p>\n<p>\u2705<b>czysto\u015bci ziarna<\/b><\/p>\n<p><b>Dzi\u0119ki czemu udost\u0119pniane nasiona s\u0105 \u015bci\u015ble wyselekcjonowane, tylko wysokiej klasy.<\/b><\/p>\n<p>Torebki zakupione na naszej aukcji s\u0105 w pe\u0142ni bezpieczne, posiadaj\u0105&nbsp;<b>dat\u0119 wa\u017cno\u015bci i nr partii na opakowaniu.<\/b>&nbsp;Gwarantujemy r\u00f3wnie\u017c jako\u015b\u0107 i oryginalno\u015b\u0107 produkt\u00f3w, poniewa\u017c s\u0105 nabywane bezpo\u015brednio od producenta.<\/p>\n<\/section><\/div>\n<\/section>\n<section class=\"section\">\n<div class=\"item item-12\">\n<section class=\"image-item\"><img decoding=\"async\" src=\"https:\/\/upload.cdn.baselinker.com\/products\/3018170\/c018dfc1efb998b2cf91d9e5c0402b08.jpg\" \/><\/section>\n<\/p><\/div>\n<\/section>\n<section class=\"section\">\n<div class=\"item item-12\">\n<section class=\"image-item\"><img decoding=\"async\" src=\"https:\/\/upload.cdn.baselinker.com\/products\/3018170\/443c7e1514d947d4dcdf27812aa8008c.jpg\" \/><\/section>\n<\/p><\/div>\n<\/section>\n","protected":false},"excerpt":{"rendered":"<p>Nasiona warzyw CEBULA AVALON o doskona\u0142ym delikatnym s\u0142odkawym smaku Cebula AVALON ALLIUM CEPA L. Odmiana \u015brednio wczesna o bia\u0142ej \u0142usce. Cebule o doskona\u0142ym, wyj\u0105tkowo delikatnym, s\u0142odkawym smaku i wadze 115 g. Zastosowanie: do bezpo\u015bredniego spo\u017cycia i \u015brednio d\u0142ugiego przechowywania. Wymaga gleby \u015brednio ci\u0119\u017ckiej, \u017cyznej, dostatecznie wilgotnej. Siew na g\u0142\u0119boko\u015b\u0107 1cm od po\u0142owy III do IV&#8230;.<\/p>\n","protected":false},"featured_media":25041,"comment_status":"open","ping_status":"closed","template":"","meta":{"inline_featured_image":false},"product_cat":[162,163],"product_tag":[],"location":[],"class_list":{"0":"post-25043","1":"product","2":"type-product","3":"status-publish","4":"has-post-thumbnail","6":"product_cat-nasiona","7":"product_cat-nasiona-cebuli","8":"nt-post-class","9":"","12":"excerpt-none","15":"first","16":"instock","17":"shipping-taxable","18":"purchasable","19":"product-type-simple"},"_links":{"self":[{"href":"https:\/\/boskienasiona.pl\/en\/wp-json\/wp\/v2\/product\/25043","targetHints":{"allow":["GET"]}}],"collection":[{"href":"https:\/\/boskienasiona.pl\/en\/wp-json\/wp\/v2\/product"}],"about":[{"href":"https:\/\/boskienasiona.pl\/en\/wp-json\/wp\/v2\/types\/product"}],"replies":[{"embeddable":true,"href":"https:\/\/boskienasiona.pl\/en\/wp-json\/wp\/v2\/comments?post=25043"}],"version-history":[{"count":0,"href":"https:\/\/boskienasiona.pl\/en\/wp-json\/wp\/v2\/product\/25043\/revisions"}],"wp:featuredmedia":[{"embeddable":true,"href":"https:\/\/boskienasiona.pl\/en\/wp-json\/wp\/v2\/media\/25041"}],"wp:attachment":[{"href":"https:\/\/boskienasiona.pl\/en\/wp-json\/wp\/v2\/media?parent=25043"}],"wp:term":[{"taxonomy":"product_cat","embeddable":true,"href":"https:\/\/boskienasiona.pl\/en\/wp-json\/wp\/v2\/product_cat?post=25043"},{"taxonomy":"product_tag","embeddable":true,"href":"https:\/\/boskienasiona.pl\/en\/wp-json\/wp\/v2\/product_tag?post=25043"},{"taxonomy":"location","embeddable":true,"href":"https:\/\/boskienasiona.pl\/en\/wp-json\/wp\/v2\/location?post=25043"}],"curies":[{"name":"wp","href":"https:\/\/api.w.org\/{rel}","templated":true}]}}