{"id":25068,"date":"2026-02-16T15:40:19","date_gmt":"2026-02-16T14:40:19","guid":{"rendered":"https:\/\/boskienasiona.pl\/produkt\/nasiona-warzyw-cebula-augusta-zimujaca-lekko-ostra-odporna-na-zarazy\/"},"modified":"2026-04-19T14:19:01","modified_gmt":"2026-04-19T12:19:01","slug":"nasiona-warzyw-cebula-augusta-zimujaca-lekko-ostra-odporna-na-zarazy","status":"publish","type":"product","link":"https:\/\/boskienasiona.pl\/en\/produkt\/nasiona-warzyw-cebula-augusta-zimujaca-lekko-ostra-odporna-na-zarazy\/","title":{"rendered":"NASIONA WARZYW CEBULA AUGUSTA ZIMUJ\u0104CA LEKKO OSTRA ODPORNA NA ZARAZY"},"content":{"rendered":"<section class=\"section\">\n<div class=\"item item-12\">\n<section class=\"text-item\">\n<h1>NASIONA WARZYW CEBULA AUGUSTA ZIMUJ\u0104CA LEKKO OSTRA ODPORNA NA ZARAZY<\/h1>\n<\/section><\/div>\n<\/section>\n<section class=\"section\">\n<div class=\"item item-6\">\n<section class=\"image-item\"><img decoding=\"async\" src=\"https:\/\/upload.cdn.baselinker.com\/products\/3018170\/7bcea17d0bb193416e90642ca2327eae.jpg\" \/><\/section>\n<\/p><\/div>\n<div class=\"item item-6\">\n<section class=\"text-item\">\n<p><b>Cebula zimuj\u0105ca AUGUSTA<\/b><\/p>\n<p>ALLIUM CEPA L.<\/p>\n<p>Wczesna, zimowa odmiana cebuli o z\u0142otej sk\u00f3rce, bia\u0142okremowym mi\u0105\u017cszu i lekko ostrym smaku. Jest odporna na m\u0105czniaka rzekomego, dzi\u0119ki czemu bardzo dobrze plonuje. Cebule o wadze oko\u0142o 110 g, zawarto\u015bci suchej masy 10%, najlepsze do bezpo\u015bredniego spo\u017cycia<\/p>\n<p>i do sprzeda\u017cy w p\u0119czkach. Nasiona nale\u017cy wysiewa\u0107 w VIII, zbi\u00f3r nast\u0119puje w V-VI nast\u0119pnego roku.<\/p>\n<p><b>\u2705Siew:<\/b> VIII<\/p>\n<p><b>\u2705Zbi\u00f3r:<\/b> V-VI \/ 2 rok<\/p>\n<p><b>\u2705Rozstawa:<\/b> 8-10 x 30-40 cm<\/p>\n<\/section><\/div>\n<\/section>\n<section class=\"section\">\n<div class=\"item item-6\">\n<section class=\"image-item\"><img decoding=\"async\" src=\"https:\/\/upload.cdn.baselinker.com\/products\/3018170\/e82e43ac3657c53a03cfffef2a5f1f1b.jpg\" \/><\/section>\n<\/p><\/div>\n<div class=\"item item-6\">\n<section class=\"text-item\">\n<p><b>SPRAWDZONA JAKO\u015a\u0106 NASION<\/b><\/p>\n<p>Oferowane przez nas nasiona s\u0105 testowane w&nbsp;<b>Laboratorium Oceny Nasion pod wzgl\u0119dem:<\/b><\/p>\n<p>\u2705<b>kie\u0142kowania<\/b><\/p>\n<p>\u2705<b>wilgotno\u015bci<\/b><\/p>\n<p>\u2705<b>czysto\u015bci ziarna<\/b><\/p>\n<p><b>Dzi\u0119ki czemu udost\u0119pniane nasiona s\u0105 \u015bci\u015ble wyselekcjonowane, tylko wysokiej klasy.<\/b><\/p>\n<p>Torebki zakupione na naszej aukcji s\u0105 w pe\u0142ni bezpieczne, posiadaj\u0105&nbsp;<b>dat\u0119 wa\u017cno\u015bci i nr partii na opakowaniu.<\/b>&nbsp;Gwarantujemy r\u00f3wnie\u017c jako\u015b\u0107 i oryginalno\u015b\u0107 produkt\u00f3w, poniewa\u017c s\u0105 nabywane bezpo\u015brednio od producenta.<\/p>\n<\/section><\/div>\n<\/section>\n<section class=\"section\">\n<div class=\"item item-12\">\n<section class=\"image-item\"><img decoding=\"async\" src=\"https:\/\/upload.cdn.baselinker.com\/products\/3018170\/03fd591f9312d805e656a6ffe580bc2e.jpg\" \/><\/section>\n<\/p><\/div>\n<\/section>\n","protected":false},"excerpt":{"rendered":"<p>NASIONA WARZYW CEBULA AUGUSTA ZIMUJ\u0104CA LEKKO OSTRA ODPORNA NA ZARAZY Cebula zimuj\u0105ca AUGUSTA ALLIUM CEPA L. Wczesna, zimowa odmiana cebuli o z\u0142otej sk\u00f3rce, bia\u0142okremowym mi\u0105\u017cszu i lekko ostrym smaku. Jest odporna na m\u0105czniaka rzekomego, dzi\u0119ki czemu bardzo dobrze plonuje. Cebule o wadze oko\u0142o 110 g, zawarto\u015bci suchej masy 10%, najlepsze do bezpo\u015bredniego spo\u017cycia i do&#8230;<\/p>\n","protected":false},"featured_media":25066,"comment_status":"open","ping_status":"closed","template":"","meta":{"inline_featured_image":false},"product_cat":[162,163],"product_tag":[],"location":[],"class_list":{"0":"post-25068","1":"product","2":"type-product","3":"status-publish","4":"has-post-thumbnail","6":"product_cat-nasiona","7":"product_cat-nasiona-cebuli","8":"nt-post-class","9":"","12":"excerpt-none","15":"first","16":"instock","17":"shipping-taxable","18":"purchasable","19":"product-type-simple"},"_links":{"self":[{"href":"https:\/\/boskienasiona.pl\/en\/wp-json\/wp\/v2\/product\/25068","targetHints":{"allow":["GET"]}}],"collection":[{"href":"https:\/\/boskienasiona.pl\/en\/wp-json\/wp\/v2\/product"}],"about":[{"href":"https:\/\/boskienasiona.pl\/en\/wp-json\/wp\/v2\/types\/product"}],"replies":[{"embeddable":true,"href":"https:\/\/boskienasiona.pl\/en\/wp-json\/wp\/v2\/comments?post=25068"}],"version-history":[{"count":0,"href":"https:\/\/boskienasiona.pl\/en\/wp-json\/wp\/v2\/product\/25068\/revisions"}],"wp:featuredmedia":[{"embeddable":true,"href":"https:\/\/boskienasiona.pl\/en\/wp-json\/wp\/v2\/media\/25066"}],"wp:attachment":[{"href":"https:\/\/boskienasiona.pl\/en\/wp-json\/wp\/v2\/media?parent=25068"}],"wp:term":[{"taxonomy":"product_cat","embeddable":true,"href":"https:\/\/boskienasiona.pl\/en\/wp-json\/wp\/v2\/product_cat?post=25068"},{"taxonomy":"product_tag","embeddable":true,"href":"https:\/\/boskienasiona.pl\/en\/wp-json\/wp\/v2\/product_tag?post=25068"},{"taxonomy":"location","embeddable":true,"href":"https:\/\/boskienasiona.pl\/en\/wp-json\/wp\/v2\/location?post=25068"}],"curies":[{"name":"wp","href":"https:\/\/api.w.org\/{rel}","templated":true}]}}