{"id":25126,"date":"2026-02-16T15:41:08","date_gmt":"2026-02-16T14:41:08","guid":{"rendered":"https:\/\/boskienasiona.pl\/produkt\/nasiona-warzyw-cebula-siedmiolatka-kyoto-market-dlugie-obfite-zbiory\/"},"modified":"2026-04-17T22:19:33","modified_gmt":"2026-04-17T20:19:33","slug":"nasiona-warzyw-cebula-siedmiolatka-kyoto-market-dlugie-obfite-zbiory","status":"publish","type":"product","link":"https:\/\/boskienasiona.pl\/en\/produkt\/nasiona-warzyw-cebula-siedmiolatka-kyoto-market-dlugie-obfite-zbiory\/","title":{"rendered":"NASIONA WARZYW Cebula Siedmiolatka KYOTO MARKET D\u0141UGIE OBFITE ZBIORY"},"content":{"rendered":"<section class=\"section\">\n<div class=\"item item-12\">\n<section class=\"text-item\">\n<\/section><\/div>\n<\/section>\n<section class=\"section\">\n<div class=\"item item-12\">\n<section class=\"text-item\">\n<h1>NASIONA WARZYW Cebula Siedmiolatka KYOTO MARKET D\u0141UGIE OBFITE ZBIORY<\/h1>\n<\/section><\/div>\n<\/section>\n<section class=\"section\">\n<div class=\"item item-6\">\n<section class=\"image-item\"><img decoding=\"async\" src=\"https:\/\/upload.cdn.baselinker.com\/products\/3018170\/96239bb0b113413008f8e12cc696e693.jpg\" \/><\/section>\n<\/p><\/div>\n<div class=\"item item-6\">\n<section class=\"text-item\">\n<p><b>Cebula siedmiolatka KYOTO MARKET<\/b><\/p>\n<p>Marzysz o \u015bwie\u017cym, soczystym szczypiorku dost\u0119pnym w ogrodzie niemal przez ca\u0142y rok? Wybierz&nbsp;Cebul\u0119 siedmiolatk\u0119 odmiany \u2018KYOTO MARKET\u2018. Jest to ceniona, \u015brednio wczesna odmiana, kt\u00f3ra w przeciwie\u0144stwie do tradycyjnej cebuli, nie wytwarza zgrubie\u0144, lecz skupia swoj\u0105 energi\u0119 na produkcji kruchego i delikatnego szczypiorku. Dzi\u0119ki temu zbiory s\u0105 d\u0142ugotrwa\u0142e i niezwykle obfite.<\/p>\n<\/section><\/div>\n<\/section>\n<section class=\"section\">\n<div class=\"item item-6\">\n<section class=\"image-item\"><img decoding=\"async\" src=\"https:\/\/upload.cdn.baselinker.com\/products\/3018170\/6b5a28e4f21e245469ae82394d1dc7bb.jpg\" \/><\/section>\n<\/p><\/div>\n<div class=\"item item-6\">\n<section class=\"text-item\">\n<p><b>Dlaczego warto wybra\u0107 cebul\u0119 siedmiolatk\u0119 \u2018KYOTO MARKET\u2019?<\/b><\/p>\n<p>Kluczow\u0105 zalet\u0105 tej odmiany jest jej&nbsp;mrozoodporno\u015b\u0107.&nbsp;Cebula siedmiolatka \u2018KYOTO MARKET\u2019&nbsp;wykazuje wyj\u0105tkow\u0105 tolerancj\u0119 na wahania temperatur, co sprawia, \u017ce jest idealna do wczesnowiosennego wysiewu i gwarantuje stabilny wzrost. Dlatego jest to doskona\u0142y wyb\u00f3r dla ogrodnik\u00f3w, kt\u00f3rzy ceni\u0105 sobie niezawodno\u015b\u0107 i chc\u0105 skr\u00f3ci\u0107 czas oczekiwania na pierwsze zbiory po zimie.<\/p>\n<p>Szczypior osi\u0105ga idealn\u0105&nbsp;d\u0142ugo\u015b\u0107 20-25 cm&nbsp;i jest niezwykle soczysty, z \u0142agodnym smakiem, idealnym do wszelkich da\u0144. Ponadto wszechstronno\u015b\u0107 zastosowania w kuchni czyni t\u0119 ro\u015blin\u0119 niezb\u0119dnym elementem ka\u017cdego warzywnika od \u015bwie\u017cych sa\u0142atek, przez pasty kanapkowe, a\u017c po dekoracj\u0119 zup.<\/p>\n<\/section><\/div>\n<\/section>\n<section class=\"section\">\n<div class=\"item item-6\">\n<section class=\"image-item\"><img decoding=\"async\" src=\"https:\/\/upload.cdn.baselinker.com\/products\/3018170\/31d2ded0afe88d286b9654b9ea6a7a70.jpg\" \/><\/section>\n<\/p><\/div>\n<div class=\"item item-6\">\n<section class=\"text-item\">\n<p><b>Zdrowie i smak: Witaminy w twoim ogrodzie<\/b><\/p>\n<p>Wybieraj\u0105c nasiona Cebuli siedmiolatki, inwestujesz w swoje zdrowie. Szczypior ten to prawdziwa skarbnica sk\u0142adnik\u00f3w od\u017cywczych.&nbsp;Jest on bogaty w witaminy C i A, kt\u00f3re wspieraj\u0105 odporno\u015b\u0107 oraz zdrowie oczu. Dodatkowo, wysoka zawarto\u015b\u0107 \u017celaza sprawia, \u017ce jest to cenne uzupe\u0142nienie diety, szczeg\u00f3lnie polecane osobom dbaj\u0105cym o witalno\u015b\u0107. W\u0142\u0105czenie \u015bwie\u017cego, mrozoodpornego szczypioru do codziennego menu jest proste i smakowite!<\/p>\n<\/section><\/div>\n<\/section>\n<section class=\"section\">\n<div class=\"item item-6\">\n<section class=\"image-item\"><img decoding=\"async\" src=\"https:\/\/upload.cdn.baselinker.com\/products\/3018170\/7d48e2eccfdbad08164dd91654ab3a44.jpg\" \/><\/section>\n<\/p><\/div>\n<div class=\"item item-6\">\n<section class=\"text-item\">\n<p><b>Uprawa cebuli siedmiolatki \u2013 \u0141atwa i satysfakcjonuj\u0105ca<\/b><\/p>\n<p>Uprawa cebuli siedmiolatki jest wyj\u0105tkowo prosta. Jest to ro\u015blina wieloletnia, kt\u00f3ra po zasadzeniu w gruncie mo\u017ce plonowa\u0107 przez kilka sezon\u00f3w, dostarczaj\u0105c Ci \u015bwie\u017cy szczypior bez konieczno\u015bci corocznego wysiewu. Wysiew nasion najlepiej przeprowadzi\u0107 wczesn\u0105 wiosn\u0105 (od marca), bezpo\u015brednio do gruntu. Ro\u015blina nie ma wysokich wymaga\u0144, jednak najlepiej ro\u015bnie na glebach pr\u00f3chnicznych, umiarkowanie wilgotnych. Ju\u017c w okolicach czerwca mo\u017cesz spodziewa\u0107 si\u0119 pierwszych obfitych zbior\u00f3w.<\/p>\n<\/section><\/div>\n<\/section>\n<section class=\"section\">\n<div class=\"item item-6\">\n<section class=\"image-item\"><img decoding=\"async\" src=\"https:\/\/upload.cdn.baselinker.com\/products\/3018170\/ab8d25d480956bdd204233990872833b.jpg\" \/><\/section>\n<\/p><\/div>\n<div class=\"item item-6\">\n<section class=\"text-item\">\n<p><b>Idealne po\u0142\u0105czenia \u2013 Co zasia\u0107 obok?<\/b><\/p>\n<p><b>Cebula siedmiolatka<\/b>&nbsp;doskonale komponuje si\u0119 w warzywniku z innymi popularnymi ro\u015blinami. Jej subtelny zapach ma w\u0142a\u015bciwo\u015bci odstraszaj\u0105ce szkodniki, co sprzyja uprawie wsp\u00f3\u0142rz\u0119dnej. Zastanawiasz si\u0119, co posia\u0107 w s\u0105siedztwie?&nbsp;Wczesne zbiory&nbsp;<b>Cebuli siedmiolatki<\/b>&nbsp;idealnie uzupe\u0142ni\u0105 smakiem nasze&nbsp;<b>Nasiona Pomidora Maliniowego<\/b>, tworz\u0105c baz\u0119 do letnich sa\u0142atek. Dla uzyskania zr\u00f3\u017cnicowanego smaku, posad\u017a j\u0105 obok&nbsp;<b>Pietruszki Naciowej<\/b>, kt\u00f3ra r\u00f3wnie\u017c gwarantuje obfity i witalny zbi\u00f3r zielonej masy.<\/p>\n<p><b>\u2705Siew:<\/b> Zbi\u00f3r:<\/p>\n<p><b>\u2705V-VII:<\/b> VI-IX<\/p>\n<\/section><\/div>\n<\/section>\n<section class=\"section\">\n<div class=\"item item-6\">\n<section class=\"image-item\"><img decoding=\"async\" src=\"https:\/\/upload.cdn.baselinker.com\/products\/3018170\/0576a982eaafe060af76fd47f8ebecf2.jpg\" \/><\/section>\n<\/p><\/div>\n<div class=\"item item-6\">\n<section class=\"text-item\">\n<p><b>SPRAWDZONA JAKO\u015a\u0106 NASION<\/b><\/p>\n<p>Oferowane przez nas nasiona s\u0105 testowane w&nbsp;<b>Laboratorium Oceny Nasion pod wzgl\u0119dem:<\/b><\/p>\n<p>\u2705<b>kie\u0142kowania<\/b><\/p>\n<p>\u2705<b>wilgotno\u015bci<\/b><\/p>\n<p>\u2705<b>czysto\u015bci ziarna<\/b><\/p>\n<p><b>Dzi\u0119ki czemu udost\u0119pniane nasiona s\u0105 \u015bci\u015ble wyselekcjonowane, tylko wysokiej klasy.<\/b><\/p>\n<p>Torebki zakupione na naszej aukcji s\u0105 w pe\u0142ni bezpieczne, posiadaj\u0105&nbsp;<b>dat\u0119 wa\u017cno\u015bci i nr partii na opakowaniu.<\/b>&nbsp;Gwarantujemy r\u00f3wnie\u017c jako\u015b\u0107 i oryginalno\u015b\u0107 produkt\u00f3w, poniewa\u017c s\u0105 nabywane bezpo\u015brednio od producenta.<\/p>\n<\/section><\/div>\n<\/section>\n","protected":false},"excerpt":{"rendered":"<p>NASIONA WARZYW Cebula Siedmiolatka KYOTO MARKET D\u0141UGIE OBFITE ZBIORY Cebula siedmiolatka KYOTO MARKET Marzysz o \u015bwie\u017cym, soczystym szczypiorku dost\u0119pnym w ogrodzie niemal przez ca\u0142y rok? Wybierz&nbsp;Cebul\u0119 siedmiolatk\u0119 odmiany \u2018KYOTO MARKET\u2018. Jest to ceniona, \u015brednio wczesna odmiana, kt\u00f3ra w przeciwie\u0144stwie do tradycyjnej cebuli, nie wytwarza zgrubie\u0144, lecz skupia swoj\u0105 energi\u0119 na produkcji kruchego i delikatnego szczypiorku&#8230;.<\/p>\n","protected":false},"featured_media":25124,"comment_status":"open","ping_status":"closed","template":"","meta":{"inline_featured_image":false},"product_cat":[162,163],"product_tag":[],"location":[],"class_list":{"0":"post-25126","1":"product","2":"type-product","3":"status-publish","4":"has-post-thumbnail","6":"product_cat-nasiona","7":"product_cat-nasiona-cebuli","8":"nt-post-class","9":"","12":"excerpt-none","15":"first","16":"instock","17":"shipping-taxable","18":"purchasable","19":"product-type-simple"},"_links":{"self":[{"href":"https:\/\/boskienasiona.pl\/en\/wp-json\/wp\/v2\/product\/25126","targetHints":{"allow":["GET"]}}],"collection":[{"href":"https:\/\/boskienasiona.pl\/en\/wp-json\/wp\/v2\/product"}],"about":[{"href":"https:\/\/boskienasiona.pl\/en\/wp-json\/wp\/v2\/types\/product"}],"replies":[{"embeddable":true,"href":"https:\/\/boskienasiona.pl\/en\/wp-json\/wp\/v2\/comments?post=25126"}],"version-history":[{"count":0,"href":"https:\/\/boskienasiona.pl\/en\/wp-json\/wp\/v2\/product\/25126\/revisions"}],"wp:featuredmedia":[{"embeddable":true,"href":"https:\/\/boskienasiona.pl\/en\/wp-json\/wp\/v2\/media\/25124"}],"wp:attachment":[{"href":"https:\/\/boskienasiona.pl\/en\/wp-json\/wp\/v2\/media?parent=25126"}],"wp:term":[{"taxonomy":"product_cat","embeddable":true,"href":"https:\/\/boskienasiona.pl\/en\/wp-json\/wp\/v2\/product_cat?post=25126"},{"taxonomy":"product_tag","embeddable":true,"href":"https:\/\/boskienasiona.pl\/en\/wp-json\/wp\/v2\/product_tag?post=25126"},{"taxonomy":"location","embeddable":true,"href":"https:\/\/boskienasiona.pl\/en\/wp-json\/wp\/v2\/location?post=25126"}],"curies":[{"name":"wp","href":"https:\/\/api.w.org\/{rel}","templated":true}]}}