{"id":25160,"date":"2026-02-16T15:46:10","date_gmt":"2026-02-16T14:46:10","guid":{"rendered":"https:\/\/boskienasiona.pl\/produkt\/nasiona-warzyw-ogorek-szklarniowy-santos-f1-srednio-wczesny-nasiona-profi\/"},"modified":"2026-04-18T14:18:39","modified_gmt":"2026-04-18T12:18:39","slug":"nasiona-warzyw-ogorek-szklarniowy-santos-f1-srednio-wczesny-nasiona-profi","status":"publish","type":"product","link":"https:\/\/boskienasiona.pl\/en\/produkt\/nasiona-warzyw-ogorek-szklarniowy-santos-f1-srednio-wczesny-nasiona-profi\/","title":{"rendered":"Nasiona warzyw Og\u00f3rek szklarniowy SANTOS F1 \u015brednio wczesny nasiona PROFI"},"content":{"rendered":"<section class=\"section\">\n<div class=\"item item-12\">\n<section class=\"text-item\">\n<h1>Nasiona warzyw Og\u00f3rek szklarniowy SANTOS F1 \u015brednio wczesny nasiona PROFI<\/h1>\n<\/section><\/div>\n<\/section>\n<section class=\"section\">\n<div class=\"item item-6\">\n<section class=\"image-item\"><img decoding=\"async\" src=\"https:\/\/upload.cdn.baselinker.com\/products\/3018170\/a2717486eef5068f559c0463a477d664.jpg\" \/><\/section>\n<\/p><\/div>\n<div class=\"item item-6\">\n<section class=\"text-item\">\n<p><b>Og\u00f3rek szklarniowy SANTOS F1<\/b><\/p>\n<p>CUCUMIS SATIVUS L.<\/p>\n<p>Odmiana \u015brednio wczesna, partenokarpiczna, miesza\u0144cowa typu holenderskiego, przeznaczona do uprawy w szklarniach i tunelach foliowych. Owoce d\u0142ugie (30-35 cm), walcowate, z lekkim \u017cebrowaniem. Odmiana tolerancyjna wobec parcha dyniowatych.<\/p>\n<p>Siew pod os\u0142ony w I-V, zbi\u00f3r od IV do IX.<\/p>\n<ul>\n<li><b>Siew:<\/b> I-V, 1-2 cm<\/li>\n<li><b>Zbi\u00f3r:<\/b> IV-IX<\/li>\n<li><b>Rozstawa:<\/b> 120\u00d750 cm<\/li>\n<\/ul>\n<ul>\n<li><b>Rozstawa:<\/b> 120\u2013150\u00d780\u2013100 cm<\/li>\n<\/ul>\n<\/section><\/div>\n<\/section>\n<section class=\"section\">\n<div class=\"item item-6\">\n<section class=\"image-item\"><img decoding=\"async\" src=\"https:\/\/upload.cdn.baselinker.com\/products\/3018170\/d3e5a3ba6389f122c4ddc8f6bc33a955.jpg\" \/><\/section>\n<\/p><\/div>\n<div class=\"item item-6\">\n<section class=\"image-item\"><img decoding=\"async\" src=\"https:\/\/upload.cdn.baselinker.com\/products\/3018170\/6c0b9d476ceb8eab592f0141910bd8fc.jpg\" \/><\/section>\n<\/p><\/div>\n<\/section>\n<section class=\"section\">\n<div class=\"item item-6\">\n<section class=\"image-item\"><img decoding=\"async\" src=\"https:\/\/upload.cdn.baselinker.com\/products\/3018170\/82f5d400066125d4584e11b7904a2aba.jpg\" \/><\/section>\n<\/p><\/div>\n<div class=\"item item-6\">\n<section class=\"image-item\"><img decoding=\"async\" src=\"https:\/\/upload.cdn.baselinker.com\/products\/3018170\/3e7f92bbd50b4c589f7127d344341584.jpg\" \/><\/section>\n<\/p><\/div>\n<\/section>\n<section class=\"section\">\n<div class=\"item item-12\">\n<section class=\"image-item\"><img decoding=\"async\" src=\"https:\/\/upload.cdn.baselinker.com\/products\/3018170\/114ad71e4899f6d1d3662c01a048ea38.jpg\" \/><\/section>\n<\/p><\/div>\n<\/section>\n<section class=\"section\">\n<div class=\"item item-6\">\n<section class=\"image-item\"><img decoding=\"async\" src=\"https:\/\/upload.cdn.baselinker.com\/products\/3018170\/698f0981574300dc0c5b6bcd856fb69d.jpg\" \/><\/section>\n<\/p><\/div>\n<div class=\"item item-6\">\n<section class=\"text-item\">\n<p><b>SPRAWDZONA JAKO\u015a\u0106 NASION<\/b><\/p>\n<p>Oferowane przez nas nasiona s\u0105 testowane w\u00a0<b>Laboratorium Oceny Nasion pod wzgl\u0119dem:<\/b><\/p>\n<p>\u2705<b>kie\u0142kowania<\/b><\/p>\n<p>\u2705<b>wilgotno\u015bci<\/b><\/p>\n<p>\u2705<b>czysto\u015bci ziarna<\/b><\/p>\n<p><b>Dzi\u0119ki czemu udost\u0119pniane nasiona s\u0105 \u015bci\u015ble wyselekcjonowane, tylko wysokiej klasy.<\/b><\/p>\n<p>Torebki zakupione na naszej aukcji s\u0105 w pe\u0142ni bezpieczne, posiadaj\u0105\u00a0<b>dat\u0119 wa\u017cno\u015bci i nr partii na opakowaniu.<\/b>\u00a0Gwarantujemy r\u00f3wnie\u017c jako\u015b\u0107 i oryginalno\u015b\u0107 produkt\u00f3w, poniewa\u017c s\u0105 nabywane bezpo\u015brednio od producenta.<\/p>\n<\/section><\/div>\n<\/section>\n","protected":false},"excerpt":{"rendered":"<p>Nasiona warzyw Og\u00f3rek szklarniowy SANTOS F1 \u015brednio wczesny nasiona PROFI Og\u00f3rek szklarniowy SANTOS F1 CUCUMIS SATIVUS L. Odmiana \u015brednio wczesna, partenokarpiczna, miesza\u0144cowa typu holenderskiego, przeznaczona do uprawy w szklarniach i tunelach foliowych. Owoce d\u0142ugie (30-35 cm), walcowate, z lekkim \u017cebrowaniem. Odmiana tolerancyjna wobec parcha dyniowatych. Siew pod os\u0142ony w I-V, zbi\u00f3r od IV do IX&#8230;.<\/p>\n","protected":false},"featured_media":25158,"comment_status":"open","ping_status":"closed","template":"","meta":{"inline_featured_image":false},"product_cat":[126,162,190],"product_tag":[],"location":[],"class_list":{"0":"post-25160","1":"product","2":"type-product","3":"status-publish","4":"has-post-thumbnail","6":"product_cat-nasiona-warzyw","7":"product_cat-nasiona","8":"product_cat-nasiona-ogorka","9":"nt-post-class","10":"","13":"excerpt-none","16":"first","17":"instock","18":"shipping-taxable","19":"purchasable","20":"product-type-simple"},"_links":{"self":[{"href":"https:\/\/boskienasiona.pl\/en\/wp-json\/wp\/v2\/product\/25160","targetHints":{"allow":["GET"]}}],"collection":[{"href":"https:\/\/boskienasiona.pl\/en\/wp-json\/wp\/v2\/product"}],"about":[{"href":"https:\/\/boskienasiona.pl\/en\/wp-json\/wp\/v2\/types\/product"}],"replies":[{"embeddable":true,"href":"https:\/\/boskienasiona.pl\/en\/wp-json\/wp\/v2\/comments?post=25160"}],"version-history":[{"count":0,"href":"https:\/\/boskienasiona.pl\/en\/wp-json\/wp\/v2\/product\/25160\/revisions"}],"wp:featuredmedia":[{"embeddable":true,"href":"https:\/\/boskienasiona.pl\/en\/wp-json\/wp\/v2\/media\/25158"}],"wp:attachment":[{"href":"https:\/\/boskienasiona.pl\/en\/wp-json\/wp\/v2\/media?parent=25160"}],"wp:term":[{"taxonomy":"product_cat","embeddable":true,"href":"https:\/\/boskienasiona.pl\/en\/wp-json\/wp\/v2\/product_cat?post=25160"},{"taxonomy":"product_tag","embeddable":true,"href":"https:\/\/boskienasiona.pl\/en\/wp-json\/wp\/v2\/product_tag?post=25160"},{"taxonomy":"location","embeddable":true,"href":"https:\/\/boskienasiona.pl\/en\/wp-json\/wp\/v2\/location?post=25160"}],"curies":[{"name":"wp","href":"https:\/\/api.w.org\/{rel}","templated":true}]}}