{"id":25193,"date":"2026-02-16T15:46:33","date_gmt":"2026-02-16T14:46:33","guid":{"rendered":"https:\/\/boskienasiona.pl\/produkt\/nasiona-warzyw-ogorek-szklarniowy-saladin-f1-na-mizerie-salatki-i-kanapki\/"},"modified":"2026-04-16T22:21:53","modified_gmt":"2026-04-16T20:21:53","slug":"nasiona-warzyw-ogorek-szklarniowy-saladin-f1-na-mizerie-salatki-i-kanapki","status":"publish","type":"product","link":"https:\/\/boskienasiona.pl\/en\/produkt\/nasiona-warzyw-ogorek-szklarniowy-saladin-f1-na-mizerie-salatki-i-kanapki\/","title":{"rendered":"Nasiona warzyw Og\u00f3rek szklarniowy SALADIN F1 na mizeri\u0119 sa\u0142atki i kanapki"},"content":{"rendered":"<section class=\"section\">\n<div class=\"item item-12\">\n<section class=\"text-item\">\n<h1>Nasiona warzyw &nbsp;Og\u00f3rek szklarniowy SALADIN F1 na mizeri\u0119 sa\u0142atki i kanapki<\/h1>\n<\/section><\/div>\n<\/section>\n<section class=\"section\">\n<div class=\"item item-6\">\n<section class=\"image-item\"><img decoding=\"async\" src=\"https:\/\/upload.cdn.baselinker.com\/products\/3018170\/0da4acbc78b9d66c9dc5d518d458832a.jpg\" \/><\/section>\n<\/p><\/div>\n<div class=\"item item-6\">\n<section class=\"text-item\">\n<p><b>Og\u00f3rek szklarniowy SALADIN F1<\/b><\/p>\n<p>CUCUMIS SATIVUS&nbsp; L.<\/p>\n<p>Odmiana partenokarpiczna, odporna na wahania temperatury, z przewag\u0105 kwiat\u00f3w \u017ce\u0144skich gwarantuj\u0105c\u0105 bardzo du\u017cy plon oraz doskona\u0142\u0105 jako\u015b\u0107 owoc\u00f3w. Owoce osi\u0105gaj\u0105 d\u0142ugo\u015b\u0107&nbsp;30-35 cm. Odmiana przeznaczona do uprawy w szklarni, tunelu foliowym lub inspekcie. Zastosowanie: na sa\u0142atki, mizeri\u0119, do kanapek oraz do konserwowania.<\/p>\n<ul>\n<li><b>Siew:<\/b> II\u2013V<\/li>\n<li><b>Zbi\u00f3r:<\/b> VII\u2013VIII<\/li>\n<li><b>Rozstawa:<\/b> 120\u2013150\u00d780\u2013100 cm<\/li>\n<\/ul>\n<\/section><\/div>\n<\/section>\n<section class=\"section\">\n<div class=\"item item-6\">\n<section class=\"image-item\"><img decoding=\"async\" src=\"https:\/\/upload.cdn.baselinker.com\/products\/3018170\/78372f419e17b305da448fabb7c24ccf.jpg\" \/><\/section>\n<\/p><\/div>\n<div class=\"item item-6\">\n<section class=\"image-item\"><img decoding=\"async\" src=\"https:\/\/upload.cdn.baselinker.com\/products\/3018170\/d225724e630d5ebe0706539b708c9b28.jpg\" \/><\/section>\n<\/p><\/div>\n<\/section>\n<section class=\"section\">\n<div class=\"item item-6\">\n<section class=\"image-item\"><img decoding=\"async\" src=\"https:\/\/upload.cdn.baselinker.com\/products\/3018170\/7aaba5ba105a8a91e733f3094b7e5f44.jpg\" \/><\/section>\n<\/p><\/div>\n<div class=\"item item-6\">\n<section class=\"image-item\"><img decoding=\"async\" src=\"https:\/\/upload.cdn.baselinker.com\/products\/3018170\/50510ff65e2279347fb16bf23d34d510.jpg\" \/><\/section>\n<\/p><\/div>\n<\/section>\n<section class=\"section\">\n<div class=\"item item-12\">\n<section class=\"image-item\"><img decoding=\"async\" src=\"https:\/\/upload.cdn.baselinker.com\/products\/3018170\/dc8465e64b7bd9ceedcd1aa8552a28a0.jpg\" \/><\/section>\n<\/p><\/div>\n<\/section>\n<section class=\"section\">\n<div class=\"item item-6\">\n<section class=\"image-item\"><img decoding=\"async\" src=\"https:\/\/upload.cdn.baselinker.com\/products\/3018170\/6e66da32a6a6d79178c2488ed5be2cbb.jpg\" \/><\/section>\n<\/p><\/div>\n<div class=\"item item-6\">\n<section class=\"text-item\">\n<p><b>SPRAWDZONA JAKO\u015a\u0106 NASION<\/b><\/p>\n<p>Oferowane przez nas nasiona s\u0105 testowane w\u00a0<b>Laboratorium Oceny Nasion pod wzgl\u0119dem:<\/b><\/p>\n<p>\u2705<b>kie\u0142kowania<\/b><\/p>\n<p>\u2705<b>wilgotno\u015bci<\/b><\/p>\n<p>\u2705<b>czysto\u015bci ziarna<\/b><\/p>\n<p><b>Dzi\u0119ki czemu udost\u0119pniane nasiona s\u0105 \u015bci\u015ble wyselekcjonowane, tylko wysokiej klasy.<\/b><\/p>\n<p>Torebki zakupione na naszej aukcji s\u0105 w pe\u0142ni bezpieczne, posiadaj\u0105\u00a0<b>dat\u0119 wa\u017cno\u015bci i nr partii na opakowaniu.<\/b>\u00a0Gwarantujemy r\u00f3wnie\u017c jako\u015b\u0107 i oryginalno\u015b\u0107 produkt\u00f3w, poniewa\u017c s\u0105 nabywane bezpo\u015brednio od producenta.<\/p>\n<\/section><\/div>\n<\/section>\n","protected":false},"excerpt":{"rendered":"<p>Nasiona warzyw &nbsp;Og\u00f3rek szklarniowy SALADIN F1 na mizeri\u0119 sa\u0142atki i kanapki Og\u00f3rek szklarniowy SALADIN F1 CUCUMIS SATIVUS&nbsp; L. Odmiana partenokarpiczna, odporna na wahania temperatury, z przewag\u0105 kwiat\u00f3w \u017ce\u0144skich gwarantuj\u0105c\u0105 bardzo du\u017cy plon oraz doskona\u0142\u0105 jako\u015b\u0107 owoc\u00f3w. Owoce osi\u0105gaj\u0105 d\u0142ugo\u015b\u0107&nbsp;30-35 cm. Odmiana przeznaczona do uprawy w szklarni, tunelu foliowym lub inspekcie. Zastosowanie: na sa\u0142atki, mizeri\u0119, do&#8230;<\/p>\n","protected":false},"featured_media":25191,"comment_status":"open","ping_status":"closed","template":"","meta":{"inline_featured_image":false},"product_cat":[126,162,190],"product_tag":[],"location":[],"class_list":{"0":"post-25193","1":"product","2":"type-product","3":"status-publish","4":"has-post-thumbnail","6":"product_cat-nasiona-warzyw","7":"product_cat-nasiona","8":"product_cat-nasiona-ogorka","9":"nt-post-class","10":"","13":"excerpt-none","16":"first","17":"instock","18":"shipping-taxable","19":"purchasable","20":"product-type-simple"},"_links":{"self":[{"href":"https:\/\/boskienasiona.pl\/en\/wp-json\/wp\/v2\/product\/25193","targetHints":{"allow":["GET"]}}],"collection":[{"href":"https:\/\/boskienasiona.pl\/en\/wp-json\/wp\/v2\/product"}],"about":[{"href":"https:\/\/boskienasiona.pl\/en\/wp-json\/wp\/v2\/types\/product"}],"replies":[{"embeddable":true,"href":"https:\/\/boskienasiona.pl\/en\/wp-json\/wp\/v2\/comments?post=25193"}],"version-history":[{"count":0,"href":"https:\/\/boskienasiona.pl\/en\/wp-json\/wp\/v2\/product\/25193\/revisions"}],"wp:featuredmedia":[{"embeddable":true,"href":"https:\/\/boskienasiona.pl\/en\/wp-json\/wp\/v2\/media\/25191"}],"wp:attachment":[{"href":"https:\/\/boskienasiona.pl\/en\/wp-json\/wp\/v2\/media?parent=25193"}],"wp:term":[{"taxonomy":"product_cat","embeddable":true,"href":"https:\/\/boskienasiona.pl\/en\/wp-json\/wp\/v2\/product_cat?post=25193"},{"taxonomy":"product_tag","embeddable":true,"href":"https:\/\/boskienasiona.pl\/en\/wp-json\/wp\/v2\/product_tag?post=25193"},{"taxonomy":"location","embeddable":true,"href":"https:\/\/boskienasiona.pl\/en\/wp-json\/wp\/v2\/location?post=25193"}],"curies":[{"name":"wp","href":"https:\/\/api.w.org\/{rel}","templated":true}]}}