{"id":25259,"date":"2026-02-16T15:47:33","date_gmt":"2026-02-16T14:47:33","guid":{"rendered":"https:\/\/boskienasiona.pl\/produkt\/nasiona-warzyw-ogorek-szklarniowy-melany-f1-odporny-na-wirusy-na-mizerie\/"},"modified":"2026-04-17T22:19:34","modified_gmt":"2026-04-17T20:19:34","slug":"nasiona-warzyw-ogorek-szklarniowy-melany-f1-odporny-na-wirusy-na-mizerie","status":"publish","type":"product","link":"https:\/\/boskienasiona.pl\/en\/produkt\/nasiona-warzyw-ogorek-szklarniowy-melany-f1-odporny-na-wirusy-na-mizerie\/","title":{"rendered":"Nasiona warzyw Og\u00f3rek szklarniowy MELANY F1 odporny na wirusy na mizeri\u0119"},"content":{"rendered":"<section class=\"section\">\n<div class=\"item item-12\">\n<section class=\"text-item\">\n<h1>Nasiona warzyw Og\u00f3rek szklarniowy MELANY F1 odporny na wirusy na mizeri\u0119<\/h1>\n<\/section><\/div>\n<\/section>\n<section class=\"section\">\n<div class=\"item item-6\">\n<section class=\"image-item\"><img decoding=\"async\" src=\"https:\/\/upload.cdn.baselinker.com\/products\/3018170\/7f52e7efc5dd8b3cd0f32b362121853a.jpg\" \/><\/section>\n<\/p><\/div>\n<div class=\"item item-6\">\n<section class=\"text-item\">\n<p><b>Og\u00f3rek szklarniowy MELANY F1<\/b><\/p>\n<p>CUCUMIS SATIVUS L.<\/p>\n<p>Odmiana wczesna, partenokarpiczna, bardzo plenna przeznaczona do uprawy w szklarniach i tunelach foliowych. Tworzy d\u0142ugie (22-24 cm), g\u0142adkie, walcowate owoce o ciemnozielonej sk\u00f3rce. Odmiana odporna za wirusa mozaiki og\u00f3rka. Zastosowanie do bezpo\u015bredniego spo\u017cycia, na sa\u0142atki i mizeri\u0119. Wysiew nasion pod os\u0142ony w I-V, zbi\u00f3r od IV do IX.<\/p>\n<p><b>\u2705Siew:<\/b> I-V, 1-2 cm<\/p>\n<p><b>\u2705Zbi\u00f3r:<\/b> IV-IX<\/p>\n<p><b>\u2705<\/b><b>Rozstawa:<\/b> 120\u00d750 cm<\/p>\n<\/section><\/div>\n<\/section>\n<section class=\"section\">\n<div class=\"item item-6\">\n<section class=\"image-item\"><img decoding=\"async\" src=\"https:\/\/upload.cdn.baselinker.com\/products\/3018170\/2db9fb2400cbcbb628d77e451ab8b80e.jpg\" \/><\/section>\n<\/p><\/div>\n<div class=\"item item-6\">\n<section class=\"image-item\"><img decoding=\"async\" src=\"https:\/\/upload.cdn.baselinker.com\/products\/3018170\/c50ce293195aa933cb42178f19a98f15.jpg\" \/><\/section>\n<\/p><\/div>\n<\/section>\n<section class=\"section\">\n<div class=\"item item-6\">\n<section class=\"image-item\"><img decoding=\"async\" src=\"https:\/\/upload.cdn.baselinker.com\/products\/3018170\/b008d268c81903d341def2c0e55ec028.jpg\" \/><\/section>\n<\/p><\/div>\n<div class=\"item item-6\">\n<section class=\"image-item\"><img decoding=\"async\" src=\"https:\/\/upload.cdn.baselinker.com\/products\/3018170\/aea9b411940ef29f12dd46737922de50.jpg\" \/><\/section>\n<\/p><\/div>\n<\/section>\n<section class=\"section\">\n<div class=\"item item-12\">\n<section class=\"image-item\"><img decoding=\"async\" src=\"https:\/\/upload.cdn.baselinker.com\/products\/3018170\/582fa32d2e8216000ab34eaf960ca0ee.jpg\" \/><\/section>\n<\/p><\/div>\n<\/section>\n<section class=\"section\">\n<div class=\"item item-6\">\n<section class=\"image-item\"><img decoding=\"async\" src=\"https:\/\/upload.cdn.baselinker.com\/products\/3018170\/4837d63a6e183419a0785aeb04f65597.jpg\" \/><\/section>\n<\/p><\/div>\n<div class=\"item item-6\">\n<section class=\"text-item\">\n<p><b>SPRAWDZONA JAKO\u015a\u0106 NASION<\/b><\/p>\n<p>Oferowane przez nas nasiona s\u0105 testowane w\u00a0<b>Laboratorium Oceny Nasion pod wzgl\u0119dem:<\/b><\/p>\n<p>\u2705<b>kie\u0142kowania<\/b><\/p>\n<p>\u2705<b>wilgotno\u015bci<\/b><\/p>\n<p>\u2705<b>czysto\u015bci ziarna<\/b><\/p>\n<p><b>Dzi\u0119ki czemu udost\u0119pniane nasiona s\u0105 \u015bci\u015ble wyselekcjonowane, tylko wysokiej klasy.<\/b><\/p>\n<p>Torebki zakupione na naszej aukcji s\u0105 w pe\u0142ni bezpieczne, posiadaj\u0105\u00a0<b>dat\u0119 wa\u017cno\u015bci i nr partii na opakowaniu.<\/b>\u00a0Gwarantujemy r\u00f3wnie\u017c jako\u015b\u0107 i oryginalno\u015b\u0107 produkt\u00f3w, poniewa\u017c s\u0105 nabywane bezpo\u015brednio od producenta.<\/p>\n<\/section><\/div>\n<\/section>\n","protected":false},"excerpt":{"rendered":"<p>Nasiona warzyw Og\u00f3rek szklarniowy MELANY F1 odporny na wirusy na mizeri\u0119 Og\u00f3rek szklarniowy MELANY F1 CUCUMIS SATIVUS L. Odmiana wczesna, partenokarpiczna, bardzo plenna przeznaczona do uprawy w szklarniach i tunelach foliowych. Tworzy d\u0142ugie (22-24 cm), g\u0142adkie, walcowate owoce o ciemnozielonej sk\u00f3rce. Odmiana odporna za wirusa mozaiki og\u00f3rka. Zastosowanie do bezpo\u015bredniego spo\u017cycia, na sa\u0142atki i mizeri\u0119&#8230;.<\/p>\n","protected":false},"featured_media":25257,"comment_status":"open","ping_status":"closed","template":"","meta":{"inline_featured_image":false},"product_cat":[126,162,190],"product_tag":[],"location":[],"class_list":{"0":"post-25259","1":"product","2":"type-product","3":"status-publish","4":"has-post-thumbnail","6":"product_cat-nasiona-warzyw","7":"product_cat-nasiona","8":"product_cat-nasiona-ogorka","9":"nt-post-class","10":"","13":"excerpt-none","16":"first","17":"instock","18":"shipping-taxable","19":"purchasable","20":"product-type-simple"},"_links":{"self":[{"href":"https:\/\/boskienasiona.pl\/en\/wp-json\/wp\/v2\/product\/25259","targetHints":{"allow":["GET"]}}],"collection":[{"href":"https:\/\/boskienasiona.pl\/en\/wp-json\/wp\/v2\/product"}],"about":[{"href":"https:\/\/boskienasiona.pl\/en\/wp-json\/wp\/v2\/types\/product"}],"replies":[{"embeddable":true,"href":"https:\/\/boskienasiona.pl\/en\/wp-json\/wp\/v2\/comments?post=25259"}],"version-history":[{"count":0,"href":"https:\/\/boskienasiona.pl\/en\/wp-json\/wp\/v2\/product\/25259\/revisions"}],"wp:featuredmedia":[{"embeddable":true,"href":"https:\/\/boskienasiona.pl\/en\/wp-json\/wp\/v2\/media\/25257"}],"wp:attachment":[{"href":"https:\/\/boskienasiona.pl\/en\/wp-json\/wp\/v2\/media?parent=25259"}],"wp:term":[{"taxonomy":"product_cat","embeddable":true,"href":"https:\/\/boskienasiona.pl\/en\/wp-json\/wp\/v2\/product_cat?post=25259"},{"taxonomy":"product_tag","embeddable":true,"href":"https:\/\/boskienasiona.pl\/en\/wp-json\/wp\/v2\/product_tag?post=25259"},{"taxonomy":"location","embeddable":true,"href":"https:\/\/boskienasiona.pl\/en\/wp-json\/wp\/v2\/location?post=25259"}],"curies":[{"name":"wp","href":"https:\/\/api.w.org\/{rel}","templated":true}]}}