{"id":25292,"date":"2026-02-16T15:48:02","date_gmt":"2026-02-16T14:48:02","guid":{"rendered":"https:\/\/boskienasiona.pl\/produkt\/nasiona-warzyw-ogorek-gruntowy-orfeus-f1-wczesny-nasiona-profi\/"},"modified":"2026-04-14T22:21:03","modified_gmt":"2026-04-14T20:21:03","slug":"nasiona-warzyw-ogorek-gruntowy-orfeus-f1-wczesny-nasiona-profi","status":"publish","type":"product","link":"https:\/\/boskienasiona.pl\/en\/produkt\/nasiona-warzyw-ogorek-gruntowy-orfeus-f1-wczesny-nasiona-profi\/","title":{"rendered":"Nasiona warzyw Og\u00f3rek gruntowy ORFEUS F1 wczesny nasiona PROFI"},"content":{"rendered":"<section class=\"section\">\n<div class=\"item item-12\">\n<section class=\"text-item\">\n<h1>Nasiona warzyw Og\u00f3rek gruntowy ORFEUS F1 wczesny nasiona PROFI<\/h1>\n<\/section><\/div>\n<\/section>\n<section class=\"section\">\n<div class=\"item item-6\">\n<section class=\"image-item\"><img decoding=\"async\" src=\"https:\/\/upload.cdn.baselinker.com\/products\/3018170\/0e024f2b6c1905c852bfb56b318eb06a.jpg\" \/><\/section>\n<\/p><\/div>\n<div class=\"item item-6\">\n<section class=\"text-item\">\n<p><b>Og\u00f3rek gruntowy ORFEUS F1<\/b><\/p>\n<p>CUCUMIS SATIVUS L.<\/p>\n<p>Odmiana okre\u015blana jako wczesna do \u015brednio wczesnej, partenokarpiczna (owoce nie wytwarzaj\u0105 nasion), przeznaczona do uprawy w gruncie i pod ogrzewanymi os\u0142onami. Owoce ciemnozielone, \u015brednio d\u0142ugie, z rzadko rozmieszczonymi, du\u017cymi brodawkami. Cech\u0105 odr\u00f3\u017cniaj\u0105c\u0105 odmian\u0119 jest brak wyst\u0119powania goryczki. Wysiew nasion wprost do gruntu&nbsp;w po\u0142owie maja, w rozstawie 80\u00d7100 cm.<\/p>\n<ul>\n<li><b>Siew grunt:<\/b> \u00bd V \u2013 VI, na g\u0142. 1-2 cm<\/li>\n<li><b>Siew pod os\u0142onami:<\/b> I-VII<\/li>\n<li><b>Zbi\u00f3r:<\/b> III-VIII<\/li>\n<li><b>Rozstawa:<\/b> 80\u00d7100 cm<\/li>\n<\/ul>\n<\/section><\/div>\n<\/section>\n<section class=\"section\">\n<div class=\"item item-6\">\n<section class=\"image-item\"><img decoding=\"async\" src=\"https:\/\/upload.cdn.baselinker.com\/products\/3018170\/8f96dc9d63a872291ca3b826c5beebc1.jpg\" \/><\/section>\n<\/p><\/div>\n<div class=\"item item-6\">\n<section class=\"text-item\">\n<p><b>SPRAWDZONA JAKO\u015a\u0106 NASION<\/b><\/p>\n<p>Oferowane przez nas nasiona s\u0105 testowane w <b>Laboratorium Oceny Nasion pod wzgl\u0119dem:<\/b><\/p>\n<p>\u2705<b>kie\u0142kowania<\/b><\/p>\n<p>\u2705<b>wilgotno\u015bci<\/b><\/p>\n<p>\u2705<b>czysto\u015bci ziarna<\/b><\/p>\n<p><b>Dzi\u0119ki czemu udost\u0119pniane nasiona s\u0105 \u015bci\u015ble wyselekcjonowane, tylko wysokiej klasy.<\/b><\/p>\n<p>Torebki zakupione na naszej aukcji s\u0105 w pe\u0142ni bezpieczne, posiadaj\u0105 <b>dat\u0119 wa\u017cno\u015bci i nr partii na opakowaniu.<\/b> Gwarantujemy r\u00f3wnie\u017c jako\u015b\u0107 i oryginalno\u015b\u0107 produkt\u00f3w, poniewa\u017c s\u0105 nabywane bezpo\u015brednio od producenta.<\/p>\n<\/section><\/div>\n<\/section>\n<section class=\"section\">\n<div class=\"item item-12\">\n<section class=\"image-item\"><img decoding=\"async\" src=\"https:\/\/upload.cdn.baselinker.com\/products\/3018170\/a015a715bb56e91ff621caebea4a8694.jpg\" \/><\/section>\n<\/p><\/div>\n<\/section>\n<section class=\"section\">\n<div class=\"item item-12\">\n<section class=\"image-item\"><img decoding=\"async\" src=\"https:\/\/upload.cdn.baselinker.com\/products\/3018170\/63ecd30796ac79bc32345ffa8650808f.jpg\" \/><\/section>\n<\/p><\/div>\n<\/section>\n","protected":false},"excerpt":{"rendered":"<p>Nasiona warzyw Og\u00f3rek gruntowy ORFEUS F1 wczesny nasiona PROFI Og\u00f3rek gruntowy ORFEUS F1 CUCUMIS SATIVUS L. Odmiana okre\u015blana jako wczesna do \u015brednio wczesnej, partenokarpiczna (owoce nie wytwarzaj\u0105 nasion), przeznaczona do uprawy w gruncie i pod ogrzewanymi os\u0142onami. Owoce ciemnozielone, \u015brednio d\u0142ugie, z rzadko rozmieszczonymi, du\u017cymi brodawkami. Cech\u0105 odr\u00f3\u017cniaj\u0105c\u0105 odmian\u0119 jest brak wyst\u0119powania goryczki. Wysiew nasion&#8230;<\/p>\n","protected":false},"featured_media":25321,"comment_status":"open","ping_status":"closed","template":"","meta":{"inline_featured_image":false},"product_cat":[126,162,190],"product_tag":[],"location":[],"class_list":{"0":"post-25292","1":"product","2":"type-product","3":"status-publish","4":"has-post-thumbnail","6":"product_cat-nasiona-warzyw","7":"product_cat-nasiona","8":"product_cat-nasiona-ogorka","9":"nt-post-class","10":"","13":"excerpt-none","16":"first","17":"instock","18":"shipping-taxable","19":"purchasable","20":"product-type-simple"},"_links":{"self":[{"href":"https:\/\/boskienasiona.pl\/en\/wp-json\/wp\/v2\/product\/25292","targetHints":{"allow":["GET"]}}],"collection":[{"href":"https:\/\/boskienasiona.pl\/en\/wp-json\/wp\/v2\/product"}],"about":[{"href":"https:\/\/boskienasiona.pl\/en\/wp-json\/wp\/v2\/types\/product"}],"replies":[{"embeddable":true,"href":"https:\/\/boskienasiona.pl\/en\/wp-json\/wp\/v2\/comments?post=25292"}],"version-history":[{"count":1,"href":"https:\/\/boskienasiona.pl\/en\/wp-json\/wp\/v2\/product\/25292\/revisions"}],"predecessor-version":[{"id":25323,"href":"https:\/\/boskienasiona.pl\/en\/wp-json\/wp\/v2\/product\/25292\/revisions\/25323"}],"wp:featuredmedia":[{"embeddable":true,"href":"https:\/\/boskienasiona.pl\/en\/wp-json\/wp\/v2\/media\/25321"}],"wp:attachment":[{"href":"https:\/\/boskienasiona.pl\/en\/wp-json\/wp\/v2\/media?parent=25292"}],"wp:term":[{"taxonomy":"product_cat","embeddable":true,"href":"https:\/\/boskienasiona.pl\/en\/wp-json\/wp\/v2\/product_cat?post=25292"},{"taxonomy":"product_tag","embeddable":true,"href":"https:\/\/boskienasiona.pl\/en\/wp-json\/wp\/v2\/product_tag?post=25292"},{"taxonomy":"location","embeddable":true,"href":"https:\/\/boskienasiona.pl\/en\/wp-json\/wp\/v2\/location?post=25292"}],"curies":[{"name":"wp","href":"https:\/\/api.w.org\/{rel}","templated":true}]}}