{"id":25354,"date":"2026-02-16T15:49:02","date_gmt":"2026-02-16T14:49:02","guid":{"rendered":"https:\/\/boskienasiona.pl\/produkt\/nasiona-warzyw-ogorek-gruntowy-nadusha-f1-do-kwaszenia-i-konserwowania\/"},"modified":"2026-04-19T14:19:02","modified_gmt":"2026-04-19T12:19:02","slug":"nasiona-warzyw-ogorek-gruntowy-nadusha-f1-do-kwaszenia-i-konserwowania","status":"publish","type":"product","link":"https:\/\/boskienasiona.pl\/en\/produkt\/nasiona-warzyw-ogorek-gruntowy-nadusha-f1-do-kwaszenia-i-konserwowania\/","title":{"rendered":"Nasiona warzyw Og\u00f3rek gruntowy NADUSHA F1 do kwaszenia i konserwowania"},"content":{"rendered":"<section class=\"section\">\n<div class=\"item item-12\">\n<section class=\"text-item\">\n<h1>Nasiona warzyw Og\u00f3rek gruntowy NADUSHA F1 do kwaszenia i konserwowania<\/h1>\n<\/section><\/div>\n<\/section>\n<section class=\"section\">\n<div class=\"item item-6\">\n<section class=\"image-item\"><img decoding=\"async\" src=\"https:\/\/upload.cdn.baselinker.com\/products\/3018170\/652e214a482291f833c36194714e95b1.jpg\" \/><\/section>\n<\/p><\/div>\n<div class=\"item item-6\">\n<section class=\"text-item\">\n<p><b>Og\u00f3rek gruntowy NADUSHA F1<\/b><\/p>\n<p>CUCUMIS SATIVUS&nbsp; L.<\/p>\n<p>Najnowsza odmiana holenderskiej firmy Seminis do uprawy gruntowej, o wyr\u00f3wnanych cylindrycznych owocach, doskona\u0142a do kwaszenia i konserwowania. Cechuj\u0119 si\u0119 wysok\u0105 odporno\u015bci\u0105 na m\u0105czniaka prawdziwego, CMV i parcha dyniowatych. Przewaga kwiat\u00f3w \u017ce\u0144skich gwarantuje bardzo du\u017cy plon oraz doskona\u0142\u0105 jako\u015b\u0107 owoc\u00f3w.<\/p>\n<p><b>\u2705Siew:<\/b> \u00bd V\u2013\u00bd VI<\/p>\n<p><b>\u2705Zbi\u00f3r:<\/b> VII \u2013 IX<\/p>\n<p><b>\u2705Rozstawa:<\/b> 90\u2013120\u00d715 cm<\/p>\n<\/section><\/div>\n<\/section>\n<section class=\"section\">\n<div class=\"item item-6\">\n<section class=\"image-item\"><img decoding=\"async\" src=\"https:\/\/upload.cdn.baselinker.com\/products\/3018170\/c05af66c8d7a29fe4ee27afd58629ad2.jpg\" \/><\/section>\n<\/p><\/div>\n<div class=\"item item-6\">\n<section class=\"text-item\">\n<p><b>SPRAWDZONA JAKO\u015a\u0106 NASION<\/b><\/p>\n<p>Oferowane przez nas nasiona s\u0105 testowane w&nbsp;<b>Laboratorium Oceny Nasion pod wzgl\u0119dem:<\/b><\/p>\n<p>\u2705<b>kie\u0142kowania<\/b><\/p>\n<p>\u2705<b>wilgotno\u015bci<\/b><\/p>\n<p>\u2705<b>czysto\u015bci ziarna<\/b><\/p>\n<p><b>Dzi\u0119ki czemu udost\u0119pniane nasiona s\u0105 \u015bci\u015ble wyselekcjonowane, tylko wysokiej klasy.<\/b><\/p>\n<p>Torebki zakupione na naszej aukcji s\u0105 w pe\u0142ni bezpieczne, posiadaj\u0105&nbsp;<b>dat\u0119 wa\u017cno\u015bci i nr partii na opakowaniu.<\/b>&nbsp;Gwarantujemy r\u00f3wnie\u017c jako\u015b\u0107 i oryginalno\u015b\u0107 produkt\u00f3w, poniewa\u017c s\u0105 nabywane bezpo\u015brednio od producenta.<\/p>\n<\/section><\/div>\n<\/section>\n<section class=\"section\">\n<div class=\"item item-12\">\n<section class=\"image-item\"><img decoding=\"async\" src=\"https:\/\/upload.cdn.baselinker.com\/products\/3018170\/391a0332cfed54ee736a315323fb4e34.jpg\" \/><\/section>\n<\/p><\/div>\n<\/section>\n<section class=\"section\">\n<div class=\"item item-12\">\n<section class=\"image-item\"><img decoding=\"async\" src=\"https:\/\/upload.cdn.baselinker.com\/products\/3018170\/fccf5b7dd572667d985e97e87c8729d6.jpg\" \/><\/section>\n<\/p><\/div>\n<\/section>\n","protected":false},"excerpt":{"rendered":"<p>Nasiona warzyw Og\u00f3rek gruntowy NADUSHA F1 do kwaszenia i konserwowania Og\u00f3rek gruntowy NADUSHA F1 CUCUMIS SATIVUS&nbsp; L. Najnowsza odmiana holenderskiej firmy Seminis do uprawy gruntowej, o wyr\u00f3wnanych cylindrycznych owocach, doskona\u0142a do kwaszenia i konserwowania. Cechuj\u0119 si\u0119 wysok\u0105 odporno\u015bci\u0105 na m\u0105czniaka prawdziwego, CMV i parcha dyniowatych. Przewaga kwiat\u00f3w \u017ce\u0144skich gwarantuje bardzo du\u017cy plon oraz doskona\u0142\u0105 jako\u015b\u0107&#8230;<\/p>\n","protected":false},"featured_media":25352,"comment_status":"open","ping_status":"closed","template":"","meta":{"inline_featured_image":false},"product_cat":[126,162,190],"product_tag":[],"location":[],"class_list":{"0":"post-25354","1":"product","2":"type-product","3":"status-publish","4":"has-post-thumbnail","6":"product_cat-nasiona-warzyw","7":"product_cat-nasiona","8":"product_cat-nasiona-ogorka","9":"nt-post-class","10":"","13":"excerpt-none","16":"first","17":"instock","18":"shipping-taxable","19":"purchasable","20":"product-type-simple"},"_links":{"self":[{"href":"https:\/\/boskienasiona.pl\/en\/wp-json\/wp\/v2\/product\/25354","targetHints":{"allow":["GET"]}}],"collection":[{"href":"https:\/\/boskienasiona.pl\/en\/wp-json\/wp\/v2\/product"}],"about":[{"href":"https:\/\/boskienasiona.pl\/en\/wp-json\/wp\/v2\/types\/product"}],"replies":[{"embeddable":true,"href":"https:\/\/boskienasiona.pl\/en\/wp-json\/wp\/v2\/comments?post=25354"}],"version-history":[{"count":0,"href":"https:\/\/boskienasiona.pl\/en\/wp-json\/wp\/v2\/product\/25354\/revisions"}],"wp:featuredmedia":[{"embeddable":true,"href":"https:\/\/boskienasiona.pl\/en\/wp-json\/wp\/v2\/media\/25352"}],"wp:attachment":[{"href":"https:\/\/boskienasiona.pl\/en\/wp-json\/wp\/v2\/media?parent=25354"}],"wp:term":[{"taxonomy":"product_cat","embeddable":true,"href":"https:\/\/boskienasiona.pl\/en\/wp-json\/wp\/v2\/product_cat?post=25354"},{"taxonomy":"product_tag","embeddable":true,"href":"https:\/\/boskienasiona.pl\/en\/wp-json\/wp\/v2\/product_tag?post=25354"},{"taxonomy":"location","embeddable":true,"href":"https:\/\/boskienasiona.pl\/en\/wp-json\/wp\/v2\/location?post=25354"}],"curies":[{"name":"wp","href":"https:\/\/api.w.org\/{rel}","templated":true}]}}