{"id":25381,"date":"2026-02-16T15:49:28","date_gmt":"2026-02-16T14:49:28","guid":{"rendered":"https:\/\/boskienasiona.pl\/produkt\/nasiona-warzyw-ogorek-gruntowy-salatkowy-delicius-odmiana-sr-wczesna-plenny\/"},"modified":"2026-04-19T14:19:03","modified_gmt":"2026-04-19T12:19:03","slug":"nasiona-warzyw-ogorek-gruntowy-salatkowy-delicius-odmiana-sr-wczesna-plenny","status":"publish","type":"product","link":"https:\/\/boskienasiona.pl\/en\/produkt\/nasiona-warzyw-ogorek-gruntowy-salatkowy-delicius-odmiana-sr-wczesna-plenny\/","title":{"rendered":"NASIONA WARZYW Og\u00f3rek gruntowy sa\u0142atkowy DELICIUS Odmiana \u015br wczesna PLENNY"},"content":{"rendered":"<section class=\"section\">\n<div class=\"item item-12\">\n<section class=\"text-item\">\n<h1>NASIONA WARZYW Og\u00f3rek gruntowy sa\u0142atkowy DELICIUS Odmiana \u015br wczesna PLENNY<\/h1>\n<\/section><\/div>\n<\/section>\n<section class=\"section\">\n<div class=\"item item-6\">\n<section class=\"image-item\"><img decoding=\"async\" src=\"https:\/\/upload.cdn.baselinker.com\/products\/3018170\/ded4448bc865b9e16b47915a56eff5cb.jpg\" \/><\/section>\n<\/p><\/div>\n<div class=\"item item-6\">\n<section class=\"text-item\">\n<p><b>Og\u00f3rek gruntowy sa\u0142atkowy DELICIUS<\/b><\/p>\n<p>CUCUMIS SATIVUS&nbsp; L.<\/p>\n<p>Odmiana \u015brednio wczesna, bardzo plenna. Og\u00f3rki bardzo smaczne, znakomite na sa\u0142atki<\/p>\n<p>i mro\u017conki. Owoce cylindryczne, d\u0142ugo\u015bci 13-16 cm, intensywnie zielone z bia\u0142ymi smugami.&nbsp; Wysiew w II-III dekadzie maja w rz\u0119dy co 80-100 cm. Sia\u0107 w rz\u0119dach pojedynczo lub gniazdowo po 2-3 nasiona co 15 cm.<\/p>\n<p><b>\u2705Siew:<\/b> \u00bd V<\/p>\n<p><b>\u2705Zbi\u00f3r:<\/b> VIII\u2013IX<\/p>\n<p><b>\u2705Rozstawa:<\/b> 80\u2013100\u00d715 cm<\/p>\n<\/section><\/div>\n<\/section>\n<section class=\"section\">\n<div class=\"item item-6\">\n<section class=\"image-item\"><img decoding=\"async\" src=\"https:\/\/upload.cdn.baselinker.com\/products\/3018170\/09069b9aa56c6954159aea0371b7e7e5.jpg\" \/><\/section>\n<\/p><\/div>\n<div class=\"item item-6\">\n<section class=\"text-item\">\n<p><b>SPRAWDZONA JAKO\u015a\u0106 NASION<\/b><\/p>\n<p>Oferowane przez nas nasiona s\u0105 testowane w&nbsp;<b>Laboratorium Oceny Nasion pod wzgl\u0119dem:<\/b><\/p>\n<p>\u2705<b>kie\u0142kowania<\/b><\/p>\n<p>\u2705<b>wilgotno\u015bci<\/b><\/p>\n<p>\u2705<b>czysto\u015bci ziarna<\/b><\/p>\n<p><b>Dzi\u0119ki czemu udost\u0119pniane nasiona s\u0105 \u015bci\u015ble wyselekcjonowane, tylko wysokiej klasy.<\/b><\/p>\n<p>Torebki zakupione na naszej aukcji s\u0105 w pe\u0142ni bezpieczne, posiadaj\u0105&nbsp;<b>dat\u0119 wa\u017cno\u015bci i nr partii na opakowaniu.<\/b>&nbsp;Gwarantujemy r\u00f3wnie\u017c jako\u015b\u0107 i oryginalno\u015b\u0107 produkt\u00f3w, poniewa\u017c s\u0105 nabywane bezpo\u015brednio od producenta.<\/p>\n<\/section><\/div>\n<\/section>\n<section class=\"section\">\n<div class=\"item item-12\">\n<section class=\"image-item\"><img decoding=\"async\" src=\"https:\/\/upload.cdn.baselinker.com\/products\/3018170\/566f56535b0f6b2986a14cfb38c80851.jpg\" \/><\/section>\n<\/p><\/div>\n<\/section>\n","protected":false},"excerpt":{"rendered":"<p>NASIONA WARZYW Og\u00f3rek gruntowy sa\u0142atkowy DELICIUS Odmiana \u015br wczesna PLENNY Og\u00f3rek gruntowy sa\u0142atkowy DELICIUS CUCUMIS SATIVUS&nbsp; L. Odmiana \u015brednio wczesna, bardzo plenna. Og\u00f3rki bardzo smaczne, znakomite na sa\u0142atki i mro\u017conki. Owoce cylindryczne, d\u0142ugo\u015bci 13-16 cm, intensywnie zielone z bia\u0142ymi smugami.&nbsp; Wysiew w II-III dekadzie maja w rz\u0119dy co 80-100 cm. Sia\u0107 w rz\u0119dach pojedynczo lub&#8230;<\/p>\n","protected":false},"featured_media":25379,"comment_status":"open","ping_status":"closed","template":"","meta":{"inline_featured_image":false},"product_cat":[126,162,190],"product_tag":[],"location":[],"class_list":{"0":"post-25381","1":"product","2":"type-product","3":"status-publish","4":"has-post-thumbnail","6":"product_cat-nasiona-warzyw","7":"product_cat-nasiona","8":"product_cat-nasiona-ogorka","9":"nt-post-class","10":"","13":"excerpt-none","16":"first","17":"instock","18":"shipping-taxable","19":"purchasable","20":"product-type-simple"},"_links":{"self":[{"href":"https:\/\/boskienasiona.pl\/en\/wp-json\/wp\/v2\/product\/25381","targetHints":{"allow":["GET"]}}],"collection":[{"href":"https:\/\/boskienasiona.pl\/en\/wp-json\/wp\/v2\/product"}],"about":[{"href":"https:\/\/boskienasiona.pl\/en\/wp-json\/wp\/v2\/types\/product"}],"replies":[{"embeddable":true,"href":"https:\/\/boskienasiona.pl\/en\/wp-json\/wp\/v2\/comments?post=25381"}],"version-history":[{"count":0,"href":"https:\/\/boskienasiona.pl\/en\/wp-json\/wp\/v2\/product\/25381\/revisions"}],"wp:featuredmedia":[{"embeddable":true,"href":"https:\/\/boskienasiona.pl\/en\/wp-json\/wp\/v2\/media\/25379"}],"wp:attachment":[{"href":"https:\/\/boskienasiona.pl\/en\/wp-json\/wp\/v2\/media?parent=25381"}],"wp:term":[{"taxonomy":"product_cat","embeddable":true,"href":"https:\/\/boskienasiona.pl\/en\/wp-json\/wp\/v2\/product_cat?post=25381"},{"taxonomy":"product_tag","embeddable":true,"href":"https:\/\/boskienasiona.pl\/en\/wp-json\/wp\/v2\/product_tag?post=25381"},{"taxonomy":"location","embeddable":true,"href":"https:\/\/boskienasiona.pl\/en\/wp-json\/wp\/v2\/location?post=25381"}],"curies":[{"name":"wp","href":"https:\/\/api.w.org\/{rel}","templated":true}]}}