{"id":25394,"date":"2026-02-16T15:49:44","date_gmt":"2026-02-16T14:49:44","guid":{"rendered":"https:\/\/boskienasiona.pl\/produkt\/nasiona-warzyw-ogorek-gruntowy-chinese-slangen-odmiana-salatkowa\/"},"modified":"2026-04-17T14:22:18","modified_gmt":"2026-04-17T12:22:18","slug":"nasiona-warzyw-ogorek-gruntowy-chinese-slangen-odmiana-salatkowa","status":"publish","type":"product","link":"https:\/\/boskienasiona.pl\/en\/produkt\/nasiona-warzyw-ogorek-gruntowy-chinese-slangen-odmiana-salatkowa\/","title":{"rendered":"NASIONA WARZYW Og\u00f3rek gruntowy CHINESE SLANGEN Odmiana sa\u0142atkowa"},"content":{"rendered":"<section class=\"section\">\n<div class=\"item item-12\">\n<section class=\"text-item\">\n<h1>NASIONA WARZYW Og\u00f3rek gruntowy CHINESE SLANGEN Odmiana sa\u0142atkowa<\/h1>\n<\/section><\/div>\n<\/section>\n<section class=\"section\">\n<div class=\"item item-6\">\n<section class=\"image-item\"><img decoding=\"async\" src=\"https:\/\/upload.cdn.baselinker.com\/products\/3018170\/73f097b876fca5684f2334423a679d8c.jpg\" \/><\/section>\n<\/p><\/div>\n<div class=\"item item-6\">\n<section class=\"text-item\">\n<p><b>Og\u00f3rek gruntowy CHINESE SLANGEN<\/b><\/p>\n<p>CUCUMIS SATIVUS&nbsp; L.<\/p>\n<p>Odmiana sa\u0142atkowa, \u015brednio wczesna, do uprawy w gruncie lub pod os\u0142onami. Smaczne pozginane owoce d\u0142ugo\u015bci do 50 cm o zielonej sk\u00f3rce przypominaj\u0105 kszta\u0142tem w\u0119\u017ce. &nbsp;Odmiana szczeg\u00f3lnie polecana na sa\u0142atki, mizeri\u0119, do kanapek i na mro\u017conki. Wysiew pod os\u0142ony III, do gruntu w V, po 2-3 nasiona co 10-15 cm. Wymaga gleby \u017cyznej, silnie nawo\u017conej, zasobnej w wod\u0119, przepuszczalnej, ciep\u0142ej.<\/p>\n<p><b>\u2705Siew:<\/b> III\u2013V<\/p>\n<p><b>\u2705Zbi\u00f3r:<\/b> VIII\u2013IX<\/p>\n<p><b>\u2705Rozstawa:<\/b> 80\u2013100\u00d715 cm<\/p>\n<\/section><\/div>\n<\/section>\n<section class=\"section\">\n<div class=\"item item-6\">\n<section class=\"image-item\"><img decoding=\"async\" src=\"https:\/\/upload.cdn.baselinker.com\/products\/3018170\/725be11d260e260d13c382b9eecc72b7.jpg\" \/><\/section>\n<\/p><\/div>\n<div class=\"item item-6\">\n<section class=\"text-item\">\n<p><b>SPRAWDZONA JAKO\u015a\u0106 NASION<\/b><\/p>\n<p>Oferowane przez nas nasiona s\u0105 testowane w&nbsp;<b>Laboratorium Oceny Nasion pod wzgl\u0119dem:<\/b><\/p>\n<p>\u2705<b>kie\u0142kowania<\/b><\/p>\n<p>\u2705<b>wilgotno\u015bci<\/b><\/p>\n<p>\u2705<b>czysto\u015bci ziarna<\/b><\/p>\n<p><b>Dzi\u0119ki czemu udost\u0119pniane nasiona s\u0105 \u015bci\u015ble wyselekcjonowane, tylko wysokiej klasy.<\/b><\/p>\n<p>Torebki zakupione na naszej aukcji s\u0105 w pe\u0142ni bezpieczne, posiadaj\u0105&nbsp;<b>dat\u0119 wa\u017cno\u015bci i nr partii na opakowaniu.<\/b>&nbsp;Gwarantujemy r\u00f3wnie\u017c jako\u015b\u0107 i oryginalno\u015b\u0107 produkt\u00f3w, poniewa\u017c s\u0105 nabywane bezpo\u015brednio od producenta.<\/p>\n<\/section><\/div>\n<\/section>\n<section class=\"section\">\n<div class=\"item item-12\">\n<section class=\"image-item\"><img decoding=\"async\" src=\"https:\/\/upload.cdn.baselinker.com\/products\/3018170\/deb961ccdee89c50c474238517af5ced.jpg\" \/><\/section>\n<\/p><\/div>\n<\/section>\n<section class=\"section\">\n<div class=\"item item-12\">\n<section class=\"image-item\"><img decoding=\"async\" src=\"https:\/\/upload.cdn.baselinker.com\/products\/3018170\/07e34672657e7e901f860bab5bf1a6a0.jpg\" \/><\/section>\n<\/p><\/div>\n<\/section>\n","protected":false},"excerpt":{"rendered":"<p>NASIONA WARZYW Og\u00f3rek gruntowy CHINESE SLANGEN Odmiana sa\u0142atkowa Og\u00f3rek gruntowy CHINESE SLANGEN CUCUMIS SATIVUS&nbsp; L. Odmiana sa\u0142atkowa, \u015brednio wczesna, do uprawy w gruncie lub pod os\u0142onami. Smaczne pozginane owoce d\u0142ugo\u015bci do 50 cm o zielonej sk\u00f3rce przypominaj\u0105 kszta\u0142tem w\u0119\u017ce. &nbsp;Odmiana szczeg\u00f3lnie polecana na sa\u0142atki, mizeri\u0119, do kanapek i na mro\u017conki. Wysiew pod os\u0142ony III, do&#8230;<\/p>\n","protected":false},"featured_media":25392,"comment_status":"open","ping_status":"closed","template":"","meta":{"inline_featured_image":false},"product_cat":[126,162,190],"product_tag":[],"location":[],"class_list":{"0":"post-25394","1":"product","2":"type-product","3":"status-publish","4":"has-post-thumbnail","6":"product_cat-nasiona-warzyw","7":"product_cat-nasiona","8":"product_cat-nasiona-ogorka","9":"nt-post-class","10":"","13":"excerpt-none","16":"first","17":"instock","18":"shipping-taxable","19":"purchasable","20":"product-type-simple"},"_links":{"self":[{"href":"https:\/\/boskienasiona.pl\/en\/wp-json\/wp\/v2\/product\/25394","targetHints":{"allow":["GET"]}}],"collection":[{"href":"https:\/\/boskienasiona.pl\/en\/wp-json\/wp\/v2\/product"}],"about":[{"href":"https:\/\/boskienasiona.pl\/en\/wp-json\/wp\/v2\/types\/product"}],"replies":[{"embeddable":true,"href":"https:\/\/boskienasiona.pl\/en\/wp-json\/wp\/v2\/comments?post=25394"}],"version-history":[{"count":0,"href":"https:\/\/boskienasiona.pl\/en\/wp-json\/wp\/v2\/product\/25394\/revisions"}],"wp:featuredmedia":[{"embeddable":true,"href":"https:\/\/boskienasiona.pl\/en\/wp-json\/wp\/v2\/media\/25392"}],"wp:attachment":[{"href":"https:\/\/boskienasiona.pl\/en\/wp-json\/wp\/v2\/media?parent=25394"}],"wp:term":[{"taxonomy":"product_cat","embeddable":true,"href":"https:\/\/boskienasiona.pl\/en\/wp-json\/wp\/v2\/product_cat?post=25394"},{"taxonomy":"product_tag","embeddable":true,"href":"https:\/\/boskienasiona.pl\/en\/wp-json\/wp\/v2\/product_tag?post=25394"},{"taxonomy":"location","embeddable":true,"href":"https:\/\/boskienasiona.pl\/en\/wp-json\/wp\/v2\/location?post=25394"}],"curies":[{"name":"wp","href":"https:\/\/api.w.org\/{rel}","templated":true}]}}