{"id":25411,"date":"2026-02-16T15:50:03","date_gmt":"2026-02-16T14:50:03","guid":{"rendered":"https:\/\/boskienasiona.pl\/produkt\/nasiona-warzyw-ogorek-gruntowy-wisconsin-smr-58-odmiana-srednio-wczesna\/"},"modified":"2026-04-17T14:22:19","modified_gmt":"2026-04-17T12:22:19","slug":"nasiona-warzyw-ogorek-gruntowy-wisconsin-smr-58-odmiana-srednio-wczesna","status":"publish","type":"product","link":"https:\/\/boskienasiona.pl\/en\/produkt\/nasiona-warzyw-ogorek-gruntowy-wisconsin-smr-58-odmiana-srednio-wczesna\/","title":{"rendered":"NASIONA WARZYW Og\u00f3rek gruntowy Wisconsin SMR 58 odmiana \u015brednio wczesna"},"content":{"rendered":"<section class=\"section\">\n<div class=\"item item-12\">\n<section class=\"text-item\">\n<h1>NASIONA WARZYW Og\u00f3rek gruntowy Wisconsin SMR 58 odmiana \u015brednio wczesna<\/h1>\n<\/section><\/div>\n<\/section>\n<section class=\"section\">\n<div class=\"item item-6\">\n<section class=\"image-item\"><img decoding=\"async\" src=\"https:\/\/upload.cdn.baselinker.com\/products\/3018170\/6d0c06a47041d0cad6317c77b8dd2c92.jpg\" \/><\/section>\n<\/p><\/div>\n<div class=\"item item-6\">\n<section class=\"text-item\">\n<p><b>Og\u00f3rek gruntowy WISCONSIN SMR 58<\/b><\/p>\n<p>CUCUMIS SATIVUS&nbsp; L.<\/p>\n<p>Odmiana \u015brednio wczesna, bardzo plenna, przeznaczona do konserwowania, kwaszenia<\/p>\n<p>i na sa\u0142atki. Owoc d\u0142ugo\u015bci 12-15 cm, pokryty nielicznymi, grubymi brodawkami, przybiera intensywnie zielon\u0105 barw\u0119. Du\u017ca odporno\u015b\u0107 na parcha dyniowatych oraz wirusa mozaiki. Wysiew wprost do gruntu w drugiej dekadzie maja w rz\u0119dach co 80-100 cm.<\/p>\n<p><b>\u2705Siew:<\/b> \u00bd V\u2013VI<\/p>\n<p><b>\u2705Zbi\u00f3r:<\/b> \u00bd VII\u2013 \u00bd IX<\/p>\n<p><b>\u2705Rozstawa:<\/b> 15\u00d780\u2013100 cm<\/p>\n<\/section><\/div>\n<\/section>\n<section class=\"section\">\n<div class=\"item item-6\">\n<section class=\"image-item\"><img decoding=\"async\" src=\"https:\/\/upload.cdn.baselinker.com\/products\/3018170\/692090b4d4caa3634f2d79aa498f134a.jpg\" \/><\/section>\n<\/p><\/div>\n<div class=\"item item-6\">\n<section class=\"text-item\">\n<p><b>SPRAWDZONA JAKO\u015a\u0106 NASION<\/b><\/p>\n<p>Oferowane przez nas nasiona s\u0105 testowane w&nbsp;<b>Laboratorium Oceny Nasion pod wzgl\u0119dem:<\/b><\/p>\n<p>\u2705<b>kie\u0142kowania<\/b><\/p>\n<p>\u2705<b>wilgotno\u015bci<\/b><\/p>\n<p>\u2705<b>czysto\u015bci ziarna<\/b><\/p>\n<p><b>Dzi\u0119ki czemu udost\u0119pniane nasiona s\u0105 \u015bci\u015ble wyselekcjonowane, tylko wysokiej klasy.<\/b><\/p>\n<p>Torebki zakupione na naszej aukcji s\u0105 w pe\u0142ni bezpieczne, posiadaj\u0105&nbsp;<b>dat\u0119 wa\u017cno\u015bci i nr partii na opakowaniu.<\/b>&nbsp;Gwarantujemy r\u00f3wnie\u017c jako\u015b\u0107 i oryginalno\u015b\u0107 produkt\u00f3w, poniewa\u017c s\u0105 nabywane bezpo\u015brednio od producenta.<\/p>\n<\/section><\/div>\n<\/section>\n<section class=\"section\">\n<div class=\"item item-12\">\n<section class=\"image-item\"><img decoding=\"async\" src=\"https:\/\/upload.cdn.baselinker.com\/products\/3018170\/0e93761f91807c22ac8e62474915fe62.jpg\" \/><\/section>\n<\/p><\/div>\n<\/section>\n<section class=\"section\">\n<div class=\"item item-12\">\n<section class=\"image-item\"><img decoding=\"async\" src=\"https:\/\/upload.cdn.baselinker.com\/products\/3018170\/f9125d10263fbbc93d0ee856b4c26196.jpg\" \/><\/section>\n<\/p><\/div>\n<\/section>\n<section class=\"section\">\n<div class=\"item item-12\">\n<section class=\"image-item\"><img decoding=\"async\" src=\"https:\/\/upload.cdn.baselinker.com\/products\/3018170\/f8c363a7b9c2f84ae90f1a101307e97e.jpg\" \/><\/section>\n<\/p><\/div>\n<\/section>\n","protected":false},"excerpt":{"rendered":"<p>NASIONA WARZYW Og\u00f3rek gruntowy Wisconsin SMR 58 odmiana \u015brednio wczesna Og\u00f3rek gruntowy WISCONSIN SMR 58 CUCUMIS SATIVUS&nbsp; L. Odmiana \u015brednio wczesna, bardzo plenna, przeznaczona do konserwowania, kwaszenia i na sa\u0142atki. Owoc d\u0142ugo\u015bci 12-15 cm, pokryty nielicznymi, grubymi brodawkami, przybiera intensywnie zielon\u0105 barw\u0119. Du\u017ca odporno\u015b\u0107 na parcha dyniowatych oraz wirusa mozaiki. Wysiew wprost do gruntu w&#8230;<\/p>\n","protected":false},"featured_media":25409,"comment_status":"open","ping_status":"closed","template":"","meta":{"inline_featured_image":false},"product_cat":[126,162,190],"product_tag":[],"location":[],"class_list":{"0":"post-25411","1":"product","2":"type-product","3":"status-publish","4":"has-post-thumbnail","6":"product_cat-nasiona-warzyw","7":"product_cat-nasiona","8":"product_cat-nasiona-ogorka","9":"nt-post-class","10":"","13":"excerpt-none","16":"first","17":"instock","18":"shipping-taxable","19":"purchasable","20":"product-type-simple"},"_links":{"self":[{"href":"https:\/\/boskienasiona.pl\/en\/wp-json\/wp\/v2\/product\/25411","targetHints":{"allow":["GET"]}}],"collection":[{"href":"https:\/\/boskienasiona.pl\/en\/wp-json\/wp\/v2\/product"}],"about":[{"href":"https:\/\/boskienasiona.pl\/en\/wp-json\/wp\/v2\/types\/product"}],"replies":[{"embeddable":true,"href":"https:\/\/boskienasiona.pl\/en\/wp-json\/wp\/v2\/comments?post=25411"}],"version-history":[{"count":0,"href":"https:\/\/boskienasiona.pl\/en\/wp-json\/wp\/v2\/product\/25411\/revisions"}],"wp:featuredmedia":[{"embeddable":true,"href":"https:\/\/boskienasiona.pl\/en\/wp-json\/wp\/v2\/media\/25409"}],"wp:attachment":[{"href":"https:\/\/boskienasiona.pl\/en\/wp-json\/wp\/v2\/media?parent=25411"}],"wp:term":[{"taxonomy":"product_cat","embeddable":true,"href":"https:\/\/boskienasiona.pl\/en\/wp-json\/wp\/v2\/product_cat?post=25411"},{"taxonomy":"product_tag","embeddable":true,"href":"https:\/\/boskienasiona.pl\/en\/wp-json\/wp\/v2\/product_tag?post=25411"},{"taxonomy":"location","embeddable":true,"href":"https:\/\/boskienasiona.pl\/en\/wp-json\/wp\/v2\/location?post=25411"}],"curies":[{"name":"wp","href":"https:\/\/api.w.org\/{rel}","templated":true}]}}