{"id":25462,"date":"2026-02-16T15:50:52","date_gmt":"2026-02-16T14:50:52","guid":{"rendered":"https:\/\/boskienasiona.pl\/produkt\/nasiona-warzyw-ogorek-gruntowy-partner-f1-odmiana-gruntowa-partenokarpiczna\/"},"modified":"2026-04-12T22:21:07","modified_gmt":"2026-04-12T20:21:07","slug":"nasiona-warzyw-ogorek-gruntowy-partner-f1-odmiana-gruntowa-partenokarpiczna","status":"publish","type":"product","link":"https:\/\/boskienasiona.pl\/en\/produkt\/nasiona-warzyw-ogorek-gruntowy-partner-f1-odmiana-gruntowa-partenokarpiczna\/","title":{"rendered":"NASIONA WARZYW Og\u00f3rek gruntowy PARTNER F1 Odmiana gruntowa partenokarpiczna"},"content":{"rendered":"<section class=\"section\">\n<div class=\"item item-12\">\n<section class=\"text-item\">\n<h1>NASIONA WARZYW Og\u00f3rek gruntowy PARTNER F1 Odmiana gruntowa partenokarpiczna<\/h1>\n<\/section><\/div>\n<\/section>\n<section class=\"section\">\n<div class=\"item item-6\">\n<section class=\"image-item\"><img decoding=\"async\" src=\"https:\/\/upload.cdn.baselinker.com\/products\/3018170\/05ba5f1eeb5da92cd0ef46ed19ea5fdc.jpg\" \/><\/section>\n<\/p><\/div>\n<div class=\"item item-6\">\n<section class=\"text-item\">\n<h1>Og\u00f3rek gruntowy PARTNER F1<\/h1>\n<p>CUCUMIS SATIVUL L.<\/p>\n<p>Odmiana gruntowa, partenokarpiczna (wytwarza owoce bez nasion), odporna na m\u0105cznika prawdziwego i wi\u0119kszo\u015b\u0107 chor\u00f3b ro\u015blin dyniowatych. Owoce z ciemnozielon\u0105 sk\u00f3rk\u0105 osi\u0105gaj\u0105ce d\u0142ugo\u015b\u0107 8-10 cm, pozbawione goryczki, \u015bwietnie nadaj\u0105 si\u0119 na og\u00f3rki ma\u0142osolne, do kwaszenia i konserwowania. Wysiew nasion po 15 maja wprost do gruntu. Zbi\u00f3r od VII&nbsp;do X.<\/p>\n<p><b>\u2705Siew:<\/b> \u00bd V-VI, na g\u0142\u0119boko\u015b\u0107 1-2 cm<\/p>\n<p><b>\u2705Zbi\u00f3r:<\/b> VII-X<\/p>\n<p><b>\u2705Rozstawa:<\/b> 45-60 x 50-100 cm<\/p>\n<\/section><\/div>\n<\/section>\n<section class=\"section\">\n<div class=\"item item-6\">\n<section class=\"image-item\"><img decoding=\"async\" src=\"https:\/\/upload.cdn.baselinker.com\/products\/3018170\/9f0a96b2049d0d4fc8df3500f0ee655d.jpg\" \/><\/section>\n<\/p><\/div>\n<div class=\"item item-6\">\n<section class=\"text-item\">\n<p><b>SPRAWDZONA JAKO\u015a\u0106 NASION<\/b><\/p>\n<p>Oferowane przez nas nasiona s\u0105 testowane w&nbsp;<b>Laboratorium Oceny Nasion pod wzgl\u0119dem:<\/b><\/p>\n<p>\u2705<b>kie\u0142kowania<\/b><\/p>\n<p>\u2705<b>wilgotno\u015bci<\/b><\/p>\n<p>\u2705<b>czysto\u015bci ziarna<\/b><\/p>\n<p><b>Dzi\u0119ki czemu udost\u0119pniane nasiona s\u0105 \u015bci\u015ble wyselekcjonowane, tylko wysokiej klasy.<\/b><\/p>\n<p>Torebki zakupione na naszej aukcji s\u0105 w pe\u0142ni bezpieczne, posiadaj\u0105&nbsp;<b>dat\u0119 wa\u017cno\u015bci i nr partii na opakowaniu.<\/b>&nbsp;Gwarantujemy r\u00f3wnie\u017c jako\u015b\u0107 i oryginalno\u015b\u0107 produkt\u00f3w, poniewa\u017c s\u0105 nabywane bezpo\u015brednio od producenta.<\/p>\n<\/section><\/div>\n<\/section>\n<section class=\"section\">\n<div class=\"item item-12\">\n<section class=\"image-item\"><img decoding=\"async\" src=\"https:\/\/upload.cdn.baselinker.com\/products\/3018170\/db51bf467593e9c94ffb3568c7bf4101.jpg\" \/><\/section>\n<\/p><\/div>\n<\/section>\n","protected":false},"excerpt":{"rendered":"<p>NASIONA WARZYW Og\u00f3rek gruntowy PARTNER F1 Odmiana gruntowa partenokarpiczna Og\u00f3rek gruntowy PARTNER F1 CUCUMIS SATIVUL L. Odmiana gruntowa, partenokarpiczna (wytwarza owoce bez nasion), odporna na m\u0105cznika prawdziwego i wi\u0119kszo\u015b\u0107 chor\u00f3b ro\u015blin dyniowatych. Owoce z ciemnozielon\u0105 sk\u00f3rk\u0105 osi\u0105gaj\u0105ce d\u0142ugo\u015b\u0107 8-10 cm, pozbawione goryczki, \u015bwietnie nadaj\u0105 si\u0119 na og\u00f3rki ma\u0142osolne, do kwaszenia i konserwowania. Wysiew nasion po&#8230;<\/p>\n","protected":false},"featured_media":25460,"comment_status":"open","ping_status":"closed","template":"","meta":{"inline_featured_image":false},"product_cat":[126,162,190],"product_tag":[],"location":[],"class_list":{"0":"post-25462","1":"product","2":"type-product","3":"status-publish","4":"has-post-thumbnail","6":"product_cat-nasiona-warzyw","7":"product_cat-nasiona","8":"product_cat-nasiona-ogorka","9":"nt-post-class","10":"","13":"excerpt-none","16":"first","17":"instock","18":"shipping-taxable","19":"purchasable","20":"product-type-simple"},"_links":{"self":[{"href":"https:\/\/boskienasiona.pl\/en\/wp-json\/wp\/v2\/product\/25462","targetHints":{"allow":["GET"]}}],"collection":[{"href":"https:\/\/boskienasiona.pl\/en\/wp-json\/wp\/v2\/product"}],"about":[{"href":"https:\/\/boskienasiona.pl\/en\/wp-json\/wp\/v2\/types\/product"}],"replies":[{"embeddable":true,"href":"https:\/\/boskienasiona.pl\/en\/wp-json\/wp\/v2\/comments?post=25462"}],"version-history":[{"count":0,"href":"https:\/\/boskienasiona.pl\/en\/wp-json\/wp\/v2\/product\/25462\/revisions"}],"wp:featuredmedia":[{"embeddable":true,"href":"https:\/\/boskienasiona.pl\/en\/wp-json\/wp\/v2\/media\/25460"}],"wp:attachment":[{"href":"https:\/\/boskienasiona.pl\/en\/wp-json\/wp\/v2\/media?parent=25462"}],"wp:term":[{"taxonomy":"product_cat","embeddable":true,"href":"https:\/\/boskienasiona.pl\/en\/wp-json\/wp\/v2\/product_cat?post=25462"},{"taxonomy":"product_tag","embeddable":true,"href":"https:\/\/boskienasiona.pl\/en\/wp-json\/wp\/v2\/product_tag?post=25462"},{"taxonomy":"location","embeddable":true,"href":"https:\/\/boskienasiona.pl\/en\/wp-json\/wp\/v2\/location?post=25462"}],"curies":[{"name":"wp","href":"https:\/\/api.w.org\/{rel}","templated":true}]}}