{"id":25475,"date":"2026-02-16T15:51:11","date_gmt":"2026-02-16T14:51:11","guid":{"rendered":"https:\/\/boskienasiona.pl\/produkt\/nasiona-warzyw-ogorek-ogorek-gruntowy-polan-do-kiszenia-kwaszenia-i-salatek\/"},"modified":"2026-04-19T14:19:04","modified_gmt":"2026-04-19T12:19:04","slug":"nasiona-warzyw-ogorek-ogorek-gruntowy-polan-do-kiszenia-kwaszenia-i-salatek","status":"publish","type":"product","link":"https:\/\/boskienasiona.pl\/en\/produkt\/nasiona-warzyw-ogorek-ogorek-gruntowy-polan-do-kiszenia-kwaszenia-i-salatek\/","title":{"rendered":"NASIONA WARZYW OG\u00d3REK Og\u00f3rek gruntowy POLAN do kiszenia kwaszenia I sa\u0142atek"},"content":{"rendered":"<section class=\"section\">\n<div class=\"item item-12\">\n<section class=\"text-item\">\n<h1>NASIONA WARZYW OG\u00d3REK Og\u00f3rek gruntowy POLAN do kiszenia kwaszenia I sa\u0142atek<\/h1>\n<\/section><\/div>\n<\/section>\n<section class=\"section\">\n<div class=\"item item-12\">\n<section class=\"text-item\">\n<p>&nbsp;<\/p>\n<\/section><\/div>\n<\/section>\n<section class=\"section\">\n<div class=\"item item-6\">\n<section class=\"image-item\"><img decoding=\"async\" src=\"https:\/\/upload.cdn.baselinker.com\/products\/3018170\/dfa5a79b7f3e502c67faa676860ed1c4.jpg\" \/><\/section>\n<\/p><\/div>\n<div class=\"item item-6\">\n<section class=\"text-item\">\n<p><b>Og\u00f3rek gruntowy POLAN F1<\/b><\/p>\n<p>CUCUMIS SATIVUS&nbsp; L.<\/p>\n<p>Odmiana \u015brednio wczesna, bardzo plenna. Owoce grubobrodawkowe nie wykazuj\u0105 tendencji do tworzenia pustych kom\u00f3r nasiennych. Doskonale nadaj\u0105 si\u0119 do kiszenia, kwaszenia i do sa\u0142atek. Wysiew nasion po 15 V, w rz\u0119dy co 80-90 cm. Sia\u0107 w rz\u0119dach pojedynczo lub gniazdowo (2-3 nasiona co 15 cm). Wymaga gleby silnie nawo\u017conej, zasobnej w wod\u0119, przepuszczalnej i ciep\u0142ej.<\/p>\n<p><b>\u2705Siew:<\/b> II\u2013V<\/p>\n<p><b>\u2705Zbi\u00f3r:<\/b> VII\u2013VIII<\/p>\n<p><b>\u2705Rozstawa:<\/b> 120\u2013150\u00d780\u2013100 cm<\/p>\n<\/section><\/div>\n<\/section>\n<section class=\"section\">\n<div class=\"item item-6\">\n<section class=\"image-item\"><img decoding=\"async\" src=\"https:\/\/upload.cdn.baselinker.com\/products\/3018170\/2e0aab201d301ca5ec0681a5a50b3c7d.jpg\" \/><\/section>\n<\/p><\/div>\n<div class=\"item item-6\">\n<section class=\"text-item\">\n<p><b>SPRAWDZONA JAKO\u015a\u0106 NASION<\/b><\/p>\n<p>Oferowane przez nas nasiona s\u0105 testowane w&nbsp;<b>Laboratorium Oceny Nasion pod wzgl\u0119dem:<\/b><\/p>\n<p>\u2705<b>kie\u0142kowania<\/b><\/p>\n<p>\u2705<b>wilgotno\u015bci<\/b><\/p>\n<p>\u2705<b>czysto\u015bci ziarna<\/b><\/p>\n<p><b>Dzi\u0119ki czemu udost\u0119pniane nasiona s\u0105 \u015bci\u015ble wyselekcjonowane, tylko wysokiej klasy.<\/b><\/p>\n<p>Torebki zakupione na naszej aukcji s\u0105 w pe\u0142ni bezpieczne, posiadaj\u0105&nbsp;<b>dat\u0119 wa\u017cno\u015bci i nr partii na opakowaniu.<\/b>&nbsp;Gwarantujemy r\u00f3wnie\u017c jako\u015b\u0107 i oryginalno\u015b\u0107 produkt\u00f3w, poniewa\u017c s\u0105 nabywane bezpo\u015brednio od producenta.<\/p>\n<\/section><\/div>\n<\/section>\n<section class=\"section\">\n<div class=\"item item-12\">\n<section class=\"image-item\"><img decoding=\"async\" src=\"https:\/\/upload.cdn.baselinker.com\/products\/3018170\/334b44ad30da2c920f87d3e6ae78b7fa.jpg\" \/><\/section>\n<\/p><\/div>\n<\/section>\n<section class=\"section\">\n<div class=\"item item-12\">\n<section class=\"image-item\"><img decoding=\"async\" src=\"https:\/\/upload.cdn.baselinker.com\/products\/3018170\/37de6cbf6f894e266d6a761942f40aad.jpg\" \/><\/section>\n<\/p><\/div>\n<\/section>\n<section class=\"section\">\n<div class=\"item item-12\">\n<section class=\"image-item\"><img decoding=\"async\" src=\"https:\/\/upload.cdn.baselinker.com\/products\/3018170\/e121ef346c665e85a95f1ed32c1d3d59.jpg\" \/><\/section>\n<\/p><\/div>\n<\/section>\n","protected":false},"excerpt":{"rendered":"<p>NASIONA WARZYW OG\u00d3REK Og\u00f3rek gruntowy POLAN do kiszenia kwaszenia I sa\u0142atek &nbsp; Og\u00f3rek gruntowy POLAN F1 CUCUMIS SATIVUS&nbsp; L. Odmiana \u015brednio wczesna, bardzo plenna. Owoce grubobrodawkowe nie wykazuj\u0105 tendencji do tworzenia pustych kom\u00f3r nasiennych. Doskonale nadaj\u0105 si\u0119 do kiszenia, kwaszenia i do sa\u0142atek. Wysiew nasion po 15 V, w rz\u0119dy co 80-90 cm. Sia\u0107 w&#8230;<\/p>\n","protected":false},"featured_media":25473,"comment_status":"open","ping_status":"closed","template":"","meta":{"inline_featured_image":false},"product_cat":[126,162,190],"product_tag":[],"location":[],"class_list":{"0":"post-25475","1":"product","2":"type-product","3":"status-publish","4":"has-post-thumbnail","6":"product_cat-nasiona-warzyw","7":"product_cat-nasiona","8":"product_cat-nasiona-ogorka","9":"nt-post-class","10":"","13":"excerpt-none","16":"first","17":"instock","18":"shipping-taxable","19":"purchasable","20":"product-type-simple"},"_links":{"self":[{"href":"https:\/\/boskienasiona.pl\/en\/wp-json\/wp\/v2\/product\/25475","targetHints":{"allow":["GET"]}}],"collection":[{"href":"https:\/\/boskienasiona.pl\/en\/wp-json\/wp\/v2\/product"}],"about":[{"href":"https:\/\/boskienasiona.pl\/en\/wp-json\/wp\/v2\/types\/product"}],"replies":[{"embeddable":true,"href":"https:\/\/boskienasiona.pl\/en\/wp-json\/wp\/v2\/comments?post=25475"}],"version-history":[{"count":0,"href":"https:\/\/boskienasiona.pl\/en\/wp-json\/wp\/v2\/product\/25475\/revisions"}],"wp:featuredmedia":[{"embeddable":true,"href":"https:\/\/boskienasiona.pl\/en\/wp-json\/wp\/v2\/media\/25473"}],"wp:attachment":[{"href":"https:\/\/boskienasiona.pl\/en\/wp-json\/wp\/v2\/media?parent=25475"}],"wp:term":[{"taxonomy":"product_cat","embeddable":true,"href":"https:\/\/boskienasiona.pl\/en\/wp-json\/wp\/v2\/product_cat?post=25475"},{"taxonomy":"product_tag","embeddable":true,"href":"https:\/\/boskienasiona.pl\/en\/wp-json\/wp\/v2\/product_tag?post=25475"},{"taxonomy":"location","embeddable":true,"href":"https:\/\/boskienasiona.pl\/en\/wp-json\/wp\/v2\/location?post=25475"}],"curies":[{"name":"wp","href":"https:\/\/api.w.org\/{rel}","templated":true}]}}