{"id":25496,"date":"2026-02-16T15:51:25","date_gmt":"2026-02-16T14:51:25","guid":{"rendered":"https:\/\/boskienasiona.pl\/produkt\/nasiona-warzyw-ogorek-gruntowy-dalila-f1-bardzo-plenny-do-konserwacji\/"},"modified":"2026-04-15T22:22:59","modified_gmt":"2026-04-15T20:22:59","slug":"nasiona-warzyw-ogorek-gruntowy-dalila-f1-bardzo-plenny-do-konserwacji","status":"publish","type":"product","link":"https:\/\/boskienasiona.pl\/en\/produkt\/nasiona-warzyw-ogorek-gruntowy-dalila-f1-bardzo-plenny-do-konserwacji\/","title":{"rendered":"NASIONA WARZYW Og\u00f3rek gruntowy DALILA F1 BARDZO PLENNY do konserwacji"},"content":{"rendered":"<section class=\"section\">\n<div class=\"item item-12\">\n<section class=\"text-item\">\n<h1>NASIONA WARZYW Og\u00f3rek gruntowy DALILA F1 BARDZO PLENNY do konserwacji<\/h1>\n<\/section><\/div>\n<\/section>\n<section class=\"section\">\n<div class=\"item item-6\">\n<section class=\"image-item\"><img decoding=\"async\" src=\"https:\/\/upload.cdn.baselinker.com\/products\/3018170\/c274d5b24d88fb526871a19826601b4b.jpg\" \/><\/section>\n<\/p><\/div>\n<div class=\"item item-6\">\n<section class=\"text-item\">\n<h1>Nasiona warzyw<\/h1>\n<p>Warzywa s\u0105 jednym z najwa\u017cniejszych sk\u0142adnik\u00f3w diety. W wi\u0119kszo\u015bci s\u0105 lekkostrawne i niskokaloryczne, dlatego mog\u0105 by\u0107 spo\u017cywane tak\u017ce przez osoby na r\u00f3\u017cnych dietach. Doskonale nadaj\u0105 si\u0119 te\u017c do przetwarzania i przechowywania przez wiele miesi\u0119cy, dzi\u0119ki czemu s\u0105 dost\u0119pne w najzdrowszej, surowej postaci przez ca\u0142y rok. Uprawa warzyw jest mo\u017cliwa zar\u00f3wno na skal\u0119 przemys\u0142ow\u0105, jak i w domowym ogr\u00f3dku, a nawet na tarasie czy balkonie.<\/p>\n<\/section><\/div>\n<\/section>\n<section class=\"section\">\n<div class=\"item item-6\">\n<section class=\"image-item\"><img decoding=\"async\" src=\"https:\/\/upload.cdn.baselinker.com\/products\/3018170\/d24db50c3cac166ef34112102560273a.jpg\" \/><\/section>\n<\/p><\/div>\n<div class=\"item item-6\">\n<section class=\"text-item\">\n<p><b>SPRAWDZONA JAKO\u015a\u0106 NASION<\/b><\/p>\n<p>Oferowane przez nas nasiona s\u0105 testowane w&nbsp;<b>Laboratorium Oceny Nasion pod wzgl\u0119dem:<\/b><\/p>\n<p>\u2705<b>kie\u0142kowania<\/b><\/p>\n<p>\u2705<b>wilgotno\u015bci<\/b><\/p>\n<p>\u2705<b>czysto\u015bci ziarna<\/b><\/p>\n<p><b>Dzi\u0119ki czemu udost\u0119pniane nasiona s\u0105 \u015bci\u015ble wyselekcjonowane, tylko wysokiej klasy.<\/b><\/p>\n<p>Torebki zakupione na naszej aukcji s\u0105 w pe\u0142ni bezpieczne, posiadaj\u0105&nbsp;<b>dat\u0119 wa\u017cno\u015bci i nr partii na opakowaniu.<\/b>&nbsp;Gwarantujemy r\u00f3wnie\u017c jako\u015b\u0107 i oryginalno\u015b\u0107 produkt\u00f3w, poniewa\u017c s\u0105 nabywane bezpo\u015brednio od producenta.<\/p>\n<\/section><\/div>\n<\/section>\n<section class=\"section\">\n<div class=\"item item-12\">\n<section class=\"image-item\"><img decoding=\"async\" src=\"https:\/\/upload.cdn.baselinker.com\/products\/3018170\/ee2d8e0679a0eff9e76f7e97c52cf2e0.jpg\" \/><\/section>\n<\/p><\/div>\n<\/section>\n<section class=\"section\">\n<div class=\"item item-12\">\n<section class=\"image-item\"><img decoding=\"async\" src=\"https:\/\/upload.cdn.baselinker.com\/products\/3018170\/af0ca7e5540b32850eda6a6ce0150d6c.jpg\" \/><\/section>\n<\/p><\/div>\n<\/section>\n","protected":false},"excerpt":{"rendered":"<p>NASIONA WARZYW Og\u00f3rek gruntowy DALILA F1 BARDZO PLENNY do konserwacji Nasiona warzyw Warzywa s\u0105 jednym z najwa\u017cniejszych sk\u0142adnik\u00f3w diety. W wi\u0119kszo\u015bci s\u0105 lekkostrawne i niskokaloryczne, dlatego mog\u0105 by\u0107 spo\u017cywane tak\u017ce przez osoby na r\u00f3\u017cnych dietach. Doskonale nadaj\u0105 si\u0119 te\u017c do przetwarzania i przechowywania przez wiele miesi\u0119cy, dzi\u0119ki czemu s\u0105 dost\u0119pne w najzdrowszej, surowej postaci przez&#8230;<\/p>\n","protected":false},"featured_media":25494,"comment_status":"open","ping_status":"closed","template":"","meta":{"inline_featured_image":false},"product_cat":[126,162,190],"product_tag":[],"location":[],"class_list":{"0":"post-25496","1":"product","2":"type-product","3":"status-publish","4":"has-post-thumbnail","6":"product_cat-nasiona-warzyw","7":"product_cat-nasiona","8":"product_cat-nasiona-ogorka","9":"nt-post-class","10":"","13":"excerpt-none","16":"first","17":"instock","18":"shipping-taxable","19":"purchasable","20":"product-type-simple"},"_links":{"self":[{"href":"https:\/\/boskienasiona.pl\/en\/wp-json\/wp\/v2\/product\/25496","targetHints":{"allow":["GET"]}}],"collection":[{"href":"https:\/\/boskienasiona.pl\/en\/wp-json\/wp\/v2\/product"}],"about":[{"href":"https:\/\/boskienasiona.pl\/en\/wp-json\/wp\/v2\/types\/product"}],"replies":[{"embeddable":true,"href":"https:\/\/boskienasiona.pl\/en\/wp-json\/wp\/v2\/comments?post=25496"}],"version-history":[{"count":0,"href":"https:\/\/boskienasiona.pl\/en\/wp-json\/wp\/v2\/product\/25496\/revisions"}],"wp:featuredmedia":[{"embeddable":true,"href":"https:\/\/boskienasiona.pl\/en\/wp-json\/wp\/v2\/media\/25494"}],"wp:attachment":[{"href":"https:\/\/boskienasiona.pl\/en\/wp-json\/wp\/v2\/media?parent=25496"}],"wp:term":[{"taxonomy":"product_cat","embeddable":true,"href":"https:\/\/boskienasiona.pl\/en\/wp-json\/wp\/v2\/product_cat?post=25496"},{"taxonomy":"product_tag","embeddable":true,"href":"https:\/\/boskienasiona.pl\/en\/wp-json\/wp\/v2\/product_tag?post=25496"},{"taxonomy":"location","embeddable":true,"href":"https:\/\/boskienasiona.pl\/en\/wp-json\/wp\/v2\/location?post=25496"}],"curies":[{"name":"wp","href":"https:\/\/api.w.org\/{rel}","templated":true}]}}