{"id":25513,"date":"2026-02-16T15:51:44","date_gmt":"2026-02-16T14:51:44","guid":{"rendered":"https:\/\/boskienasiona.pl\/produkt\/nasiona-warzyw-ogorek-marieta-f1-plenna-odmiana-odporna-na-wirusy\/"},"modified":"2026-04-20T14:23:56","modified_gmt":"2026-04-20T12:23:56","slug":"nasiona-warzyw-ogorek-marieta-f1-plenna-odmiana-odporna-na-wirusy","status":"publish","type":"product","link":"https:\/\/boskienasiona.pl\/en\/produkt\/nasiona-warzyw-ogorek-marieta-f1-plenna-odmiana-odporna-na-wirusy\/","title":{"rendered":"NASIONA WARZYW OG\u00d3REK MARIETA F1 plenna odmiana odporna na wirusy"},"content":{"rendered":"<section class=\"section\">\n<div class=\"item item-12\">\n<section class=\"text-item\">\n<h1>NASIONA WARZYW OG\u00d3REK MARIETA F1 plenna odmiana odporna na wirusy<\/h1>\n<\/section><\/div>\n<\/section>\n<section class=\"section\">\n<div class=\"item item-6\">\n<section class=\"image-item\"><img decoding=\"async\" src=\"https:\/\/upload.cdn.baselinker.com\/products\/3018170\/872182e79f51f8faf660852be8987852.jpg\" \/><\/section>\n<\/p><\/div>\n<div class=\"item item-6\">\n<section class=\"text-item\">\n<p><b>Og\u00f3rek gruntowy MARIETA F1<\/b><\/p>\n<p>CUCUMIS SATIVUS L.<\/p>\n<p>\u015arednio wczesna, plenna odmiana odporna na wirusa mozaiki, parcha dyniowatych<\/p>\n<p>i m\u0105czniaka prawdziwego. Wysoka odporno\u015b\u0107 pozwala znacznie ograniczy\u0107 zabiegi ochronne. Owoce barwy jasnozielonej z cienkimi paskami polecane s\u0105 do bezpo\u015bredniego spo\u017cycia, konserwowania i kwaszenia. Wysiew nasion wprost do gruntu w drugiej po\u0142owie maja.<\/p>\n<p><b>\u2705Siew:<\/b> \u00bd V-VI; 2-3 cm<\/p>\n<p><b>\u2705Zbi\u00f3r:<\/b> VII-IX<\/p>\n<p><b>\u2705Rozstawa:<\/b> 70-90\u00d710-15 cm<\/p>\n<\/section><\/div>\n<\/section>\n<section class=\"section\">\n<div class=\"item item-6\">\n<section class=\"image-item\"><img decoding=\"async\" src=\"https:\/\/upload.cdn.baselinker.com\/products\/3018170\/33240d73b1d99e593533a4dc915849bb.jpg\" \/><\/section>\n<\/p><\/div>\n<div class=\"item item-6\">\n<section class=\"text-item\">\n<p><b>SPRAWDZONA JAKO\u015a\u0106 NASION<\/b><\/p>\n<p>Oferowane przez nas nasiona s\u0105 testowane w&nbsp;<b>Laboratorium Oceny Nasion pod wzgl\u0119dem:<\/b><\/p>\n<p>\u2705<b>kie\u0142kowania<\/b><\/p>\n<p>\u2705<b>wilgotno\u015bci<\/b><\/p>\n<p>\u2705<b>czysto\u015bci ziarna<\/b><\/p>\n<p><b>Dzi\u0119ki czemu udost\u0119pniane nasiona s\u0105 \u015bci\u015ble wyselekcjonowane, tylko wysokiej klasy.<\/b><\/p>\n<p>Torebki zakupione na naszej aukcji s\u0105 w pe\u0142ni bezpieczne, posiadaj\u0105&nbsp;<b>dat\u0119 wa\u017cno\u015bci i nr partii na opakowaniu.<\/b>&nbsp;Gwarantujemy r\u00f3wnie\u017c jako\u015b\u0107 i oryginalno\u015b\u0107 produkt\u00f3w, poniewa\u017c s\u0105 nabywane bezpo\u015brednio od producenta.<\/p>\n<\/section><\/div>\n<\/section>\n<section class=\"section\">\n<div class=\"item item-12\">\n<section class=\"image-item\"><img decoding=\"async\" src=\"https:\/\/upload.cdn.baselinker.com\/products\/3018170\/935d350fdec737de968e4cf16295f5b8.jpg\" \/><\/section>\n<\/p><\/div>\n<\/section>\n<section class=\"section\">\n<div class=\"item item-12\">\n<section class=\"image-item\"><img decoding=\"async\" src=\"https:\/\/upload.cdn.baselinker.com\/products\/3018170\/0502838d982accd609247d27464e06b8.jpg\" \/><\/section>\n<\/p><\/div>\n<\/section>\n<section class=\"section\">\n<div class=\"item item-12\">\n<section class=\"image-item\"><img decoding=\"async\" src=\"https:\/\/upload.cdn.baselinker.com\/products\/3018170\/dfbf5c34207b0bc7bf7f8800ed38e78b.jpg\" \/><\/section>\n<\/p><\/div>\n<\/section>\n","protected":false},"excerpt":{"rendered":"<p>NASIONA WARZYW OG\u00d3REK MARIETA F1 plenna odmiana odporna na wirusy Og\u00f3rek gruntowy MARIETA F1 CUCUMIS SATIVUS L. \u015arednio wczesna, plenna odmiana odporna na wirusa mozaiki, parcha dyniowatych i m\u0105czniaka prawdziwego. Wysoka odporno\u015b\u0107 pozwala znacznie ograniczy\u0107 zabiegi ochronne. Owoce barwy jasnozielonej z cienkimi paskami polecane s\u0105 do bezpo\u015bredniego spo\u017cycia, konserwowania i kwaszenia. Wysiew nasion wprost do&#8230;<\/p>\n","protected":false},"featured_media":25511,"comment_status":"open","ping_status":"closed","template":"","meta":{"inline_featured_image":false},"product_cat":[126,162,190],"product_tag":[],"location":[],"class_list":{"0":"post-25513","1":"product","2":"type-product","3":"status-publish","4":"has-post-thumbnail","6":"product_cat-nasiona-warzyw","7":"product_cat-nasiona","8":"product_cat-nasiona-ogorka","9":"nt-post-class","10":"","13":"excerpt-none","16":"first","17":"instock","18":"shipping-taxable","19":"purchasable","20":"product-type-simple"},"_links":{"self":[{"href":"https:\/\/boskienasiona.pl\/en\/wp-json\/wp\/v2\/product\/25513","targetHints":{"allow":["GET"]}}],"collection":[{"href":"https:\/\/boskienasiona.pl\/en\/wp-json\/wp\/v2\/product"}],"about":[{"href":"https:\/\/boskienasiona.pl\/en\/wp-json\/wp\/v2\/types\/product"}],"replies":[{"embeddable":true,"href":"https:\/\/boskienasiona.pl\/en\/wp-json\/wp\/v2\/comments?post=25513"}],"version-history":[{"count":0,"href":"https:\/\/boskienasiona.pl\/en\/wp-json\/wp\/v2\/product\/25513\/revisions"}],"wp:featuredmedia":[{"embeddable":true,"href":"https:\/\/boskienasiona.pl\/en\/wp-json\/wp\/v2\/media\/25511"}],"wp:attachment":[{"href":"https:\/\/boskienasiona.pl\/en\/wp-json\/wp\/v2\/media?parent=25513"}],"wp:term":[{"taxonomy":"product_cat","embeddable":true,"href":"https:\/\/boskienasiona.pl\/en\/wp-json\/wp\/v2\/product_cat?post=25513"},{"taxonomy":"product_tag","embeddable":true,"href":"https:\/\/boskienasiona.pl\/en\/wp-json\/wp\/v2\/product_tag?post=25513"},{"taxonomy":"location","embeddable":true,"href":"https:\/\/boskienasiona.pl\/en\/wp-json\/wp\/v2\/location?post=25513"}],"curies":[{"name":"wp","href":"https:\/\/api.w.org\/{rel}","templated":true}]}}