{"id":25534,"date":"2026-02-16T15:52:04","date_gmt":"2026-02-16T14:52:04","guid":{"rendered":"https:\/\/boskienasiona.pl\/produkt\/nasiona-warzyw-ogorek-gruntowy-corveta-f1-do-kwaszenia-i-konserwowania\/"},"modified":"2026-04-18T14:18:46","modified_gmt":"2026-04-18T12:18:46","slug":"nasiona-warzyw-ogorek-gruntowy-corveta-f1-do-kwaszenia-i-konserwowania","status":"publish","type":"product","link":"https:\/\/boskienasiona.pl\/en\/produkt\/nasiona-warzyw-ogorek-gruntowy-corveta-f1-do-kwaszenia-i-konserwowania\/","title":{"rendered":"NASIONA WARZYW Og\u00f3rek gruntowy CORVETA F1 do kwaszenia i konserwowania"},"content":{"rendered":"<section class=\"section\">\n<div class=\"item item-12\">\n<section class=\"text-item\">\n<h1>NASIONA WARZYW Og\u00f3rek gruntowy CORVETA F1 do kwaszenia i konserwowania<\/h1>\n<\/section><\/div>\n<\/section>\n<section class=\"section\">\n<div class=\"item item-6\">\n<section class=\"image-item\"><img decoding=\"async\" src=\"https:\/\/upload.cdn.baselinker.com\/products\/3018170\/57cf84831e4a1c0e87c2a7cc6c56e21b.jpg\" \/><\/section>\n<\/p><\/div>\n<div class=\"item item-6\">\n<section class=\"text-item\">\n<p><b>Og\u00f3rek gruntowy CORVETA F1<\/b><\/p>\n<p>CUCUMIS SATIVUS L.<\/p>\n<p>Wczesna, bardzo plenna odmiana gruntowego og\u00f3rka. Owoce wyr\u00f3wnanie, pozbawione goryczki, bez tendencji do \u017c\u00f3\u0142kni\u0119cia i przerastania. Odmiana wykazuje wysok\u0105 tolerancj\u0119 na choroby grzybowe. Odmiana przeznaczona do bezpo\u015bredniego spo\u017cycia lub do kwaszenia<\/p>\n<p>i konserwowania. Wysiew wprost do gruntu po 15 maja na g\u0142\u0119boko\u015b\u0107 1-2 cm.<\/p>\n<p><b>\u2705Siew:<\/b> \u00bd V \u2013 VI, na g\u0142\u0119boko\u015b\u0107:&nbsp; 1-2 cm<\/p>\n<p><b>\u2705Zbi\u00f3r:<\/b> VII-VIII<\/p>\n<p><b>\u2705Rozstawa:<\/b> 75-90 x 10-15 cm<\/p>\n<\/section><\/div>\n<\/section>\n<section class=\"section\">\n<div class=\"item item-6\">\n<section class=\"image-item\"><img decoding=\"async\" src=\"https:\/\/upload.cdn.baselinker.com\/products\/3018170\/e7f5d30873968c45b445ea33867c7718.jpg\" \/><\/section>\n<\/p><\/div>\n<div class=\"item item-6\">\n<section class=\"text-item\">\n<p><b>SPRAWDZONA JAKO\u015a\u0106 NASION<\/b><\/p>\n<p>Oferowane przez nas nasiona s\u0105 testowane w&nbsp;<b>Laboratorium Oceny Nasion pod wzgl\u0119dem:<\/b><\/p>\n<p>\u2705<b>kie\u0142kowania<\/b><\/p>\n<p>\u2705<b>wilgotno\u015bci<\/b><\/p>\n<p>\u2705<b>czysto\u015bci ziarna<\/b><\/p>\n<p><b>Dzi\u0119ki czemu udost\u0119pniane nasiona s\u0105 \u015bci\u015ble wyselekcjonowane, tylko wysokiej klasy.<\/b><\/p>\n<p>Torebki zakupione na naszej aukcji s\u0105 w pe\u0142ni bezpieczne, posiadaj\u0105&nbsp;<b>dat\u0119 wa\u017cno\u015bci i nr partii na opakowaniu.<\/b>&nbsp;Gwarantujemy r\u00f3wnie\u017c jako\u015b\u0107 i oryginalno\u015b\u0107 produkt\u00f3w, poniewa\u017c s\u0105 nabywane bezpo\u015brednio od producenta.<\/p>\n<\/section><\/div>\n<\/section>\n<section class=\"section\">\n<div class=\"item item-12\">\n<section class=\"image-item\"><img decoding=\"async\" src=\"https:\/\/upload.cdn.baselinker.com\/products\/3018170\/ec1fb2191f89df90e0de4337a47bee8a.jpg\" \/><\/section>\n<\/p><\/div>\n<\/section>\n<section class=\"section\">\n<div class=\"item item-12\">\n<section class=\"image-item\"><img decoding=\"async\" src=\"https:\/\/upload.cdn.baselinker.com\/products\/3018170\/bd2bbd2be14953bc359d2aa6993cf864.jpg\" \/><\/section>\n<\/p><\/div>\n<\/section>\n<section class=\"section\">\n<div class=\"item item-12\">\n<section class=\"image-item\"><img decoding=\"async\" src=\"https:\/\/upload.cdn.baselinker.com\/products\/3018170\/de8a4232054748eb5dad725fc3889e16.jpg\" \/><\/section>\n<\/p><\/div>\n<\/section>\n","protected":false},"excerpt":{"rendered":"<p>NASIONA WARZYW Og\u00f3rek gruntowy CORVETA F1 do kwaszenia i konserwowania Og\u00f3rek gruntowy CORVETA F1 CUCUMIS SATIVUS L. Wczesna, bardzo plenna odmiana gruntowego og\u00f3rka. Owoce wyr\u00f3wnanie, pozbawione goryczki, bez tendencji do \u017c\u00f3\u0142kni\u0119cia i przerastania. Odmiana wykazuje wysok\u0105 tolerancj\u0119 na choroby grzybowe. Odmiana przeznaczona do bezpo\u015bredniego spo\u017cycia lub do kwaszenia i konserwowania. Wysiew wprost do gruntu po&#8230;<\/p>\n","protected":false},"featured_media":25532,"comment_status":"open","ping_status":"closed","template":"","meta":{"inline_featured_image":false},"product_cat":[126,162,190],"product_tag":[],"location":[],"class_list":{"0":"post-25534","1":"product","2":"type-product","3":"status-publish","4":"has-post-thumbnail","6":"product_cat-nasiona-warzyw","7":"product_cat-nasiona","8":"product_cat-nasiona-ogorka","9":"nt-post-class","10":"","13":"excerpt-none","16":"first","17":"instock","18":"shipping-taxable","19":"purchasable","20":"product-type-simple"},"_links":{"self":[{"href":"https:\/\/boskienasiona.pl\/en\/wp-json\/wp\/v2\/product\/25534","targetHints":{"allow":["GET"]}}],"collection":[{"href":"https:\/\/boskienasiona.pl\/en\/wp-json\/wp\/v2\/product"}],"about":[{"href":"https:\/\/boskienasiona.pl\/en\/wp-json\/wp\/v2\/types\/product"}],"replies":[{"embeddable":true,"href":"https:\/\/boskienasiona.pl\/en\/wp-json\/wp\/v2\/comments?post=25534"}],"version-history":[{"count":0,"href":"https:\/\/boskienasiona.pl\/en\/wp-json\/wp\/v2\/product\/25534\/revisions"}],"wp:featuredmedia":[{"embeddable":true,"href":"https:\/\/boskienasiona.pl\/en\/wp-json\/wp\/v2\/media\/25532"}],"wp:attachment":[{"href":"https:\/\/boskienasiona.pl\/en\/wp-json\/wp\/v2\/media?parent=25534"}],"wp:term":[{"taxonomy":"product_cat","embeddable":true,"href":"https:\/\/boskienasiona.pl\/en\/wp-json\/wp\/v2\/product_cat?post=25534"},{"taxonomy":"product_tag","embeddable":true,"href":"https:\/\/boskienasiona.pl\/en\/wp-json\/wp\/v2\/product_tag?post=25534"},{"taxonomy":"location","embeddable":true,"href":"https:\/\/boskienasiona.pl\/en\/wp-json\/wp\/v2\/location?post=25534"}],"curies":[{"name":"wp","href":"https:\/\/api.w.org\/{rel}","templated":true}]}}