{"id":25559,"date":"2026-02-16T15:52:31","date_gmt":"2026-02-16T14:52:31","guid":{"rendered":"https:\/\/boskienasiona.pl\/produkt\/nasiona-warzyw-ogorek-ares-f1-chrupki-bez-goryczki-odporny\/"},"modified":"2026-04-18T14:18:46","modified_gmt":"2026-04-18T12:18:46","slug":"nasiona-warzyw-ogorek-ares-f1-chrupki-bez-goryczki-odporny","status":"publish","type":"product","link":"https:\/\/boskienasiona.pl\/en\/produkt\/nasiona-warzyw-ogorek-ares-f1-chrupki-bez-goryczki-odporny\/","title":{"rendered":"NASIONA WARZYW Og\u00f3rek ARES F1 chrupki bez goryczki odporny"},"content":{"rendered":"<section class=\"section\">\n<div class=\"item item-12\">\n<section class=\"text-item\">\n<h1>NASIONA WARZYW Og\u00f3rek gruntowy ARES F1 chrupki bez goryczki odporny<\/h1>\n<\/section><\/div>\n<\/section>\n<section class=\"section\">\n<div class=\"item item-6\">\n<section class=\"image-item\"><img decoding=\"async\" src=\"https:\/\/upload.cdn.baselinker.com\/products\/3018170\/dc2e3fcd0d0e34b90d5f0eb4b4f6b09a.jpg\" \/><\/section>\n<\/p><\/div>\n<div class=\"item item-6\">\n<section class=\"text-item\">\n<p><b>Og\u00f3rek gruntowy ARES F1<\/b><\/p>\n<p>Odmiana \u015brednio wczesna, odporna na choroby. Og\u00f3rki niezwykle chrupkie, bez goryczki,<\/p>\n<p>s\u0105 d\u0142ugie i bardzo kszta\u0142tne.&nbsp; Sk\u00f3rka intensywnie zielona z bia\u0142ymi pasami i lekkim po\u0142yskiem. Brodawki \u015bredniej wielko\u015bci. Idealnie nadaje si\u0119 do kiszenia, konserwowania, szczeg\u00f3lnie na korniszony. Siew gniazdowo po 2-3 nasiona na g\u0142\u0119boko\u015b\u0107 1-2 cm od V do po\u0142owy VI.<\/p>\n<p><b>\u2705Siew:<\/b> V- \u00bd VI<\/p>\n<p><b>\u2705Zbi\u00f3r:<\/b> VII \u2013 IX<\/p>\n<p><b>\u2705Rozstawa:<\/b> 90-120 x 15<\/p>\n<\/section><\/div>\n<\/section>\n<section class=\"section\">\n<div class=\"item item-6\">\n<section class=\"image-item\"><img decoding=\"async\" src=\"https:\/\/upload.cdn.baselinker.com\/products\/3018170\/67e1f3fec97d944965abeb70e99626a0.jpg\" \/><\/section>\n<\/p><\/div>\n<div class=\"item item-6\">\n<section class=\"text-item\">\n<p><b>SPRAWDZONA JAKO\u015a\u0106 NASION<\/b><\/p>\n<p>Oferowane przez nas nasiona s\u0105 testowane w&nbsp;<b>Laboratorium Oceny Nasion pod wzgl\u0119dem:<\/b><\/p>\n<p>\u2705<b>kie\u0142kowania<\/b><\/p>\n<p>\u2705<b>wilgotno\u015bci<\/b><\/p>\n<p>\u2705<b>czysto\u015bci ziarna<\/b><\/p>\n<p><b>Dzi\u0119ki czemu udost\u0119pniane nasiona s\u0105 \u015bci\u015ble wyselekcjonowane, tylko wysokiej klasy.<\/b><\/p>\n<p>Torebki zakupione na naszej aukcji s\u0105 w pe\u0142ni bezpieczne, posiadaj\u0105&nbsp;<b>dat\u0119 wa\u017cno\u015bci i nr partii na opakowaniu.<\/b>&nbsp;Gwarantujemy r\u00f3wnie\u017c jako\u015b\u0107 i oryginalno\u015b\u0107 produkt\u00f3w, poniewa\u017c s\u0105 nabywane bezpo\u015brednio od producenta.<\/p>\n<\/section><\/div>\n<\/section>\n<section class=\"section\">\n<div class=\"item item-12\">\n<section class=\"image-item\"><img decoding=\"async\" src=\"https:\/\/upload.cdn.baselinker.com\/products\/3018170\/9e9bd3f2d3b45f6e56ab8012647cfb3b.jpg\" \/><\/section>\n<\/p><\/div>\n<\/section>\n<section class=\"section\">\n<div class=\"item item-12\">\n<section class=\"image-item\"><img decoding=\"async\" src=\"https:\/\/upload.cdn.baselinker.com\/products\/3018170\/5b5e0cb9a7029975a322ceff6b8eaf42.jpg\" \/><\/section>\n<\/p><\/div>\n<\/section>\n<section class=\"section\">\n<div class=\"item item-12\">\n<section class=\"image-item\"><img decoding=\"async\" src=\"https:\/\/upload.cdn.baselinker.com\/products\/3018170\/c42dd70269c2aeb32616121387b7b187.jpg\" \/><\/section>\n<\/p><\/div>\n<\/section>\n","protected":false},"excerpt":{"rendered":"<p>NASIONA WARZYW Og\u00f3rek gruntowy ARES F1 chrupki bez goryczki odporny Og\u00f3rek gruntowy ARES F1 Odmiana \u015brednio wczesna, odporna na choroby. Og\u00f3rki niezwykle chrupkie, bez goryczki, s\u0105 d\u0142ugie i bardzo kszta\u0142tne.&nbsp; Sk\u00f3rka intensywnie zielona z bia\u0142ymi pasami i lekkim po\u0142yskiem. Brodawki \u015bredniej wielko\u015bci. Idealnie nadaje si\u0119 do kiszenia, konserwowania, szczeg\u00f3lnie na korniszony. Siew gniazdowo po 2-3&#8230;<\/p>\n","protected":false},"featured_media":25557,"comment_status":"open","ping_status":"closed","template":"","meta":{"inline_featured_image":false},"product_cat":[126,162,190],"product_tag":[],"location":[],"class_list":{"0":"post-25559","1":"product","2":"type-product","3":"status-publish","4":"has-post-thumbnail","6":"product_cat-nasiona-warzyw","7":"product_cat-nasiona","8":"product_cat-nasiona-ogorka","9":"nt-post-class","10":"","13":"excerpt-none","16":"first","17":"instock","18":"shipping-taxable","19":"purchasable","20":"product-type-simple"},"_links":{"self":[{"href":"https:\/\/boskienasiona.pl\/en\/wp-json\/wp\/v2\/product\/25559","targetHints":{"allow":["GET"]}}],"collection":[{"href":"https:\/\/boskienasiona.pl\/en\/wp-json\/wp\/v2\/product"}],"about":[{"href":"https:\/\/boskienasiona.pl\/en\/wp-json\/wp\/v2\/types\/product"}],"replies":[{"embeddable":true,"href":"https:\/\/boskienasiona.pl\/en\/wp-json\/wp\/v2\/comments?post=25559"}],"version-history":[{"count":0,"href":"https:\/\/boskienasiona.pl\/en\/wp-json\/wp\/v2\/product\/25559\/revisions"}],"wp:featuredmedia":[{"embeddable":true,"href":"https:\/\/boskienasiona.pl\/en\/wp-json\/wp\/v2\/media\/25557"}],"wp:attachment":[{"href":"https:\/\/boskienasiona.pl\/en\/wp-json\/wp\/v2\/media?parent=25559"}],"wp:term":[{"taxonomy":"product_cat","embeddable":true,"href":"https:\/\/boskienasiona.pl\/en\/wp-json\/wp\/v2\/product_cat?post=25559"},{"taxonomy":"product_tag","embeddable":true,"href":"https:\/\/boskienasiona.pl\/en\/wp-json\/wp\/v2\/product_tag?post=25559"},{"taxonomy":"location","embeddable":true,"href":"https:\/\/boskienasiona.pl\/en\/wp-json\/wp\/v2\/location?post=25559"}],"curies":[{"name":"wp","href":"https:\/\/api.w.org\/{rel}","templated":true}]}}